{"id":21897,"date":"2026-04-13T10:24:32","date_gmt":"2026-04-13T08:24:32","guid":{"rendered":"https:\/\/www.sebworld-auktionen.de\/produkt\/framed-art-print-joan-miro-le-lezard-aux-plumes-dor"},"modified":"2026-04-13T10:24:32","modified_gmt":"2026-04-13T08:24:32","slug":"framed-art-print-joan-miro-le-lezard-aux-plumes-dor","status":"publish","type":"product","link":"https:\/\/www.sebworld-auktionen.de\/en\/lots\/framed-art-print-joan-miro-le-lezard-aux-plumes-dor","title":{"rendered":"Framed Art Print &#8220;Joan Mir\u00f3 &#8211; Le L\u00e9zard aux plumes d&#8217;or&#8221;"},"content":{"rendered":"<p>Joan Mir\u00f3 &#8211; Le L\u00e9zard aux plumes d&#8217;or, 1971<br \/>\nPrint on paper | black wooden frame | H: 76cm | W: 205cm<br \/>\nPrint from 1993<\/p>\n<p>*Viewing &amp; Pick-up: Redcarstr. 3, 53842 Troisdorf* <\/p>\n","protected":false},"excerpt":{"rendered":"<p>Joan Mir\u00f3 &#8211; Le L\u00e9zard aux plumes d&#8217;or, 1971 Print on paper | black wooden frame | H: 76cm | W: 205cm Print from 1993 *Viewing &amp; Pick-up: Redcarstr. 3, 53842 Troisdorf*<\/p>\n","protected":false},"featured_media":13902,"template":"","meta":{"_acf_changed":false},"product_brand":[],"product_cat":[190],"product_tag":[],"class_list":{"0":"post-21897","1":"product","2":"type-product","3":"status-publish","4":"has-post-thumbnail","6":"product_cat-paintings","8":"first","9":"instock","10":"taxable","11":"shipping-taxable","12":"purchasable","13":"product-type-auction"},"acf":[],"_links":{"self":[{"href":"https:\/\/www.sebworld-auktionen.de\/en\/wp-json\/wp\/v2\/product\/21897","targetHints":{"allow":["GET"]}}],"collection":[{"href":"https:\/\/www.sebworld-auktionen.de\/en\/wp-json\/wp\/v2\/product"}],"about":[{"href":"https:\/\/www.sebworld-auktionen.de\/en\/wp-json\/wp\/v2\/types\/product"}],"wp:featuredmedia":[{"embeddable":true,"href":"https:\/\/www.sebworld-auktionen.de\/en\/wp-json\/wp\/v2\/media\/13902"}],"wp:attachment":[{"href":"https:\/\/www.sebworld-auktionen.de\/en\/wp-json\/wp\/v2\/media?parent=21897"}],"wp:term":[{"taxonomy":"product_brand","embeddable":true,"href":"https:\/\/www.sebworld-auktionen.de\/en\/wp-json\/wp\/v2\/product_brand?post=21897"},{"taxonomy":"product_cat","embeddable":true,"href":"https:\/\/www.sebworld-auktionen.de\/en\/wp-json\/wp\/v2\/product_cat?post=21897"},{"taxonomy":"product_tag","embeddable":true,"href":"https:\/\/www.sebworld-auktionen.de\/en\/wp-json\/wp\/v2\/product_tag?post=21897"}],"curies":[{"name":"wp","href":"https:\/\/api.w.org\/{rel}","templated":true}]}}