{"id":12339,"date":"2026-02-16T16:24:53","date_gmt":"2026-02-16T15:24:53","guid":{"rendered":"https:\/\/www.sebworld-auktionen.de\/servicio-de-entrega"},"modified":"2026-04-08T15:22:08","modified_gmt":"2026-04-08T13:22:08","slug":"servicio-de-entrega","status":"publish","type":"page","link":"https:\/\/www.sebworld-auktionen.de\/es\/servicio-de-entrega","title":{"rendered":"Servicio de entrega"},"content":{"rendered":"\n<h1 class=\"wp-block-heading\">Servicio de entrega a trav\u00e9s de empresas de transporte asociadas<\/h1>\n\n<p>Nos complace recomendarle las siguientes empresas externas de transporte.  <br\/>S\u00f3lo tiene que informarse sobre ellos y encargar la entrega.<\/p>\n\n<p><strong>TDS &#8211; Transportdienste Stra\u00dfburg (activo en toda Alemania)<\/strong><br\/>Timo Mark Stra\u00dfburg<br\/>Heider Chaussee 30<br\/>29451 Dannenberg<br\/>Tel.: 0174 \/ 7507185<br\/>E-mail: info@tstransportdienste.de<\/p>\n\n<p><strong>Lastentaxi D\u00fcsseldorf (activa en toda Alemania)<\/strong><br\/>Erkrather Str. 296<br\/>40231 D\u00fcsseldorf<br\/>Tel.: 0211 \/ 7119789<br\/>Mobil: 0172 \/ 6179741<br\/>E-Mail: info@lastentaxi-duesseldorf.de<\/p>\n\n<p><strong>Lastentaxi K\u00f6ln (activo en NRW)<br\/><\/strong>Luxemburger Str. 266<br\/>50937 K\u00f6ln<br\/>M\u00f3vil: 0152 \/ 31844481<br\/>E-Mail: moebelkutsche@gmail.com<\/p>\n\n<p><strong>TD Deluxe<\/strong><br\/>Donatusstr. 102<br\/>50259 Pulheim<br\/>M\u00f3vil: 0176 107 165 15<br\/>Correo electr\u00f3nico: info@transportdienste-deluxe.de <\/p>\n\n<p><strong>Nuestro servicio Socio m\u00f3vil<br\/><\/strong><em>(ampliaciones y transformaciones de muebles USM existentes)<\/em><br\/>TD Deluxe<br\/>Donatusstr. 102<br\/>50259 Pulheim<br\/>M\u00f3vil: 0176 107 165 15<br\/>Correo electr\u00f3nico: s.deyna@transportdienste-deluxe.de <\/p>\n","protected":false},"excerpt":{"rendered":"<p>Servicio de entrega a trav\u00e9s de empresas de transporte asociadas Nos complace recomendarle las siguientes empresas externas de transporte. S\u00f3lo tiene que informarse sobre ellos y encargar la entrega. TDS &#8211; Transportdienste Stra\u00dfburg (activo en toda Alemania)Timo Mark Stra\u00dfburgHeider Chaussee 3029451 DannenbergTel.: 0174 \/ 7507185E-mail: info@tstransportdienste.de Lastentaxi D\u00fcsseldorf (activa en toda Alemania)Erkrather Str. 29640231 D\u00fcsseldorfTel.: [&hellip;]<\/p>\n","protected":false},"author":1,"featured_media":0,"parent":0,"menu_order":0,"comment_status":"closed","ping_status":"closed","template":"","meta":{"_acf_changed":false,"footnotes":""},"class_list":["post-12339","page","type-page","status-publish","hentry"],"acf":[],"_links":{"self":[{"href":"https:\/\/www.sebworld-auktionen.de\/es\/wp-json\/wp\/v2\/pages\/12339","targetHints":{"allow":["GET"]}}],"collection":[{"href":"https:\/\/www.sebworld-auktionen.de\/es\/wp-json\/wp\/v2\/pages"}],"about":[{"href":"https:\/\/www.sebworld-auktionen.de\/es\/wp-json\/wp\/v2\/types\/page"}],"author":[{"embeddable":true,"href":"https:\/\/www.sebworld-auktionen.de\/es\/wp-json\/wp\/v2\/users\/1"}],"replies":[{"embeddable":true,"href":"https:\/\/www.sebworld-auktionen.de\/es\/wp-json\/wp\/v2\/comments?post=12339"}],"version-history":[{"count":1,"href":"https:\/\/www.sebworld-auktionen.de\/es\/wp-json\/wp\/v2\/pages\/12339\/revisions"}],"predecessor-version":[{"id":12340,"href":"https:\/\/www.sebworld-auktionen.de\/es\/wp-json\/wp\/v2\/pages\/12339\/revisions\/12340"}],"wp:attachment":[{"href":"https:\/\/www.sebworld-auktionen.de\/es\/wp-json\/wp\/v2\/media?parent=12339"}],"curies":[{"name":"wp","href":"https:\/\/api.w.org\/{rel}","templated":true}]}}