{"id":12363,"date":"2025-05-12T14:52:21","date_gmt":"2025-05-12T12:52:21","guid":{"rendered":"https:\/\/www.sebworld-auktionen.de\/contacte-con-nosotros"},"modified":"2026-04-08T15:22:47","modified_gmt":"2026-04-08T13:22:47","slug":"contacte-con-nosotros","status":"publish","type":"page","link":"https:\/\/www.sebworld-auktionen.de\/es\/contacte-con-nosotros","title":{"rendered":"Contacte con nosotros"},"content":{"rendered":"\n<p><strong>Sebworld Auctions<\/strong><br\/>Bonner Stra\u00dfe 40<br\/>53842 Troisdorf<br\/>Alemania<\/p>\n\n<p><strong>Soporte:<\/strong> +49 160 18 17 696<br\/><strong>Correo electr\u00f3nico:<\/strong> <a href=\"mailto:info@sebworld-auktionen.de\">info@sebworld-auktionen.de<\/a><\/p>\n\n<p>Aqu\u00ed puede enviar productos a subasta como particular o como peque\u00f1o cliente comercial. Responderemos a su consulta lo antes posible<\/p>\n\n<h3 class=\"wp-block-heading\">Formulario de contacto para consultas<\/h3>\n<form method=\"post\" class=\"acfe-form\" data-cid=\"69d8b87a4abd1\">\t<div id=\"acf-form-data\" class=\"acf-hidden\">\n\t\t<input type=\"hidden\" id=\"_acf_screen\" name=\"_acf_screen\" value=\"acfe_form\"\/><input type=\"hidden\" id=\"_acf_post_id\" name=\"_acf_post_id\" value=\"12363\"\/><input type=\"hidden\" id=\"_acf_validation\" name=\"_acf_validation\" value=\"1\"\/><input type=\"hidden\" id=\"_acf_form\" name=\"_acf_form\" value=\"QkJqZGw2M1I2b0FXaGtHczRJbUc5UTcxbFpLL1g3R0VSSWQrdzZKeXhhbXdteGd5YS9seC91UmZxQjdpa3RCQVhMVTdZTGhyZm10TmVaNXdPVFZ5ampRc3k1L3VzZWp3a3dkb2pUZ3pqVU5QWE1LVEVZMW1vT1ZWdHdVclBGS0dEVjR3M2xQZzAwMWtxMzNLT1VIaFhXV01Sc05hd2JkVVpQWUowRXhQaVJzaGppWHFaUzdsY2NremRnOWRDUy9Na2FXTHZxa055N3JvVStlQ1NaRlFvVll4U24xcUdub3F0V1pWZVExRnFycFhzdTNnazdwV1JIZU5id1VnRjUydU9NYXhFQkdkdzBIam81VW0wSVRUZ2dBOG1EYXl6N1FHWHBUaW1rTjlMR0ZLNzRVUGYyNkp5blM5T3F1ekZoUm9jYmhENmlyRnZtUFJ3L3EzOXE2c3pPMEtad0k2bVBBUkh2YWVVRnhnN1FZcDJHZUtUZG14MXE4SFhsY1JiVmNRQkhOUVdIVDJFdGx1eDBiNmlIVWQxYnE4QWpmbUVUNnpSRWlTQWFYN2pTS1RTZzMyZkRZQUpMdlVDakF1YVBaT1JnZ1lBY2VwMGE3WkNyV0JvNVVTYUxXOFIvUG9nWmU1bXR5SkVXNGxkUjZ0QVhQOEdjcE96U2R3N3liT0Jxc2t4Y0NLc3d5QTh4bkdWVjM4d1ZFWVh1U25aZFVDZXNSamNTaVlGTUp4NGJYcVUxUDYwbElzd2ppK2tUTXlNVXlKQXV6K1BUVlFNN3B0cWQzZEFPSjNaaUJ4RFlyVUV3V0lZOWtXNWM5bDFTRm5HK20zNHhiVStIUDJ5QWFjcDVRcDR6d1JaRkJMdzRLZVFkZ3orbngyRjJwVXdWdGN0Qk0vNE9zZlN5VDBwaVFVZXV6Yk1DTGwrL2tNbk1xbHJTTi9pQzJYQTdrbm55VytuWjZtUGg4UjFZc2V1K0NaQzY3VjNIMEd0Y3ZVR3h3b3A1WStnbkFMUVJ6OGhhMGRpWDRyZnErQVAyL3MwQXB5YzhhUFREY3g1MkQwZ1g3RzZOek95NUI5R2Q1cG5QRGFUZU5HRURDejBmSlU4V0VnUUo3a090MTdjLzVJdkhPSzJzSlh2QnJFemtPQlAxRkNieFdOcC9Ea0Y0L0Q1WGtqNVBQbEJIQ0tIeFgvVzhXR0NqRktHNHRONzJLYkl0dGdYdXlQcldhazhuaWxQdkU5Nk9kOEZXTFFvcEJDYis0ZnBmWU5BQTYzdmU5M0g0NVJ4cVRrVnVMZVViL0VodkgzblBBRXBEajlVazdwQndvU1pEUFRRTE50aU1IU01iQVlTOElOaUlyUlA5SEZ6MVh1SkZYakNyVkFWRGhHZ3plcVp2eEExUThnMG44b1RJdXJYc1ZPOWNNRUlUdHRRZm5oQ2VTUkxYak9Hb3hHRi82MFhCTy80SDNTb2p4TjVoMGMraHpKV0dyeEs1QjloamJRcWpnSmdpNXJWcnh6RDBWMkRKSER6NWdXdy9ZbHJUUzJqSVdjMlNkb0VUdkxqMVhnaE4xNzJyMDc2LzFkV1FZWFBaTzNVNWtUTzBSRUtrTnFuV0R5WS9aUERuWHJSOGFRT01PTFNrSGY5bHk0SmFHUjU4Y0NpVzZraW1YakcxQitjbHBuVnV1Ly8xdTBpRDJhWVg4WVR1elBNbFJiWjhWL3Y4MGlOM1ltYlBDVnVpV05HaFJZQzdxbzVzUys3ME5VM3VoMytva1IwSnY2MStVcWpQdHpGY01JaVhSS05vakNpTDJHNGdHbktFaFdCVHRCWmMra2FmK1ZvVGV4d2JzbGdUSUdJbkkyREs2c2gyWWo4LzRhaFRVMlN1UjVUanhtcjVybytBRDJIZmc2T1poa0JiNXQycXNVb2F6c2QzK0grTGlPN0lGOUtUR1h2N2NWOCt4Um0xZkNtQk5jSUlodDFmbDhHcGhGVmZtd293VE42T1BscEtaQlNDZnNMRDVpeFhOK09aSjVlUnM0ZEt1aC9xTjZrSUpPeDdGYW90b3IxMEhiOjovRc1MPrZBOlVSrXxGica4\"\/><input type=\"hidden\" id=\"_acf_nonce\" name=\"_acf_nonce\" value=\"2de9a639c2\"\/><input type=\"hidden\" id=\"_acf_changed\" name=\"_acf_changed\" value=\"0\"\/><input type=\"hidden\" id=\"_acf_location[post_id]\" name=\"_acf_location[post_id]\" value=\"12363\"\/>\t<\/div>\n\t<div class=\"acf-fields acf-form-fields -top\"><div class=\"acf-field acf-field-text acf-field--validate-email\" style=\"display:none !important;\" data-name=\"_validate_email\" data-type=\"text\" data-key=\"_validate_email\">\n<div class=\"acf-label\">\n<label for=\"acf-_validate_email\">Validar correo electr\u00f3nico<\/label><\/div>\n<div class=\"acf-input\">\n<div class=\"acf-input-wrap\"><input type=\"text\" id=\"acf-_validate_email\" name=\"acf[_validate_email]\"\/><\/div><\/div>\n<\/div>\n<div class=\"acf-field acf-field-text acf-field-687b5678c3752 is-required\" style=\"width:33%;\" data-name=\"vorname\" data-type=\"text\" data-key=\"field_687b5678c3752\" data-required=\"1\" data-width=\"33\">\n<div class=\"acf-label\">\n<label for=\"acf-field_687b5678c3752\">Vorname <span class=\"acf-required\">*<\/span><\/label><\/div>\n<div class=\"acf-input\">\n<div class=\"acf-input-wrap\"><input type=\"text\" id=\"acf-field_687b5678c3752\" name=\"acf[field_687b5678c3752]\" required=\"required\"\/><\/div><\/div>\n<\/div>\n<div class=\"acf-field acf-field-text acf-field-687b57cb44f9a is-required\" style=\"width:33%;\" data-name=\"nachname\" data-type=\"text\" data-key=\"field_687b57cb44f9a\" data-required=\"1\" data-width=\"33\">\n<div class=\"acf-label\">\n<label for=\"acf-field_687b57cb44f9a\">Nachname <span class=\"acf-required\">*<\/span><\/label><\/div>\n<div class=\"acf-input\">\n<div class=\"acf-input-wrap\"><input type=\"text\" id=\"acf-field_687b57cb44f9a\" name=\"acf[field_687b57cb44f9a]\" required=\"required\"\/><\/div><\/div>\n<\/div>\n<div class=\"acf-field acf-field-email acf-field-687b5697c3753 is-required\" style=\"width:33%;\" data-name=\"e-mail-adresse\" data-type=\"email\" data-key=\"field_687b5697c3753\" data-required=\"1\" data-width=\"33\">\n<div class=\"acf-label\">\n<label for=\"acf-field_687b5697c3753\">E-Mail-Adresse <span class=\"acf-required\">*<\/span><\/label><\/div>\n<div class=\"acf-input\">\n<div class=\"acf-input-wrap\"><input type=\"email\" id=\"acf-field_687b5697c3753\" name=\"acf[field_687b5697c3753]\" required=\"required\"\/><\/div><\/div>\n<\/div>\n<div class=\"acf-field acf-field-file acf-field-687b579544f99\" style=\"width:50%;\" data-name=\"bilder\" data-type=\"file\" data-key=\"field_687b579544f99\" data-width=\"50\">\n<div class=\"acf-label\">\n<label for=\"acf-field_687b579544f99\">Bilder<\/label><\/div>\n<div class=\"acf-input\">\n<div class=\"acf-file-uploader\" data-library=\"all\" data-mime_types=\"\" data-uploader=\"basic\">\n\t\t\t<input type=\"hidden\" name=\"acf[field_687b579544f99]\" value=\"\" data-name=\"id\"\/>\t<div class=\"show-if-value file-wrap\" tabindex=\"0\" role=\"button\" aria-label=\"Archivo seleccionado. Pulsa la pesta\u00f1a para acceder a las opciones del archivo.\">\n\t\t<div class=\"file-icon\">\n\t\t\t<img decoding=\"async\" data-name=\"icon\" src=\"\" alt=\"\"\/>\n\t\t<\/div>\n\t\t<div class=\"file-info\">\n\t\t\t<p>\n\t\t\t\t<strong data-name=\"title\"><\/strong>\n\t\t\t<\/p>\n\t\t\t<p>\n\t\t\t\t<strong>Nombre del archivo:<\/strong>\n\t\t\t\t<a data-name=\"filename\" href=\"\" target=\"_blank\"><\/a>\n\t\t\t<\/p>\n\t\t\t<p>\n\t\t\t\t<strong>Tama\u00f1o del archivo:<\/strong>\n\t\t\t\t<span data-name=\"filesize\"><\/span>\n\t\t\t<\/p>\n\t\t<\/div>\n\t\t<div class=\"acf-actions -hover\">\n\t\t\t\t\t\t<a class=\"acf-icon -cancel dark\" data-name=\"remove\" href=\"#\" title=\"Quitar\" aria-label=\"Eliminar el archivo\"><\/a>\n\t\t<\/div>\n\t<\/div>\n\t<div class=\"hide-if-value\">\n\t\t\t\t\t\t\n\t\t\t\t\t\t\t\n\t\t\t<label class=\"acf-basic-uploader\">\n\t\t\t\t<input type=\"file\" name=\"acf[field_687b579544f99]\" id=\"acf-field_687b579544f99\" key=\"field_687b579544f99\" \/><input type=\"hidden\" name=\"acf[field_687b579544f99_file_nonce]\" value=\"6c3f791145\" \/>\t\t\t<\/label>\n\t\t\t\n\t\t\t\t\n\t<\/div>\n<\/div>\n\t\t\t<\/div>\n<\/div>\n<div class=\"acf-field acf-field-select acf-field-687b57eb44f9b\" style=\"width:50%;\" data-name=\"zustand\" data-type=\"select\" data-key=\"field_687b57eb44f9b\" data-width=\"50\">\n<div class=\"acf-label\">\n<label for=\"acf-field_687b57eb44f9b\">Zustand<\/label><\/div>\n<div class=\"acf-input\">\n<select id=\"acf-field_687b57eb44f9b\" class=\"\" name=\"acf[field_687b57eb44f9b]\" data-ui=\"0\" data-ajax=\"0\" data-multiple=\"0\" data-placeholder=\"Selecciona\" data-allow_null=\"0\"><option value=\"Neuwertig ohne Gebrauchsspuren\">Neuwertig ohne Gebrauchsspuren<\/option><option value=\"Leichte Gebrauchsspuren oder Kratzer\">Leichte Gebrauchsspuren oder Kratzer<\/option><option value=\"Deutliche Gebrauchsspuren\">Deutliche Gebrauchsspuren<\/option><\/select><\/div>\n<\/div>\n<div class=\"acf-field acf-field-textarea acf-field-687b56acc3754\" data-name=\"artikelbeschreibung\" data-type=\"textarea\" data-key=\"field_687b56acc3754\">\n<div class=\"acf-label\">\n<label for=\"acf-field_687b56acc3754\">Artikelbeschreibung<\/label><\/div>\n<div class=\"acf-input\">\n<textarea id=\"acf-field_687b56acc3754\" name=\"acf[field_687b56acc3754]\" rows=\"8\"><\/textarea><\/div>\n<\/div>\n<\/div>            <div class=\"acf-form-submit\">\r\n                \r\n                <input type=\"submit\" class=\"acf-button button button-primary button-large\" value=\"Senden\" \/>                <span class=\"acf-spinner\"><\/span>\r\n            <\/div>\r\n        <\/form>\n","protected":false},"excerpt":{"rendered":"<p>Sebworld AuctionsBonner Stra\u00dfe 4053842 TroisdorfAlemania Soporte: +49 160 18 17 696Correo electr\u00f3nico: info@sebworld-auktionen.de Aqu\u00ed puede enviar productos a subasta como particular o como peque\u00f1o cliente comercial. Responderemos a su consulta lo antes posible Formulario de contacto para consultas<\/p>\n","protected":false},"author":1,"featured_media":0,"parent":0,"menu_order":100,"comment_status":"closed","ping_status":"closed","template":"","meta":{"_acf_changed":false,"footnotes":""},"class_list":["post-12363","page","type-page","status-publish","hentry"],"acf":[],"_links":{"self":[{"href":"https:\/\/www.sebworld-auktionen.de\/es\/wp-json\/wp\/v2\/pages\/12363","targetHints":{"allow":["GET"]}}],"collection":[{"href":"https:\/\/www.sebworld-auktionen.de\/es\/wp-json\/wp\/v2\/pages"}],"about":[{"href":"https:\/\/www.sebworld-auktionen.de\/es\/wp-json\/wp\/v2\/types\/page"}],"author":[{"embeddable":true,"href":"https:\/\/www.sebworld-auktionen.de\/es\/wp-json\/wp\/v2\/users\/1"}],"replies":[{"embeddable":true,"href":"https:\/\/www.sebworld-auktionen.de\/es\/wp-json\/wp\/v2\/comments?post=12363"}],"version-history":[{"count":1,"href":"https:\/\/www.sebworld-auktionen.de\/es\/wp-json\/wp\/v2\/pages\/12363\/revisions"}],"predecessor-version":[{"id":12364,"href":"https:\/\/www.sebworld-auktionen.de\/es\/wp-json\/wp\/v2\/pages\/12363\/revisions\/12364"}],"wp:attachment":[{"href":"https:\/\/www.sebworld-auktionen.de\/es\/wp-json\/wp\/v2\/media?parent=12363"}],"curies":[{"name":"wp","href":"https:\/\/api.w.org\/{rel}","templated":true}]}}