{"id":12373,"date":"2025-05-12T15:19:19","date_gmt":"2025-05-12T13:19:19","guid":{"rendered":"https:\/\/www.sebworld-auktionen.de\/sobre-nosotros"},"modified":"2026-04-08T15:23:08","modified_gmt":"2026-04-08T13:23:08","slug":"sobre-nosotros","status":"publish","type":"page","link":"https:\/\/www.sebworld-auktionen.de\/es\/sobre-nosotros","title":{"rendered":"Sobre nosotros"},"content":{"rendered":"\n<p><strong>Sebworld Auctions<\/strong> es la nueva plataforma para quien busque muebles de oficina de segunda mano de alta calidad a precios de ganga. Ya sean muebles de dise\u00f1o de USM Haller, Vitra, Cassina o Knoll, aqu\u00ed podr\u00e1 comprar mesas, sillas, sillones, l\u00e1mparas e incluso plantas con estilo procedentes de liquidaciones de obra, liquidaciones de almac\u00e9n e insolvencias. Los muebles usados aportan car\u00e1cter y calidad a cualquier oficina.  <\/p>\n","protected":false},"excerpt":{"rendered":"<p>Sebworld Auctions es la nueva plataforma para quien busque muebles de oficina de segunda mano de alta calidad a precios de ganga. Ya sean muebles de dise\u00f1o de USM Haller, Vitra, Cassina o Knoll, aqu\u00ed podr\u00e1 comprar mesas, sillas, sillones, l\u00e1mparas e incluso plantas con estilo procedentes de liquidaciones de obra, liquidaciones de almac\u00e9n e [&hellip;]<\/p>\n","protected":false},"author":1,"featured_media":0,"parent":0,"menu_order":50,"comment_status":"closed","ping_status":"closed","template":"","meta":{"_acf_changed":false,"footnotes":""},"class_list":["post-12373","page","type-page","status-publish","hentry"],"acf":[],"_links":{"self":[{"href":"https:\/\/www.sebworld-auktionen.de\/es\/wp-json\/wp\/v2\/pages\/12373","targetHints":{"allow":["GET"]}}],"collection":[{"href":"https:\/\/www.sebworld-auktionen.de\/es\/wp-json\/wp\/v2\/pages"}],"about":[{"href":"https:\/\/www.sebworld-auktionen.de\/es\/wp-json\/wp\/v2\/types\/page"}],"author":[{"embeddable":true,"href":"https:\/\/www.sebworld-auktionen.de\/es\/wp-json\/wp\/v2\/users\/1"}],"replies":[{"embeddable":true,"href":"https:\/\/www.sebworld-auktionen.de\/es\/wp-json\/wp\/v2\/comments?post=12373"}],"version-history":[{"count":1,"href":"https:\/\/www.sebworld-auktionen.de\/es\/wp-json\/wp\/v2\/pages\/12373\/revisions"}],"predecessor-version":[{"id":12374,"href":"https:\/\/www.sebworld-auktionen.de\/es\/wp-json\/wp\/v2\/pages\/12373\/revisions\/12374"}],"wp:attachment":[{"href":"https:\/\/www.sebworld-auktionen.de\/es\/wp-json\/wp\/v2\/media?parent=12373"}],"curies":[{"name":"wp","href":"https:\/\/api.w.org\/{rel}","templated":true}]}}