{"id":12421,"date":"2025-05-12T14:51:51","date_gmt":"2025-05-12T12:51:51","guid":{"rendered":"https:\/\/www.sebworld-auktionen.de\/pie-de-imprenta"},"modified":"2026-04-08T15:31:02","modified_gmt":"2026-04-08T13:31:02","slug":"pie-de-imprenta","status":"publish","type":"page","link":"https:\/\/www.sebworld-auktionen.de\/es\/pie-de-imprenta","title":{"rendered":"Pie de imprenta"},"content":{"rendered":"\n<p><strong>Empresa Lutz Stohr &#8211; Sebworld<\/strong><br\/>Propietario: Lutz Stohr e. Kfm.<br\/>Bonner Stra\u00dfe 40<br\/>53842 Troisdorf<br\/>Alemania<br\/>E-Mail: info@sebworld.de<\/p>\n\n<p>N\u00famero de identificaci\u00f3n fiscal: DE 812693843<br\/>N\u00famero de empresa: HRA 6484<\/p>\n\n<p>Datos bancarios<br\/>IBAN: DE45 3707 0024 0313 3899 02<br\/>BIC: DEUTDEDBKOE<br\/>Deutsche Bank<\/p>\n","protected":false},"excerpt":{"rendered":"<p>Empresa Lutz Stohr &#8211; SebworldPropietario: Lutz Stohr e. Kfm.Bonner Stra\u00dfe 4053842 TroisdorfAlemaniaE-Mail: info@sebworld.de N\u00famero de identificaci\u00f3n fiscal: DE 812693843N\u00famero de empresa: HRA 6484 Datos bancariosIBAN: DE45 3707 0024 0313 3899 02BIC: DEUTDEDBKOEDeutsche Bank<\/p>\n","protected":false},"author":1,"featured_media":0,"parent":0,"menu_order":101,"comment_status":"closed","ping_status":"closed","template":"","meta":{"_acf_changed":false,"footnotes":""},"class_list":["post-12421","page","type-page","status-publish","hentry"],"acf":[],"_links":{"self":[{"href":"https:\/\/www.sebworld-auktionen.de\/es\/wp-json\/wp\/v2\/pages\/12421","targetHints":{"allow":["GET"]}}],"collection":[{"href":"https:\/\/www.sebworld-auktionen.de\/es\/wp-json\/wp\/v2\/pages"}],"about":[{"href":"https:\/\/www.sebworld-auktionen.de\/es\/wp-json\/wp\/v2\/types\/page"}],"author":[{"embeddable":true,"href":"https:\/\/www.sebworld-auktionen.de\/es\/wp-json\/wp\/v2\/users\/1"}],"replies":[{"embeddable":true,"href":"https:\/\/www.sebworld-auktionen.de\/es\/wp-json\/wp\/v2\/comments?post=12421"}],"version-history":[{"count":1,"href":"https:\/\/www.sebworld-auktionen.de\/es\/wp-json\/wp\/v2\/pages\/12421\/revisions"}],"predecessor-version":[{"id":12422,"href":"https:\/\/www.sebworld-auktionen.de\/es\/wp-json\/wp\/v2\/pages\/12421\/revisions\/12422"}],"wp:attachment":[{"href":"https:\/\/www.sebworld-auktionen.de\/es\/wp-json\/wp\/v2\/media?parent=12421"}],"curies":[{"name":"wp","href":"https:\/\/api.w.org\/{rel}","templated":true}]}}