{"id":12574,"date":"2025-05-12T15:18:33","date_gmt":"2025-05-12T13:18:33","guid":{"rendered":"https:\/\/www.sebworld-auktionen.de\/?page_id=12574"},"modified":"2026-04-08T15:43:14","modified_gmt":"2026-04-08T13:43:14","slug":"condiciones-generales-cg-para-las-subastas-en-linea-de-sebworld-online-auctions","status":"publish","type":"page","link":"https:\/\/www.sebworld-auktionen.de\/es\/condiciones-generales-cg-para-las-subastas-en-linea-de-sebworld-online-auctions","title":{"rendered":"Condiciones Generales (CG) para las subastas en l\u00ednea de Sebworld Online Auctions"},"content":{"rendered":"\n<p>A fecha de 12 de enero de 2026<\/p>\n\n\n\n<p>\u00a7 1 Alcance, definiciones y objeto del contrato<\/p>\n\n\n\n<p>(1) \u00c1mbito de aplicaci\u00f3n: Estas Condiciones Generales (en adelante, \u00abCG\u00bb) se aplican a la participaci\u00f3n en todas las subastas (en adelante, \u00absubastas\u00bb) realizadas por Lutz Stohr, Sebworld.de, Bonner Stra\u00dfe 40, D \u2013 53842 Troisdorf (en adelante, \u00absebworld\u00bb o \u00abnosotros\u00bb) a trav\u00e9s de la plataforma de internet www.sebworld-auktionen.de (en adelante, \u00abplataforma\u00bb) y como eventos presenciales de acceso p\u00fablico.<\/p>\n\n\n\n<p>(2) Partes contratantes: Esta oferta est\u00e1 dirigida tanto a consumidores en el sentido del art\u00edculo 13 del C\u00f3digo Civil alem\u00e1n (BGB) como a empresas en el sentido del art\u00edculo 14 del C\u00f3digo Civil alem\u00e1n (BGB) (en adelante, denominados colectivamente \u00abusuarios\u00bb o \u00ablicitadores\u00bb). Un consumidor es toda persona f\u00edsica que celebra un negocio jur\u00eddico con fines que no son predominantemente atribuibles a su actividad comercial ni a su actividad profesional independiente. Una empresa es una persona f\u00edsica o jur\u00eddica o una sociedad con capacidad jur\u00eddica que, al celebrar un negocio jur\u00eddico, act\u00faa en el ejercicio de su actividad comercial o profesional independiente.<\/p>\n\n\n\n<p>(3) Objeto del contrato: El objeto de las subastas son muebles usados, en particular cl\u00e1sicos del dise\u00f1o (en adelante, \u00abart\u00edculos de subasta\u00bb). Los art\u00edculos de subasta son vendidos por sebworld bien en su propio nombre y por cuenta propia (bienes propios) bien en su propio nombre y por cuenta del propietario (bienes en consignaci\u00f3n) bien en nombre y por cuenta del propietario.<\/p>\n\n\n\n<p>(4) Orden de prelaci\u00f3n: Estos T\u00e9rminos y Condiciones se aplican exclusivamente. Cualquier t\u00e9rmino o condici\u00f3n diferente, contradictorio o complementario del usuario solo formar\u00e1 parte del contrato si y en la medida en que hayamos acordado expresamente su validez por escrito. Los acuerdos individuales celebrados con el usuario en casos espec\u00edficos siempre prevalecer\u00e1n sobre estos T\u00e9rminos y Condiciones. Adem\u00e1s de estos T\u00e9rminos y Condiciones, tambi\u00e9n se aplicar\u00e1n la informaci\u00f3n de la subasta y las disposiciones legales. En caso de conflicto, la informaci\u00f3n de la subasta prevalecer\u00e1 sobre los T\u00e9rminos y Condiciones. Las disposiciones legales tendr\u00e1n prioridad en tercer lugar.<\/p>\n\n\n\n<p>\u00a7 2 Cuenta de usuario y requisitos para participar<\/p>\n\n\n\n<p>(1) Registro: La participaci\u00f3n en las subastas requiere la creaci\u00f3n de una cuenta de usuario gratuita en la plataforma. Pueden participar las personas f\u00edsicas con plena capacidad jur\u00eddica mayores de 18 a\u00f1os, as\u00ed como las personas jur\u00eddicas.<\/p>\n\n\n\n<p>(2) Proceso de registro: Para registrarse, deber\u00e1 proporcionar de forma completa y veraz los datos solicitados en el formulario de registro, en particular nombre, direcci\u00f3n y una direcci\u00f3n de correo electr\u00f3nico v\u00e1lida. El usuario tambi\u00e9n deber\u00e1 indicar si act\u00faa como consumidor o como empresa. El registro se completa al confirmar un enlace de activaci\u00f3n enviado a la direcci\u00f3n de correo electr\u00f3nico proporcionada. Antes de finalizar el registro, el usuario deber\u00e1 confirmar la aceptaci\u00f3n de estos T\u00e9rminos y Condiciones y el reconocimiento de la Pol\u00edtica de Privacidad marcando la casilla correspondiente.<\/p>\n\n\n\n<p>(3) Gesti\u00f3n de la cuenta: El usuario est\u00e1 obligado a mantener su contrase\u00f1a en secreto y a proteger cuidadosamente el acceso a su cuenta. Es responsable de todas las actividades realizadas a trav\u00e9s de su cuenta, salvo que no sea responsable del uso indebido.<\/p>\n\n\n\n<p>(4) Bloqueo y Terminaci\u00f3n: sebworld tiene derecho a bloquear temporal o permanentemente una cuenta de usuario si existen pruebas de incumplimiento de estos T\u00e9rminos y Condiciones, de la legislaci\u00f3n aplicable o de un uso indebido de la cuenta. El usuario puede solicitar la eliminaci\u00f3n de su cuenta envi\u00e1ndonos una notificaci\u00f3n por escrito (por ejemplo, por correo electr\u00f3nico a info@sebworld.de).<\/p>\n\n\n\n<p>(5) Comunicaci\u00f3n: Toda comunicaci\u00f3n relevante para la relaci\u00f3n contractual (por ejemplo, facturas, confirmaciones de contrato, informaci\u00f3n sobre la adjudicaci\u00f3n) se enviar\u00e1 exclusivamente electr\u00f3nicamente a la direcci\u00f3n de correo electr\u00f3nico almacenada en la cuenta del usuario.<\/p>\n\n\n\n<p>El usuario es el \u00fanico responsable de crear los requisitos t\u00e9cnicos necesarios para recibir correos electr\u00f3nicos.<\/p>\n\n\n\n<p>\u00a7 3 Oportunidad de inspecci\u00f3n<\/p>\n\n\n\n<p>Los art\u00edculos de la subasta podr\u00e1n verse antes de que comience, durante un per\u00edodo espec\u00edfico en la ubicaci\u00f3n indicada en la descripci\u00f3n de la misma. La fecha y la hora se anunciar\u00e1n en la plataforma cuando se active la subasta.<\/p>\n\n\n\n<p>Recomendamos a todos los postores que aprovechen esta oportunidad para verificar el estado del art\u00edculo correspondiente.<\/p>\n\n\n\n<p>\u00a7 4 Procedimiento de subasta y licitaci\u00f3n<\/p>\n\n\n\n<p>(1) Naturaleza jur\u00eddica: Las subastas son subastas p\u00fablicas de conformidad con los art\u00edculos 474, apartado 2, y 312g, apartado 2, n\u00famero 10, del C\u00f3digo Civil alem\u00e1n (BGB). Por lo tanto, los consumidores no tienen derecho de desistimiento respecto de los contratos celebrados mediante la adjudicaci\u00f3n de la puja en la subasta.<\/p>\n\n\n\n<p>(2) Periodo de subasta: Cada subasta se desarrolla dentro de un periodo definido (inicio y fin de la subasta). El periodo aplicable al art\u00edculo correspondiente se muestra en la p\u00e1gina del art\u00edculo en la plataforma. La hora del sistema de la plataforma es determinante en el caso de una subasta en l\u00ednea.<\/p>\n\n\n\n<p>(3) Precio inicial e incrementos de puja: Cada art\u00edculo de la subasta se ofrece con un precio inicial. Las pujas solo se pueden realizar en los incrementos m\u00ednimos especificados en la p\u00e1gina del art\u00edculo.<\/p>\n\n\n\n<p>(4) Oferta: Una oferta constituye una propuesta legalmente vinculante del postor para celebrar un contrato de compraventa. La oferta caduca si otro postor presenta una oferta superior durante el per\u00edodo de subasta. No es posible retirar la oferta.<\/p>\n\n\n\n<p>Un contrato se formaliza mediante licitaci\u00f3n y adjudicaci\u00f3n.<\/p>\n\n\n\n<p>(5) Agente de licitaci\u00f3n (oferta m\u00e1xima): Los licitadores pueden presentar una oferta m\u00e1xima. En este caso, el sistema puja autom\u00e1ticamente solo lo necesario para mantener la oferta m\u00e1xima, respetando los incrementos de oferta m\u00ednima, pero sin exceder la oferta m\u00e1xima especificada.<\/p>\n\n\n\n<p>(6) Pr\u00f3rroga de la duraci\u00f3n de la subasta: Si se recibe una oferta superior en el \u00faltimo minuto despu\u00e9s de que se haya presentado una oferta, el tiempo hasta la adjudicaci\u00f3n final se prorroga en un minuto cada vez. Este proceso se repite hasta que no se presente ninguna oferta nueva en el \u00faltimo minuto.<\/p>\n\n\n\n<p>(7) Exclusi\u00f3n de postores: Sebworld tiene derecho en casos individuales a excluir a los postores de participar en las subastas, en particular si hay dudas sobre la identidad, edad o solvencia del postor u otras razones que pongan en peligro la ejecuci\u00f3n de un contrato de compraventa celebrado (por ejemplo, el postor no ha recogido un art\u00edculo subastado ganado).<\/p>\n\n\n\n<p>(8) Prohibici\u00f3n de manipulaci\u00f3n<\/p>\n\n\n\n<p>Queda prohibido manipular el proceso de subasta mediante mecanismos como programas de francotirador, software, etc. Las ofertas adjudicadas como resultado de dicha manipulaci\u00f3n ser\u00e1n inv\u00e1lidas. Se reserva el derecho a emprender acciones legales civiles y penales.<\/p>\n\n\n\n<p>\u00a7 5 Adjudicaci\u00f3n y conclusi\u00f3n del contrato<\/p>\n\n\n\n<p>(1) Adjudicaci\u00f3n de la licitaci\u00f3n: La licitaci\u00f3n se adjudica al mejor postor al finalizar la subasta. La adjudicaci\u00f3n de la licitaci\u00f3n implica la aceptaci\u00f3n de la oferta del mejor postor. Con la adjudicaci\u00f3n de la licitaci\u00f3n, se formaliza un contrato de compraventa legalmente vinculante entre sebworld y el mejor postor. La oferta final puede ser inferior a la oferta m\u00e1xima.<\/p>\n\n\n\n<p>Cuando sebworld act\u00faa en nombre y por cuenta del propietario, el contrato de compraventa se formaliza entre el propietario y el licitador.<\/p>\n\n\n\n<p>Sebworld se reserva el derecho de rechazar la oferta o de retirar la oferta ganadora y volver a ofrecer el art\u00edculo si se pas\u00f3 por alto una oferta superior presentada a tiempo, si el mejor postor no desea aceptar su oferta o si existen otras dudas sobre la oferta ganadora. No existe ning\u00fan derecho legal sobre la oferta ganadora anterior.<\/p>\n\n\n\n<p>(2) Notificaci\u00f3n: El postor que presente la oferta m\u00e1s alta ser\u00e1 notificado de la adjudicaci\u00f3n por correo electr\u00f3nico. Este correo electr\u00f3nico contendr\u00e1 la confirmaci\u00f3n de la celebraci\u00f3n del contrato y toda la informaci\u00f3n legalmente requerida.<\/p>\n\n\n\n<p>(3) Car\u00e1cter vinculante de las ofertas: El licitador quedar\u00e1 obligado por su oferta presentada hasta que sea reemplazada por una oferta superior o por la adjudicaci\u00f3n a otro licitador.<\/p>\n\n\n\n<p>(4) Terminaci\u00f3n anticipada: sebworld tiene derecho a terminar una subasta anticipadamente si existe una raz\u00f3n leg\u00edtima para ello (por ejemplo, fallas t\u00e9cnicas graves que imposibiliten su correcta ejecuci\u00f3n o sospecha de manipulaci\u00f3n). Si ya se han presentado ofertas vinculantes, el contrato se celebrar\u00e1 con el mejor postor en el momento de la terminaci\u00f3n, a menos que el motivo de la terminaci\u00f3n se deba a la persona o la oferta del mejor postor.<\/p>\n\n\n\n<p>\u00a7 7 Precios, condiciones de pago y recargo<\/p>\n\n\n\n<p>(1) Componentes del precio: El precio total a pagar por el licitador se compone de: a) la puja m\u00e1s alta (precio de remate), b) una comisi\u00f3n del comprador del 18% sobre el precio de remate, c) el impuesto sobre el valor a\u00f1adido legal aplicable a la suma del precio de remate y la comisi\u00f3n del comprador. Todos los precios est\u00e1n expresados \u200b\u200ben euros (\u20ac).<\/p>\n\n\n\n<p>(2) Fecha de vencimiento y pago: El precio total vence inmediatamente despu\u00e9s de la aceptaci\u00f3n de la oferta y debe pagarse \u00edntegramente dentro de los siete (7) d\u00edas calendario siguientes a la recepci\u00f3n de la factura. El pago puede realizarse mediante transferencia bancaria o a trav\u00e9s de los servicios de pago en l\u00ednea ofrecidos en la plataforma.<\/p>\n\n\n\n<p>(3) Incumplimiento de pago: Si el licitador incumple con el pago, tenemos derecho a exigir intereses de demora al tipo legal vigente. Nos reservamos el derecho a reclamar da\u00f1os y perjuicios adicionales por dicho incumplimiento.<\/p>\n\n\n\n<p>\u00a7 8 Reserva de dominio<\/p>\n\n\n\n<p>La propiedad del art\u00edculo subastado se transfiere al postor \u00fanicamente tras el pago \u00edntegro del precio total. Antes de la transferencia completa de la propiedad, no se permite pignorar, ceder como garant\u00eda, procesar ni modificar el art\u00edculo sin nuestro consentimiento expreso.<\/p>\n\n\n\n<p>\u00a7 9 Cobro, Transferencia del Riesgo y Env\u00edo<\/p>\n\n\n\n<p>(1) Recogida: El postor est\u00e1 obligado a recoger el art\u00edculo subastado en nuestras instalaciones dentro de los diez (10) d\u00edas naturales siguientes a la recepci\u00f3n del pago completo (obligaci\u00f3n de recogida). Tras el pago de la factura, el postor recibir\u00e1 por correo electr\u00f3nico un comprobante de recogida. Este correo electr\u00f3nico tambi\u00e9n contiene un enlace a una herramienta de reserva donde el postor puede programar una cita para la recogida. La recogida se realiza en fechas fijas y predeterminadas. El art\u00edculo subastado solo se entregar\u00e1 al titular de dicho comprobante.<\/p>\n\n\n\n<p>El licitador garantiza que el comprobante de cobro no caer\u00e1 en manos de terceros no autorizados.<\/p>\n\n\n\n<p>(2) Transferencia del riesgo: a) Si el licitador es un consumidor, el riesgo de p\u00e9rdida o da\u00f1o accidental de los bienes vendidos se transfiere al licitador \u00fanicamente al momento de la entrega de los bienes al licitador o a un destinatario designado por este. b) Si el licitador es una empresa, el riesgo se transfiere al licitador tan pronto como hayamos puesto los bienes a su disposici\u00f3n para su recogida y le hayamos notificado al respecto.<\/p>\n\n\n\n<p>(3) Retraso en la recogida: Si el licitador no recoge el art\u00edculo dentro del plazo especificado en el apartado 1, incurrir\u00e1 en mora. Nos reservamos el derecho de cobrar una tasa de almacenamiento razonable de 10 \u20ac por d\u00eda. Transcurrido un plazo de gracia razonable que hayamos establecido para la recogida, nos reservamos el derecho de rescindir el contrato y reclamar da\u00f1os y perjuicios en lugar del cumplimiento.<\/p>\n\n\n\n<p>Sebworld tiene derecho a volver a subastar el art\u00edculo.<\/p>\n\n\n\n<p>(4) Env\u00edo: El art\u00edculo subastado solo se enviar\u00e1 bajo solicitud expresa y a cargo y riesgo del postor. En este caso, proporcionaremos un presupuesto aparte para los gastos de embalaje y env\u00edo. La contrataci\u00f3n de la empresa de transporte se realizar\u00e1 a nombre y por cuenta del postor.<\/p>\n\n\n\n<p>Art\u00edculo 10 Garant\u00eda (Responsabilidad por defectos materiales); Exclusi\u00f3n de compras de bienes de consumo Art\u00edculo 474 P\u00e1rrafo 2 del C\u00f3digo Civil alem\u00e1n (BGB)<\/p>\n\n\n\n<p>(1) Estado de los art\u00edculos: Los art\u00edculos subastados son art\u00edculos usados. Las marcas de uso y del paso del tiempo, como ara\u00f1azos, variaciones de color o peque\u00f1as abolladuras, son caracter\u00edsticas t\u00edpicas de los art\u00edculos y no se consideran defectos, siempre que no difieran significativamente de la descripci\u00f3n y las fotograf\u00edas publicadas en la plataforma. Las descripciones de los productos no constituyen una garant\u00eda legalmente vinculante sobre su estado.<\/p>\n\n\n\n<p>(2) Disposiciones para consumidores: a) Para los consumidores, el plazo de prescripci\u00f3n para reclamaciones por defectos en bienes usados \u200b\u200bes de un a\u00f1o a partir de la entrega de los bienes. b) Quedan excluidas de esta reducci\u00f3n las reclamaciones por da\u00f1os y perjuicios del licitador por lesiones a la vida, el cuerpo o la salud, as\u00ed como las reclamaciones por da\u00f1os y perjuicios por incumplimiento de obligaciones contractuales esenciales. Tambi\u00e9n quedan excluidas las reclamaciones por otros da\u00f1os y perjuicios derivados de un incumplimiento intencional o por negligencia grave por parte de sebworld.<\/p>\n\n\n\n<p>(3) Disposiciones para Empresas: a) La garant\u00eda por defectos en bienes usados \u200b\u200bqueda excluida para clientes empresariales. b) Esta exclusi\u00f3n no afecta las reclamaciones por da\u00f1os y perjuicios derivados de negligencia grave o dolo por parte de sebworld, ni las reclamaciones por lesiones a la vida, el cuerpo o la salud. c) Las empresas deben inspeccionar los bienes en busca de defectos inmediatamente despu\u00e9s de su recepci\u00f3n y notificar a sebworld por escrito cualquier defecto evidente sin demora, pero a m\u00e1s tardar siete (7) d\u00edas despu\u00e9s de la recepci\u00f3n (\u00a7 377 del C\u00f3digo de Comercio alem\u00e1n). Los defectos ocultos deben notificarse inmediatamente despu\u00e9s de su descubrimiento. El incumplimiento de la notificaci\u00f3n de defectos dentro del plazo especificado se considerar\u00e1 como aceptaci\u00f3n de los bienes.<\/p>\n\n\n\n<p>(4) Cabe se\u00f1alar que las disposiciones de los art\u00edculos 474 y siguientes del C\u00f3digo Civil alem\u00e1n (BGB) no se aplican a los bienes usados \u200b\u200bvendidos en una subasta p\u00fablica (art\u00edculo 312g, p\u00e1rrafo 2, n\u00famero 10).<\/p>\n\n\n\n<p>\u00a7 11 Responsabilidad<\/p>\n\n\n\n<p>(1) Responsabilidad ilimitada: Somos responsables sin limitaci\u00f3n alguna por dolo y negligencia grave, as\u00ed como de conformidad con la Ley de Responsabilidad por Productos Defectuosos. Por negligencia leve, somos responsables por los da\u00f1os resultantes de lesiones a la vida, el cuerpo o la salud.<\/p>\n\n\n\n<p>(2) Limitaci\u00f3n de responsabilidad: Se aplica la siguiente limitaci\u00f3n de responsabilidad: En casos de negligencia leve, nuestra responsabilidad se limita al incumplimiento de una obligaci\u00f3n contractual esencial, cuyo cumplimiento es fundamental para la correcta ejecuci\u00f3n del contrato y en la que la contraparte puede confiar razonablemente (obligaci\u00f3n cardinal). La responsabilidad por negligencia leve se limita al importe de los da\u00f1os t\u00edpicos y previsibles en el momento de la celebraci\u00f3n del contrato. Esta limitaci\u00f3n de responsabilidad tambi\u00e9n se aplica a nuestros representantes.<\/p>\n\n\n\n<p>\u00a7 12 Disposiciones especiales para la exportaci\u00f3n<\/p>\n\n\n\n<p>(1) IVA sobre exportaciones de la UE: En el caso de una venta a una empresa establecida en otro Estado miembro de la UE, una entrega intracomunitaria puede quedar exenta de IVA, siempre que el proveedor presente un n\u00famero de identificaci\u00f3n fiscal (NIF) v\u00e1lido y se cumplan los dem\u00e1s requisitos legales. Hasta que se verifique el NIF, el IVA alem\u00e1n se retendr\u00e1 como dep\u00f3sito.<\/p>\n\n\n\n<p>(2) Impuesto sobre el Valor A\u00f1adido en las exportaciones a terceros pa\u00edses: En caso de venta a un comprador ubicado fuera de la UE, se aplicar\u00e1 el IVA alem\u00e1n como dep\u00f3sito. Este se reembolsar\u00e1 en cuanto recibamos el certificado de exportaci\u00f3n original debidamente emitido.<\/p>\n\n\n\n<p>(3) Exportabilidad: No asumimos ninguna responsabilidad por la exportabilidad de los art\u00edculos subastados ni por la obtenci\u00f3n de las licencias de exportaci\u00f3n necesarias. El postor es el \u00fanico responsable de cumplir con todas las regulaciones aduaneras y de exportaci\u00f3n.<\/p>\n\n\n\n<p>\u00a7 13 Disposiciones finales<\/p>\n\n\n\n<p>(1) Ley aplicable: La relaci\u00f3n contractual entre nosotros y el licitador se rige por las leyes de la Rep\u00fablica Federal de Alemania, con exclusi\u00f3n de la Convenci\u00f3n de las Naciones Unidas sobre los Contratos de Compraventa Internacional de Mercader\u00edas (CISG). Si el licitador es un consumidor y tiene su residencia habitual en otro pa\u00eds, las disposiciones obligatorias de protecci\u00f3n al consumidor de dicho pa\u00eds no se ver\u00e1n afectadas por la elecci\u00f3n de la ley aplicable.<\/p>\n\n\n\n<p>(2) Jurisdicci\u00f3n competente: Si el licitador es un comerciante, una persona jur\u00eddica de derecho p\u00fablico o un fondo especial de derecho p\u00fablico, la jurisdicci\u00f3n exclusiva para todas las controversias derivadas de esta relaci\u00f3n contractual corresponder\u00e1 a nuestro domicilio social. Lo mismo se aplicar\u00e1 si el licitador no tiene domicilio general en Alemania o si su domicilio o residencia habitual se desconoce en el momento de interponer la demanda.<\/p>\n\n\n\n<p>(3) Resoluci\u00f3n de disputas de consumo: No estamos obligados ni dispuestos a participar en procedimientos de resoluci\u00f3n de disputas ante una junta de arbitraje de consumo.<\/p>\n","protected":false},"excerpt":{"rendered":"<p>A fecha de 12 de enero de 2026 \u00a7 1 Alcance, definiciones y objeto del contrato (1) \u00c1mbito de aplicaci\u00f3n: Estas Condiciones Generales (en adelante, \u00abCG\u00bb) se aplican a la participaci\u00f3n en todas las subastas (en adelante, \u00absubastas\u00bb) realizadas por Lutz Stohr, Sebworld.de, Bonner Stra\u00dfe 40, D \u2013 53842 Troisdorf (en adelante, \u00absebworld\u00bb o \u00abnosotros\u00bb) [&hellip;]<\/p>\n","protected":false},"author":1,"featured_media":0,"parent":0,"menu_order":102,"comment_status":"closed","ping_status":"closed","template":"","meta":{"_acf_changed":false,"footnotes":""},"class_list":["post-12574","page","type-page","status-publish","hentry"],"acf":[],"_links":{"self":[{"href":"https:\/\/www.sebworld-auktionen.de\/es\/wp-json\/wp\/v2\/pages\/12574","targetHints":{"allow":["GET"]}}],"collection":[{"href":"https:\/\/www.sebworld-auktionen.de\/es\/wp-json\/wp\/v2\/pages"}],"about":[{"href":"https:\/\/www.sebworld-auktionen.de\/es\/wp-json\/wp\/v2\/types\/page"}],"author":[{"embeddable":true,"href":"https:\/\/www.sebworld-auktionen.de\/es\/wp-json\/wp\/v2\/users\/1"}],"replies":[{"embeddable":true,"href":"https:\/\/www.sebworld-auktionen.de\/es\/wp-json\/wp\/v2\/comments?post=12574"}],"version-history":[{"count":1,"href":"https:\/\/www.sebworld-auktionen.de\/es\/wp-json\/wp\/v2\/pages\/12574\/revisions"}],"predecessor-version":[{"id":12575,"href":"https:\/\/www.sebworld-auktionen.de\/es\/wp-json\/wp\/v2\/pages\/12574\/revisions\/12575"}],"wp:attachment":[{"href":"https:\/\/www.sebworld-auktionen.de\/es\/wp-json\/wp\/v2\/media?parent=12574"}],"curies":[{"name":"wp","href":"https:\/\/api.w.org\/{rel}","templated":true}]}}