{"id":15792,"date":"2026-04-27T17:30:32","date_gmt":"2026-04-27T15:30:32","guid":{"rendered":"https:\/\/www.sebworld-auktionen.de\/produkt\/grabado-enmarcado-salvador-dali-cisnes-que-reflejan-elefantes"},"modified":"2026-04-27T17:30:32","modified_gmt":"2026-04-27T15:30:32","slug":"grabado-enmarcado-salvador-dali-cisnes-que-reflejan-elefantes","status":"publish","type":"product","link":"https:\/\/www.sebworld-auktionen.de\/es\/lotes\/grabado-enmarcado-salvador-dali-cisnes-que-reflejan-elefantes","title":{"rendered":"Grabado enmarcado \u00abSalvador Dal\u00ed &#8211; Cisnes que reflejan elefantes\u00bb"},"content":{"rendered":"<p>Salvador Dal\u00ed &#8211; Cisnes espejando elefantes, 1937<br \/>\nImpresi\u00f3n en papel | Marco met\u00e1lico | Alto: 64cm | An: 84cm<\/p>\n","protected":false},"excerpt":{"rendered":"<p>Salvador Dal\u00ed &#8211; Cisnes espejando elefantes, 1937 Impresi\u00f3n en papel | Marco met\u00e1lico | Alto: 64cm | An: 84cm<\/p>\n","protected":false},"featured_media":15778,"template":"","meta":{"_acf_changed":false},"product_brand":[],"product_cat":[194],"product_tag":[],"class_list":{"0":"post-15792","1":"product","2":"type-product","3":"status-publish","4":"has-post-thumbnail","6":"product_cat-pinturas","8":"first","9":"instock","10":"taxable","11":"shipping-taxable","12":"purchasable","13":"product-type-auction"},"acf":[],"_links":{"self":[{"href":"https:\/\/www.sebworld-auktionen.de\/es\/wp-json\/wp\/v2\/product\/15792","targetHints":{"allow":["GET"]}}],"collection":[{"href":"https:\/\/www.sebworld-auktionen.de\/es\/wp-json\/wp\/v2\/product"}],"about":[{"href":"https:\/\/www.sebworld-auktionen.de\/es\/wp-json\/wp\/v2\/types\/product"}],"wp:featuredmedia":[{"embeddable":true,"href":"https:\/\/www.sebworld-auktionen.de\/es\/wp-json\/wp\/v2\/media\/15778"}],"wp:attachment":[{"href":"https:\/\/www.sebworld-auktionen.de\/es\/wp-json\/wp\/v2\/media?parent=15792"}],"wp:term":[{"taxonomy":"product_brand","embeddable":true,"href":"https:\/\/www.sebworld-auktionen.de\/es\/wp-json\/wp\/v2\/product_brand?post=15792"},{"taxonomy":"product_cat","embeddable":true,"href":"https:\/\/www.sebworld-auktionen.de\/es\/wp-json\/wp\/v2\/product_cat?post=15792"},{"taxonomy":"product_tag","embeddable":true,"href":"https:\/\/www.sebworld-auktionen.de\/es\/wp-json\/wp\/v2\/product_tag?post=15792"}],"curies":[{"name":"wp","href":"https:\/\/api.w.org\/{rel}","templated":true}]}}