{"id":15812,"date":"2026-04-27T17:13:43","date_gmt":"2026-04-27T15:13:43","guid":{"rendered":"https:\/\/www.sebworld-auktionen.de\/produkt\/impresion-fotografica-enmarcada-tintin-le-lotus-bleu"},"modified":"2026-04-27T17:13:43","modified_gmt":"2026-04-27T15:13:43","slug":"impresion-fotografica-enmarcada-tintin-le-lotus-bleu","status":"publish","type":"product","link":"https:\/\/www.sebworld-auktionen.de\/es\/lotes\/impresion-fotografica-enmarcada-tintin-le-lotus-bleu","title":{"rendered":"Impresi\u00f3n fotogr\u00e1fica enmarcada \u00abTint\u00edn &#8211; Le Lotus Bleu\u00bb"},"content":{"rendered":"<p>Tint\u00edn &#8211; Impresi\u00f3n de Le Lotus Bleu<br \/>\nsobre papel | Marco met\u00e1lico | Alto: 74cm | An: 54cm<\/p>\n","protected":false},"excerpt":{"rendered":"<p>Tint\u00edn &#8211; Impresi\u00f3n de Le Lotus Bleu sobre papel | Marco met\u00e1lico | Alto: 74cm | An: 54cm<\/p>\n","protected":false},"featured_media":15768,"template":"","meta":{"_acf_changed":false},"product_brand":[],"product_cat":[194],"product_tag":[],"class_list":{"0":"post-15812","1":"product","2":"type-product","3":"status-publish","4":"has-post-thumbnail","6":"product_cat-pinturas","8":"first","9":"instock","10":"taxable","11":"shipping-taxable","12":"purchasable","13":"product-type-auction"},"acf":[],"_links":{"self":[{"href":"https:\/\/www.sebworld-auktionen.de\/es\/wp-json\/wp\/v2\/product\/15812","targetHints":{"allow":["GET"]}}],"collection":[{"href":"https:\/\/www.sebworld-auktionen.de\/es\/wp-json\/wp\/v2\/product"}],"about":[{"href":"https:\/\/www.sebworld-auktionen.de\/es\/wp-json\/wp\/v2\/types\/product"}],"wp:featuredmedia":[{"embeddable":true,"href":"https:\/\/www.sebworld-auktionen.de\/es\/wp-json\/wp\/v2\/media\/15768"}],"wp:attachment":[{"href":"https:\/\/www.sebworld-auktionen.de\/es\/wp-json\/wp\/v2\/media?parent=15812"}],"wp:term":[{"taxonomy":"product_brand","embeddable":true,"href":"https:\/\/www.sebworld-auktionen.de\/es\/wp-json\/wp\/v2\/product_brand?post=15812"},{"taxonomy":"product_cat","embeddable":true,"href":"https:\/\/www.sebworld-auktionen.de\/es\/wp-json\/wp\/v2\/product_cat?post=15812"},{"taxonomy":"product_tag","embeddable":true,"href":"https:\/\/www.sebworld-auktionen.de\/es\/wp-json\/wp\/v2\/product_tag?post=15812"}],"curies":[{"name":"wp","href":"https:\/\/api.w.org\/{rel}","templated":true}]}}