{"id":15838,"date":"2026-04-27T16:40:57","date_gmt":"2026-04-27T14:40:57","guid":{"rendered":"https:\/\/www.sebworld-auktionen.de\/produkt\/impresion-fotografica-enmarcada"},"modified":"2026-04-27T17:57:35","modified_gmt":"2026-04-27T15:57:35","slug":"impresion-fotografica-enmarcada","status":"publish","type":"product","link":"https:\/\/www.sebworld-auktionen.de\/es\/lotes\/impresion-fotografica-enmarcada","title":{"rendered":"Impresi\u00f3n fotogr\u00e1fica enmarcada"},"content":{"rendered":"<p>Impresi\u00f3n fotogr\u00e1fica | Marco met\u00e1lico | Altura: 70cm | An: 100cm<br \/>\nArtista desconocido<\/p>\n","protected":false},"excerpt":{"rendered":"<p>Impresi\u00f3n fotogr\u00e1fica | Marco met\u00e1lico | Altura: 70cm | An: 100cm Artista desconocido<\/p>\n","protected":false},"featured_media":15761,"template":"","meta":{"_acf_changed":false},"product_brand":[],"product_cat":[194],"product_tag":[],"class_list":{"0":"post-15838","1":"product","2":"type-product","3":"status-publish","4":"has-post-thumbnail","6":"product_cat-pinturas","8":"first","9":"instock","10":"taxable","11":"shipping-taxable","12":"purchasable","13":"product-type-auction"},"acf":[],"_links":{"self":[{"href":"https:\/\/www.sebworld-auktionen.de\/es\/wp-json\/wp\/v2\/product\/15838","targetHints":{"allow":["GET"]}}],"collection":[{"href":"https:\/\/www.sebworld-auktionen.de\/es\/wp-json\/wp\/v2\/product"}],"about":[{"href":"https:\/\/www.sebworld-auktionen.de\/es\/wp-json\/wp\/v2\/types\/product"}],"wp:featuredmedia":[{"embeddable":true,"href":"https:\/\/www.sebworld-auktionen.de\/es\/wp-json\/wp\/v2\/media\/15761"}],"wp:attachment":[{"href":"https:\/\/www.sebworld-auktionen.de\/es\/wp-json\/wp\/v2\/media?parent=15838"}],"wp:term":[{"taxonomy":"product_brand","embeddable":true,"href":"https:\/\/www.sebworld-auktionen.de\/es\/wp-json\/wp\/v2\/product_brand?post=15838"},{"taxonomy":"product_cat","embeddable":true,"href":"https:\/\/www.sebworld-auktionen.de\/es\/wp-json\/wp\/v2\/product_cat?post=15838"},{"taxonomy":"product_tag","embeddable":true,"href":"https:\/\/www.sebworld-auktionen.de\/es\/wp-json\/wp\/v2\/product_tag?post=15838"}],"curies":[{"name":"wp","href":"https:\/\/api.w.org\/{rel}","templated":true}]}}