{"id":16473,"date":"2026-04-22T13:47:15","date_gmt":"2026-04-22T11:47:15","guid":{"rendered":"https:\/\/www.sebworld-auktionen.de\/produkt\/vitra-workbay-hopsak-red"},"modified":"2026-04-22T13:47:15","modified_gmt":"2026-04-22T11:47:15","slug":"vitra-workbay-hopsak-red","status":"publish","type":"product","link":"https:\/\/www.sebworld-auktionen.de\/es\/lotes\/vitra-workbay-hopsak-red","title":{"rendered":"Vitra Workbay Hopsak Red"},"content":{"rendered":"<p>Hopsak | Rojo | Encimera resina sint\u00e9tica blanca | incluyendo 1 l\u00e1mpara (giratoria de 360\u00b0) | 1x toma | 2x conexi\u00f3n de red | H: 140cm | W: 192cm | D: 152cm <\/p>\n<p>*Las im\u00e1genes son ejemplares, todos los laboratorios son id\u00e9nticos*<\/p>\n","protected":false},"excerpt":{"rendered":"<p>Hopsak | Rojo | Encimera resina sint\u00e9tica blanca | incluyendo 1 l\u00e1mpara (giratoria de 360\u00b0) | 1x toma | 2x conexi\u00f3n de red | H: 140cm | W: 192cm | D: 152cm *Las im\u00e1genes son ejemplares, todos los laboratorios son id\u00e9nticos*<\/p>\n","protected":false},"featured_media":15030,"template":"","meta":{"_acf_changed":false},"product_brand":[],"product_cat":[224],"product_tag":[],"class_list":{"0":"post-16473","1":"product","2":"type-product","3":"status-publish","4":"has-post-thumbnail","6":"product_cat-material-de-oficina","8":"first","9":"instock","10":"taxable","11":"shipping-taxable","12":"purchasable","13":"product-type-auction"},"acf":[],"_links":{"self":[{"href":"https:\/\/www.sebworld-auktionen.de\/es\/wp-json\/wp\/v2\/product\/16473","targetHints":{"allow":["GET"]}}],"collection":[{"href":"https:\/\/www.sebworld-auktionen.de\/es\/wp-json\/wp\/v2\/product"}],"about":[{"href":"https:\/\/www.sebworld-auktionen.de\/es\/wp-json\/wp\/v2\/types\/product"}],"wp:featuredmedia":[{"embeddable":true,"href":"https:\/\/www.sebworld-auktionen.de\/es\/wp-json\/wp\/v2\/media\/15030"}],"wp:attachment":[{"href":"https:\/\/www.sebworld-auktionen.de\/es\/wp-json\/wp\/v2\/media?parent=16473"}],"wp:term":[{"taxonomy":"product_brand","embeddable":true,"href":"https:\/\/www.sebworld-auktionen.de\/es\/wp-json\/wp\/v2\/product_brand?post=16473"},{"taxonomy":"product_cat","embeddable":true,"href":"https:\/\/www.sebworld-auktionen.de\/es\/wp-json\/wp\/v2\/product_cat?post=16473"},{"taxonomy":"product_tag","embeddable":true,"href":"https:\/\/www.sebworld-auktionen.de\/es\/wp-json\/wp\/v2\/product_tag?post=16473"}],"curies":[{"name":"wp","href":"https:\/\/api.w.org\/{rel}","templated":true}]}}