{"id":17572,"date":"2026-04-16T08:37:12","date_gmt":"2026-04-16T06:37:12","guid":{"rendered":"https:\/\/www.sebworld-auktionen.de\/produkt\/silla-giratoria-de-oficina-koehl-selleo-1800-tela-negra"},"modified":"2026-04-16T08:37:12","modified_gmt":"2026-04-16T06:37:12","slug":"silla-giratoria-de-oficina-koehl-selleo-1800-tela-negra","status":"publish","type":"product","link":"https:\/\/www.sebworld-auktionen.de\/es\/lotes\/silla-giratoria-de-oficina-koehl-selleo-1800-tela-negra","title":{"rendered":"Silla giratoria de oficina K\u00f6hl Selleo 1800 Tela Negra"},"content":{"rendered":"<p>Tela | Negro | Marco pl\u00e1stico negro | sobre ruedas | con reposabrazos 2D | con arre. Funci\u00f3n de balancines | altura ajustable | con soporte lumbar | H: 100-121cm | SH: 48-61cm | An: 73cm | D: 52 cm <\/p>\n<p>*Visualizaci\u00f3n y recogida: Redcarstr. 3, 53842 Troisdorf* <\/p>\n","protected":false},"excerpt":{"rendered":"<p>Tela | Negro | Marco pl\u00e1stico negro | sobre ruedas | con reposabrazos 2D | con arre. Funci\u00f3n de balancines | altura ajustable | con soporte lumbar | H: 100-121cm | SH: 48-61cm | An: 73cm | D: 52 cm *Visualizaci\u00f3n y recogida: Redcarstr. 3, 53842 Troisdorf*<\/p>\n","protected":false},"featured_media":14033,"template":"","meta":{"_acf_changed":false},"product_brand":[],"product_cat":[186],"product_tag":[],"class_list":{"0":"post-17572","1":"product","2":"type-product","3":"status-publish","4":"has-post-thumbnail","6":"product_cat-sillas-giratorias-de-oficina","8":"first","9":"instock","10":"taxable","11":"shipping-taxable","12":"purchasable","13":"product-type-auction"},"acf":[],"_links":{"self":[{"href":"https:\/\/www.sebworld-auktionen.de\/es\/wp-json\/wp\/v2\/product\/17572","targetHints":{"allow":["GET"]}}],"collection":[{"href":"https:\/\/www.sebworld-auktionen.de\/es\/wp-json\/wp\/v2\/product"}],"about":[{"href":"https:\/\/www.sebworld-auktionen.de\/es\/wp-json\/wp\/v2\/types\/product"}],"wp:featuredmedia":[{"embeddable":true,"href":"https:\/\/www.sebworld-auktionen.de\/es\/wp-json\/wp\/v2\/media\/14033"}],"wp:attachment":[{"href":"https:\/\/www.sebworld-auktionen.de\/es\/wp-json\/wp\/v2\/media?parent=17572"}],"wp:term":[{"taxonomy":"product_brand","embeddable":true,"href":"https:\/\/www.sebworld-auktionen.de\/es\/wp-json\/wp\/v2\/product_brand?post=17572"},{"taxonomy":"product_cat","embeddable":true,"href":"https:\/\/www.sebworld-auktionen.de\/es\/wp-json\/wp\/v2\/product_cat?post=17572"},{"taxonomy":"product_tag","embeddable":true,"href":"https:\/\/www.sebworld-auktionen.de\/es\/wp-json\/wp\/v2\/product_tag?post=17572"}],"curies":[{"name":"wp","href":"https:\/\/api.w.org\/{rel}","templated":true}]}}