{"id":17629,"date":"2026-04-22T13:57:12","date_gmt":"2026-04-22T11:57:12","guid":{"rendered":"https:\/\/www.sebworld-auktionen.de\/produkt\/usm-haller-desk-herman-miller-aeron-artemide-tolomeo"},"modified":"2026-04-22T13:57:12","modified_gmt":"2026-04-22T11:57:12","slug":"usm-haller-desk-herman-miller-aeron-artemide-tolomeo","status":"publish","type":"product","link":"https:\/\/www.sebworld-auktionen.de\/es\/lotes\/usm-haller-desk-herman-miller-aeron-artemide-tolomeo","title":{"rendered":"USM Haller Desk \/ Herman Miller Aeron \/ Artemide Tolomeo"},"content":{"rendered":"<p>Mesa: Resina sint\u00e9tica | Blanco | Marco cromado | con adaptador de l\u00e1mpara | H: 74cm | V: 175cm | D: 75cm<\/p>\n<p>L\u00e1mpara: Metal | Negro | H: hasta 110cm | \u00d8: 15cm<\/p>\n<p>Silla: Net | Negro | Marco negro | Altura ajustable | con funci\u00f3n de balancino bloqueable | H: 97-110cm | SH: 45-58cm | E: 69cm | D: aprox. 60cm<\/p>\n","protected":false},"excerpt":{"rendered":"<p>Mesa: Resina sint\u00e9tica | Blanco | Marco cromado | con adaptador de l\u00e1mpara | H: 74cm | V: 175cm | D: 75cm L\u00e1mpara: Metal | Negro | H: hasta 110cm | \u00d8: 15cm Silla: Net | Negro | Marco negro | Altura ajustable | con funci\u00f3n de balancino bloqueable | H: 97-110cm | SH: 45-58cm [&hellip;]<\/p>\n","protected":false},"featured_media":15044,"template":"","meta":{"_acf_changed":false},"product_brand":[],"product_cat":[220],"product_tag":[],"class_list":{"0":"post-17629","1":"product","2":"type-product","3":"status-publish","4":"has-post-thumbnail","6":"product_cat-conjuntos","8":"first","9":"instock","10":"taxable","11":"shipping-taxable","12":"purchasable","13":"product-type-auction"},"acf":[],"_links":{"self":[{"href":"https:\/\/www.sebworld-auktionen.de\/es\/wp-json\/wp\/v2\/product\/17629","targetHints":{"allow":["GET"]}}],"collection":[{"href":"https:\/\/www.sebworld-auktionen.de\/es\/wp-json\/wp\/v2\/product"}],"about":[{"href":"https:\/\/www.sebworld-auktionen.de\/es\/wp-json\/wp\/v2\/types\/product"}],"wp:featuredmedia":[{"embeddable":true,"href":"https:\/\/www.sebworld-auktionen.de\/es\/wp-json\/wp\/v2\/media\/15044"}],"wp:attachment":[{"href":"https:\/\/www.sebworld-auktionen.de\/es\/wp-json\/wp\/v2\/media?parent=17629"}],"wp:term":[{"taxonomy":"product_brand","embeddable":true,"href":"https:\/\/www.sebworld-auktionen.de\/es\/wp-json\/wp\/v2\/product_brand?post=17629"},{"taxonomy":"product_cat","embeddable":true,"href":"https:\/\/www.sebworld-auktionen.de\/es\/wp-json\/wp\/v2\/product_cat?post=17629"},{"taxonomy":"product_tag","embeddable":true,"href":"https:\/\/www.sebworld-auktionen.de\/es\/wp-json\/wp\/v2\/product_tag?post=17629"}],"curies":[{"name":"wp","href":"https:\/\/api.w.org\/{rel}","templated":true}]}}