{"id":17727,"date":"2026-04-14T10:46:01","date_gmt":"2026-04-14T08:46:01","guid":{"rendered":"https:\/\/www.sebworld-auktionen.de\/produkt\/frigorifico-de-vino-haier-ws171ga"},"modified":"2026-04-14T10:46:01","modified_gmt":"2026-04-14T08:46:01","slug":"frigorifico-de-vino-haier-ws171ga","status":"publish","type":"product","link":"https:\/\/www.sebworld-auktionen.de\/es\/lotes\/frigorifico-de-vino-haier-ws171ga","title":{"rendered":"Frigor\u00edfico de vino Haier WS171GA"},"content":{"rendered":"<p>Puerta de cristal con protecci\u00f3n UV | 1 zona de temperatura (aprox. 5-20\u00b0C) | incluyendo 6 estanter\u00edas de madera extra\u00edbles | Iluminaci\u00f3n interior LED | H: 185cm | W: 60cm | D: 64cm <\/p>\n<p>*Funcionalidad no garantizada | 3.53842 Troisdorf* <\/p>\n","protected":false},"excerpt":{"rendered":"<p>Puerta de cristal con protecci\u00f3n UV | 1 zona de temperatura (aprox. 5-20\u00b0C) | incluyendo 6 estanter\u00edas de madera extra\u00edbles | Iluminaci\u00f3n interior LED | H: 185cm | W: 60cm | D: 64cm *Funcionalidad no garantizada | 3.53842 Troisdorf*<\/p>\n","protected":false},"featured_media":13868,"template":"","meta":{"_acf_changed":false},"product_brand":[],"product_cat":[248],"product_tag":[],"class_list":{"0":"post-17727","1":"product","2":"type-product","3":"status-publish","4":"has-post-thumbnail","6":"product_cat-tecnologia","8":"first","9":"instock","10":"taxable","11":"shipping-taxable","12":"purchasable","13":"product-type-auction"},"acf":[],"_links":{"self":[{"href":"https:\/\/www.sebworld-auktionen.de\/es\/wp-json\/wp\/v2\/product\/17727","targetHints":{"allow":["GET"]}}],"collection":[{"href":"https:\/\/www.sebworld-auktionen.de\/es\/wp-json\/wp\/v2\/product"}],"about":[{"href":"https:\/\/www.sebworld-auktionen.de\/es\/wp-json\/wp\/v2\/types\/product"}],"wp:featuredmedia":[{"embeddable":true,"href":"https:\/\/www.sebworld-auktionen.de\/es\/wp-json\/wp\/v2\/media\/13868"}],"wp:attachment":[{"href":"https:\/\/www.sebworld-auktionen.de\/es\/wp-json\/wp\/v2\/media?parent=17727"}],"wp:term":[{"taxonomy":"product_brand","embeddable":true,"href":"https:\/\/www.sebworld-auktionen.de\/es\/wp-json\/wp\/v2\/product_brand?post=17727"},{"taxonomy":"product_cat","embeddable":true,"href":"https:\/\/www.sebworld-auktionen.de\/es\/wp-json\/wp\/v2\/product_cat?post=17727"},{"taxonomy":"product_tag","embeddable":true,"href":"https:\/\/www.sebworld-auktionen.de\/es\/wp-json\/wp\/v2\/product_tag?post=17727"}],"curies":[{"name":"wp","href":"https:\/\/api.w.org\/{rel}","templated":true}]}}