{"id":18312,"date":"2026-04-17T08:22:29","date_gmt":"2026-04-17T06:22:29","guid":{"rendered":"https:\/\/www.sebworld-auktionen.de\/produkt\/artemide-tolomeo-tavolo-aluminum-2"},"modified":"2026-04-27T18:04:44","modified_gmt":"2026-04-27T16:04:44","slug":"artemide-tolomeo-tavolo-aluminum-2","status":"publish","type":"product","link":"https:\/\/www.sebworld-auktionen.de\/es\/lotes\/artemide-tolomeo-tavolo-aluminum-2","title":{"rendered":"Artemide Tolomeo Tavolo Aluminum"},"content":{"rendered":"<p>Marco de aluminio con dos uniones | Cabeza de l\u00e1mpara ajustable | 1 bombilla | Interruptor de bot\u00f3n con 2 niveles | Enchufe de la UE | H: 64-129cm | \u00d8 pie: 23cm | \u00d8 sombra: 15cm<\/p>\n<p>Funcional al catalogar | No se da garant\u00eda funcional.<\/p>\n","protected":false},"excerpt":{"rendered":"<p>Marco de aluminio con dos uniones | Cabeza de l\u00e1mpara ajustable | 1 bombilla | Interruptor de bot\u00f3n con 2 niveles | Enchufe de la UE | H: 64-129cm | \u00d8 pie: 23cm | \u00d8 sombra: 15cm Funcional al catalogar | No se da garant\u00eda funcional.<\/p>\n","protected":false},"featured_media":14341,"template":"","meta":{"_acf_changed":false},"product_brand":[],"product_cat":[209,260],"product_tag":[],"class_list":{"0":"post-18312","1":"product","2":"type-product","3":"status-publish","4":"has-post-thumbnail","6":"product_cat-lamparas","7":"product_cat-lamparas-de-mesa","9":"first","10":"instock","11":"taxable","12":"shipping-taxable","13":"purchasable","14":"product-type-auction"},"acf":[],"_links":{"self":[{"href":"https:\/\/www.sebworld-auktionen.de\/es\/wp-json\/wp\/v2\/product\/18312","targetHints":{"allow":["GET"]}}],"collection":[{"href":"https:\/\/www.sebworld-auktionen.de\/es\/wp-json\/wp\/v2\/product"}],"about":[{"href":"https:\/\/www.sebworld-auktionen.de\/es\/wp-json\/wp\/v2\/types\/product"}],"wp:featuredmedia":[{"embeddable":true,"href":"https:\/\/www.sebworld-auktionen.de\/es\/wp-json\/wp\/v2\/media\/14341"}],"wp:attachment":[{"href":"https:\/\/www.sebworld-auktionen.de\/es\/wp-json\/wp\/v2\/media?parent=18312"}],"wp:term":[{"taxonomy":"product_brand","embeddable":true,"href":"https:\/\/www.sebworld-auktionen.de\/es\/wp-json\/wp\/v2\/product_brand?post=18312"},{"taxonomy":"product_cat","embeddable":true,"href":"https:\/\/www.sebworld-auktionen.de\/es\/wp-json\/wp\/v2\/product_cat?post=18312"},{"taxonomy":"product_tag","embeddable":true,"href":"https:\/\/www.sebworld-auktionen.de\/es\/wp-json\/wp\/v2\/product_tag?post=18312"}],"curies":[{"name":"wp","href":"https:\/\/api.w.org\/{rel}","templated":true}]}}