{"id":18660,"date":"2026-04-15T08:32:07","date_gmt":"2026-04-15T06:32:07","guid":{"rendered":"https:\/\/www.sebworld-auktionen.de\/produkt\/asiento-en-cuero-rojo"},"modified":"2026-04-15T08:32:07","modified_gmt":"2026-04-15T06:32:07","slug":"asiento-en-cuero-rojo","status":"publish","type":"product","link":"https:\/\/www.sebworld-auktionen.de\/es\/lotes\/asiento-en-cuero-rojo","title":{"rendered":"Asiento en cuero rojo"},"content":{"rendered":"<p>Marco gris met\u00e1lico | Altura: 100cm | Altura: 48cm | Pes: 90cm | Fondo: 65cm<\/p>\n<p> *Visualizaci\u00f3n y recogida: Marie-Curie-Stra\u00dfe 5, 53757 Sankt Augustin*<\/p>\n","protected":false},"excerpt":{"rendered":"<p>Marco gris met\u00e1lico | Altura: 100cm | Altura: 48cm | Pes: 90cm | Fondo: 65cm *Visualizaci\u00f3n y recogida: Marie-Curie-Stra\u00dfe 5, 53757 Sankt Augustin*<\/p>\n","protected":false},"featured_media":8947,"template":"","meta":{"_acf_changed":false},"product_brand":[],"product_cat":[170],"product_tag":[],"class_list":{"0":"post-18660","1":"product","2":"type-product","3":"status-publish","4":"has-post-thumbnail","6":"product_cat-sillon","8":"first","9":"instock","10":"taxable","11":"shipping-taxable","12":"purchasable","13":"product-type-auction"},"acf":[],"_links":{"self":[{"href":"https:\/\/www.sebworld-auktionen.de\/es\/wp-json\/wp\/v2\/product\/18660","targetHints":{"allow":["GET"]}}],"collection":[{"href":"https:\/\/www.sebworld-auktionen.de\/es\/wp-json\/wp\/v2\/product"}],"about":[{"href":"https:\/\/www.sebworld-auktionen.de\/es\/wp-json\/wp\/v2\/types\/product"}],"wp:featuredmedia":[{"embeddable":true,"href":"https:\/\/www.sebworld-auktionen.de\/es\/wp-json\/wp\/v2\/media\/8947"}],"wp:attachment":[{"href":"https:\/\/www.sebworld-auktionen.de\/es\/wp-json\/wp\/v2\/media?parent=18660"}],"wp:term":[{"taxonomy":"product_brand","embeddable":true,"href":"https:\/\/www.sebworld-auktionen.de\/es\/wp-json\/wp\/v2\/product_brand?post=18660"},{"taxonomy":"product_cat","embeddable":true,"href":"https:\/\/www.sebworld-auktionen.de\/es\/wp-json\/wp\/v2\/product_cat?post=18660"},{"taxonomy":"product_tag","embeddable":true,"href":"https:\/\/www.sebworld-auktionen.de\/es\/wp-json\/wp\/v2\/product_tag?post=18660"}],"curies":[{"name":"wp","href":"https:\/\/api.w.org\/{rel}","templated":true}]}}