{"id":18693,"date":"2026-04-15T08:28:10","date_gmt":"2026-04-15T06:28:10","guid":{"rendered":"https:\/\/www.sebworld-auktionen.de\/produkt\/lista-work-lounge-coworking-espacio-tela-beige"},"modified":"2026-04-15T08:28:10","modified_gmt":"2026-04-15T06:28:10","slug":"lista-work-lounge-coworking-espacio-tela-beige","status":"publish","type":"product","link":"https:\/\/www.sebworld-auktionen.de\/es\/lotes\/lista-work-lounge-coworking-espacio-tela-beige","title":{"rendered":"Lista Work Lounge \/ Coworking Espacio Tela beige"},"content":{"rendered":"<p>Marco Metal Blanco | Altura: 151cm | L: 240cm | E: 160cm<\/p>\n<p>*Las fotos son ejemplares, todos los Lista Work Lounge son id\u00e9nticos | Visualizaci\u00f3n y recogida: Marie-Curie-Stra\u00dfe 5, 53757 Sankt Augustin*<\/p>\n","protected":false},"excerpt":{"rendered":"<p>Marco Metal Blanco | Altura: 151cm | L: 240cm | E: 160cm *Las fotos son ejemplares, todos los Lista Work Lounge son id\u00e9nticos | Visualizaci\u00f3n y recogida: Marie-Curie-Stra\u00dfe 5, 53757 Sankt Augustin*<\/p>\n","protected":false},"featured_media":9120,"template":"","meta":{"_acf_changed":false},"product_brand":[],"product_cat":[202],"product_tag":[],"class_list":{"0":"post-18693","1":"product","2":"type-product","3":"status-publish","4":"has-post-thumbnail","6":"product_cat-miscelanea","8":"first","9":"outofstock","10":"taxable","11":"shipping-taxable","12":"purchasable","13":"product-type-auction"},"acf":[],"_links":{"self":[{"href":"https:\/\/www.sebworld-auktionen.de\/es\/wp-json\/wp\/v2\/product\/18693","targetHints":{"allow":["GET"]}}],"collection":[{"href":"https:\/\/www.sebworld-auktionen.de\/es\/wp-json\/wp\/v2\/product"}],"about":[{"href":"https:\/\/www.sebworld-auktionen.de\/es\/wp-json\/wp\/v2\/types\/product"}],"wp:featuredmedia":[{"embeddable":true,"href":"https:\/\/www.sebworld-auktionen.de\/es\/wp-json\/wp\/v2\/media\/9120"}],"wp:attachment":[{"href":"https:\/\/www.sebworld-auktionen.de\/es\/wp-json\/wp\/v2\/media?parent=18693"}],"wp:term":[{"taxonomy":"product_brand","embeddable":true,"href":"https:\/\/www.sebworld-auktionen.de\/es\/wp-json\/wp\/v2\/product_brand?post=18693"},{"taxonomy":"product_cat","embeddable":true,"href":"https:\/\/www.sebworld-auktionen.de\/es\/wp-json\/wp\/v2\/product_cat?post=18693"},{"taxonomy":"product_tag","embeddable":true,"href":"https:\/\/www.sebworld-auktionen.de\/es\/wp-json\/wp\/v2\/product_tag?post=18693"}],"curies":[{"name":"wp","href":"https:\/\/api.w.org\/{rel}","templated":true}]}}