{"id":19191,"date":"2026-04-15T08:39:21","date_gmt":"2026-04-15T06:39:21","guid":{"rendered":"https:\/\/www.sebworld-auktionen.de\/produkt\/mesita-auxiliar-de-karl-andersson-soener-gris-de-madera-2"},"modified":"2026-04-15T08:39:21","modified_gmt":"2026-04-15T06:39:21","slug":"mesita-auxiliar-de-karl-andersson-soener-gris-de-madera-2","status":"publish","type":"product","link":"https:\/\/www.sebworld-auktionen.de\/es\/lotes\/mesita-auxiliar-de-karl-andersson-soener-gris-de-madera-2","title":{"rendered":"Mesita auxiliar de Karl Andersson &amp; S\u00f6ner Gris de madera"},"content":{"rendered":"<p>Marco madera gris lacado | H: 53cm | W: 123cm | D: 55cm<\/p>\n<p>*Las fotos son ejemplares, todas las mesas auxiliares de Karl Andersson &amp; S\u00f6ner son id\u00e9nticas en construcci\u00f3n | Visualizaci\u00f3n y recogida: Marie-Curie-Stra\u00dfe 5, 53757 Sankt Augustin*<\/p>\n","protected":false},"excerpt":{"rendered":"<p>Marco madera gris lacado | H: 53cm | W: 123cm | D: 55cm *Las fotos son ejemplares, todas las mesas auxiliares de Karl Andersson &amp; S\u00f6ner son id\u00e9nticas en construcci\u00f3n | Visualizaci\u00f3n y recogida: Marie-Curie-Stra\u00dfe 5, 53757 Sankt Augustin*<\/p>\n","protected":false},"featured_media":8555,"template":"","meta":{"_acf_changed":false},"product_brand":[],"product_cat":[264],"product_tag":[],"class_list":{"0":"post-19191","1":"product","2":"type-product","3":"status-publish","4":"has-post-thumbnail","6":"product_cat-tablas","8":"first","9":"instock","10":"taxable","11":"shipping-taxable","12":"purchasable","13":"product-type-auction"},"acf":[],"_links":{"self":[{"href":"https:\/\/www.sebworld-auktionen.de\/es\/wp-json\/wp\/v2\/product\/19191","targetHints":{"allow":["GET"]}}],"collection":[{"href":"https:\/\/www.sebworld-auktionen.de\/es\/wp-json\/wp\/v2\/product"}],"about":[{"href":"https:\/\/www.sebworld-auktionen.de\/es\/wp-json\/wp\/v2\/types\/product"}],"wp:featuredmedia":[{"embeddable":true,"href":"https:\/\/www.sebworld-auktionen.de\/es\/wp-json\/wp\/v2\/media\/8555"}],"wp:attachment":[{"href":"https:\/\/www.sebworld-auktionen.de\/es\/wp-json\/wp\/v2\/media?parent=19191"}],"wp:term":[{"taxonomy":"product_brand","embeddable":true,"href":"https:\/\/www.sebworld-auktionen.de\/es\/wp-json\/wp\/v2\/product_brand?post=19191"},{"taxonomy":"product_cat","embeddable":true,"href":"https:\/\/www.sebworld-auktionen.de\/es\/wp-json\/wp\/v2\/product_cat?post=19191"},{"taxonomy":"product_tag","embeddable":true,"href":"https:\/\/www.sebworld-auktionen.de\/es\/wp-json\/wp\/v2\/product_tag?post=19191"}],"curies":[{"name":"wp","href":"https:\/\/api.w.org\/{rel}","templated":true}]}}