{"id":19192,"date":"2026-04-14T16:29:55","date_gmt":"2026-04-14T14:29:55","guid":{"rendered":"https:\/\/www.sebworld-auktionen.de\/produkt\/sofa-kartell-bubble-club-plastico-blanco"},"modified":"2026-04-14T16:29:55","modified_gmt":"2026-04-14T14:29:55","slug":"sofa-kartell-bubble-club-plastico-blanco","status":"publish","type":"product","link":"https:\/\/www.sebworld-auktionen.de\/es\/lotes\/sofa-kartell-bubble-club-plastico-blanco","title":{"rendered":"Sof\u00e1 Kartell Bubble Club Pl\u00e1stico Blanco"},"content":{"rendered":"<p>Pl\u00e1stico | Blanco | Incluyendo 3 cojines | Altura: 78cm | Altura: 43cm | Cara: 190cm | Cara: 74cm <\/p>\n<p>*Visualizaci\u00f3n y recogida: Redcarstr. 3, 53842 Troisdorf* <\/p>\n","protected":false},"excerpt":{"rendered":"<p>Pl\u00e1stico | Blanco | Incluyendo 3 cojines | Altura: 78cm | Altura: 43cm | Cara: 190cm | Cara: 74cm *Visualizaci\u00f3n y recogida: Redcarstr. 3, 53842 Troisdorf*<\/p>\n","protected":false},"featured_media":13905,"template":"","meta":{"_acf_changed":false},"product_brand":[],"product_cat":[167],"product_tag":[],"class_list":{"0":"post-19192","1":"product","2":"type-product","3":"status-publish","4":"has-post-thumbnail","6":"product_cat-sofas","8":"first","9":"outofstock","10":"taxable","11":"shipping-taxable","12":"purchasable","13":"product-type-auction"},"acf":[],"_links":{"self":[{"href":"https:\/\/www.sebworld-auktionen.de\/es\/wp-json\/wp\/v2\/product\/19192","targetHints":{"allow":["GET"]}}],"collection":[{"href":"https:\/\/www.sebworld-auktionen.de\/es\/wp-json\/wp\/v2\/product"}],"about":[{"href":"https:\/\/www.sebworld-auktionen.de\/es\/wp-json\/wp\/v2\/types\/product"}],"wp:featuredmedia":[{"embeddable":true,"href":"https:\/\/www.sebworld-auktionen.de\/es\/wp-json\/wp\/v2\/media\/13905"}],"wp:attachment":[{"href":"https:\/\/www.sebworld-auktionen.de\/es\/wp-json\/wp\/v2\/media?parent=19192"}],"wp:term":[{"taxonomy":"product_brand","embeddable":true,"href":"https:\/\/www.sebworld-auktionen.de\/es\/wp-json\/wp\/v2\/product_brand?post=19192"},{"taxonomy":"product_cat","embeddable":true,"href":"https:\/\/www.sebworld-auktionen.de\/es\/wp-json\/wp\/v2\/product_cat?post=19192"},{"taxonomy":"product_tag","embeddable":true,"href":"https:\/\/www.sebworld-auktionen.de\/es\/wp-json\/wp\/v2\/product_tag?post=19192"}],"curies":[{"name":"wp","href":"https:\/\/api.w.org\/{rel}","templated":true}]}}