{"id":19256,"date":"2026-04-14T11:29:59","date_gmt":"2026-04-14T09:29:59","guid":{"rendered":"https:\/\/www.sebworld-auktionen.de\/produkt\/sofa-de-cigarro-kare-cuero-marron-2"},"modified":"2026-04-14T11:29:59","modified_gmt":"2026-04-14T09:29:59","slug":"sofa-de-cigarro-kare-cuero-marron-2","status":"publish","type":"product","link":"https:\/\/www.sebworld-auktionen.de\/es\/lotes\/sofa-de-cigarro-kare-cuero-marron-2","title":{"rendered":"Sof\u00e1 de Cigarro Kare Cuero marr\u00f3n"},"content":{"rendered":"<p>Cuero | Marr\u00f3n | H: 68cm | SH: 41cm | W: 71cm | D: 80cm<\/p>\n<p>*Visualizaci\u00f3n y recogida: Redcarstr. 3, 53842 Troisdorf* <\/p>\n","protected":false},"excerpt":{"rendered":"<p>Cuero | Marr\u00f3n | H: 68cm | SH: 41cm | W: 71cm | D: 80cm *Visualizaci\u00f3n y recogida: Redcarstr. 3, 53842 Troisdorf*<\/p>\n","protected":false},"featured_media":11634,"template":"","meta":{"_acf_changed":false},"product_brand":[],"product_cat":[170],"product_tag":[],"class_list":{"0":"post-19256","1":"product","2":"type-product","3":"status-publish","4":"has-post-thumbnail","6":"product_cat-sillon","8":"first","9":"outofstock","10":"taxable","11":"shipping-taxable","12":"purchasable","13":"product-type-auction"},"acf":[],"_links":{"self":[{"href":"https:\/\/www.sebworld-auktionen.de\/es\/wp-json\/wp\/v2\/product\/19256","targetHints":{"allow":["GET"]}}],"collection":[{"href":"https:\/\/www.sebworld-auktionen.de\/es\/wp-json\/wp\/v2\/product"}],"about":[{"href":"https:\/\/www.sebworld-auktionen.de\/es\/wp-json\/wp\/v2\/types\/product"}],"wp:featuredmedia":[{"embeddable":true,"href":"https:\/\/www.sebworld-auktionen.de\/es\/wp-json\/wp\/v2\/media\/11634"}],"wp:attachment":[{"href":"https:\/\/www.sebworld-auktionen.de\/es\/wp-json\/wp\/v2\/media?parent=19256"}],"wp:term":[{"taxonomy":"product_brand","embeddable":true,"href":"https:\/\/www.sebworld-auktionen.de\/es\/wp-json\/wp\/v2\/product_brand?post=19256"},{"taxonomy":"product_cat","embeddable":true,"href":"https:\/\/www.sebworld-auktionen.de\/es\/wp-json\/wp\/v2\/product_cat?post=19256"},{"taxonomy":"product_tag","embeddable":true,"href":"https:\/\/www.sebworld-auktionen.de\/es\/wp-json\/wp\/v2\/product_tag?post=19256"}],"curies":[{"name":"wp","href":"https:\/\/api.w.org\/{rel}","templated":true}]}}