{"id":20229,"date":"2026-04-27T16:31:31","date_gmt":"2026-04-27T14:31:31","guid":{"rendered":"https:\/\/www.sebworld-auktionen.de\/produkt\/grabado-enmarcado-vincent-van-gogh-campo-de-maiz-con-cuervos"},"modified":"2026-04-27T16:31:31","modified_gmt":"2026-04-27T14:31:31","slug":"grabado-enmarcado-vincent-van-gogh-campo-de-maiz-con-cuervos","status":"publish","type":"product","link":"https:\/\/www.sebworld-auktionen.de\/es\/lotes\/grabado-enmarcado-vincent-van-gogh-campo-de-maiz-con-cuervos","title":{"rendered":"Grabado enmarcado \u00abVincent Van Gogh &#8211; Campo de ma\u00edz con cuervos\u00bb"},"content":{"rendered":"<p>Vincent van Gogh &#8211; Campo de ma\u00edz con cuervos, 1890<\/p>\n<p>Impresi\u00f3n en papel | Marco met\u00e1lico | Alto: 56 m | Alto: 155 cm<\/p>\n","protected":false},"excerpt":{"rendered":"<p>Vincent van Gogh &#8211; Campo de ma\u00edz con cuervos, 1890 Impresi\u00f3n en papel | Marco met\u00e1lico | Alto: 56 m | Alto: 155 cm<\/p>\n","protected":false},"featured_media":15763,"template":"","meta":{"_acf_changed":false},"product_brand":[],"product_cat":[194],"product_tag":[],"class_list":{"0":"post-20229","1":"product","2":"type-product","3":"status-publish","4":"has-post-thumbnail","6":"product_cat-pinturas","8":"first","9":"instock","10":"taxable","11":"shipping-taxable","12":"purchasable","13":"product-type-auction"},"acf":[],"_links":{"self":[{"href":"https:\/\/www.sebworld-auktionen.de\/es\/wp-json\/wp\/v2\/product\/20229","targetHints":{"allow":["GET"]}}],"collection":[{"href":"https:\/\/www.sebworld-auktionen.de\/es\/wp-json\/wp\/v2\/product"}],"about":[{"href":"https:\/\/www.sebworld-auktionen.de\/es\/wp-json\/wp\/v2\/types\/product"}],"wp:featuredmedia":[{"embeddable":true,"href":"https:\/\/www.sebworld-auktionen.de\/es\/wp-json\/wp\/v2\/media\/15763"}],"wp:attachment":[{"href":"https:\/\/www.sebworld-auktionen.de\/es\/wp-json\/wp\/v2\/media?parent=20229"}],"wp:term":[{"taxonomy":"product_brand","embeddable":true,"href":"https:\/\/www.sebworld-auktionen.de\/es\/wp-json\/wp\/v2\/product_brand?post=20229"},{"taxonomy":"product_cat","embeddable":true,"href":"https:\/\/www.sebworld-auktionen.de\/es\/wp-json\/wp\/v2\/product_cat?post=20229"},{"taxonomy":"product_tag","embeddable":true,"href":"https:\/\/www.sebworld-auktionen.de\/es\/wp-json\/wp\/v2\/product_tag?post=20229"}],"curies":[{"name":"wp","href":"https:\/\/api.w.org\/{rel}","templated":true}]}}