{"id":20320,"date":"2026-04-15T09:09:18","date_gmt":"2026-04-15T07:09:18","guid":{"rendered":"https:\/\/www.sebworld-auktionen.de\/produkt\/mesa-de-conferencia-gesika-10-veces-la-silla-voladizo-wilkhahn"},"modified":"2026-04-15T09:09:18","modified_gmt":"2026-04-15T07:09:18","slug":"mesa-de-conferencia-gesika-10-veces-la-silla-voladizo-wilkhahn","status":"publish","type":"product","link":"https:\/\/www.sebworld-auktionen.de\/es\/lotes\/mesa-de-conferencia-gesika-10-veces-la-silla-voladizo-wilkhahn","title":{"rendered":"Mesa de conferencia Gesika + 10 veces la silla voladizo Wilkhahn"},"content":{"rendered":"<p>Mesa de conferencias: Marco met\u00e1lico | 6 vasos | Altura: 125cm | Altura: 75cm | An: 300cm | D: 192cm<br \/>\nSillas: Juego de 10 | Cuero | Negro | Marco de aluminio pulido | Parcialmente apilable | Alto: 86cm | Alto: 44cm | Alto: 59cm | D: 56cm<\/p>\n<p> *Visualizaci\u00f3n y colecci\u00f3n: Marie-Curie-Stra\u00dfe 5, 53757 Sankt Augustin*<\/p>\n","protected":false},"excerpt":{"rendered":"<p>Mesa de conferencias: Marco met\u00e1lico | 6 vasos | Altura: 125cm | Altura: 75cm | An: 300cm | D: 192cm Sillas: Juego de 10 | Cuero | Negro | Marco de aluminio pulido | Parcialmente apilable | Alto: 86cm | Alto: 44cm | Alto: 59cm | D: 56cm *Visualizaci\u00f3n y colecci\u00f3n: Marie-Curie-Stra\u00dfe 5, 53757 Sankt [&hellip;]<\/p>\n","protected":false},"featured_media":13940,"template":"","meta":{"_acf_changed":false},"product_brand":[],"product_cat":[220],"product_tag":[],"class_list":{"0":"post-20320","1":"product","2":"type-product","3":"status-publish","4":"has-post-thumbnail","6":"product_cat-conjuntos","8":"first","9":"outofstock","10":"taxable","11":"shipping-taxable","12":"purchasable","13":"product-type-auction"},"acf":[],"_links":{"self":[{"href":"https:\/\/www.sebworld-auktionen.de\/es\/wp-json\/wp\/v2\/product\/20320","targetHints":{"allow":["GET"]}}],"collection":[{"href":"https:\/\/www.sebworld-auktionen.de\/es\/wp-json\/wp\/v2\/product"}],"about":[{"href":"https:\/\/www.sebworld-auktionen.de\/es\/wp-json\/wp\/v2\/types\/product"}],"wp:featuredmedia":[{"embeddable":true,"href":"https:\/\/www.sebworld-auktionen.de\/es\/wp-json\/wp\/v2\/media\/13940"}],"wp:attachment":[{"href":"https:\/\/www.sebworld-auktionen.de\/es\/wp-json\/wp\/v2\/media?parent=20320"}],"wp:term":[{"taxonomy":"product_brand","embeddable":true,"href":"https:\/\/www.sebworld-auktionen.de\/es\/wp-json\/wp\/v2\/product_brand?post=20320"},{"taxonomy":"product_cat","embeddable":true,"href":"https:\/\/www.sebworld-auktionen.de\/es\/wp-json\/wp\/v2\/product_cat?post=20320"},{"taxonomy":"product_tag","embeddable":true,"href":"https:\/\/www.sebworld-auktionen.de\/es\/wp-json\/wp\/v2\/product_tag?post=20320"}],"curies":[{"name":"wp","href":"https:\/\/api.w.org\/{rel}","templated":true}]}}