{"id":20343,"date":"2026-04-15T09:44:52","date_gmt":"2026-04-15T07:44:52","guid":{"rendered":"https:\/\/www.sebworld-auktionen.de\/produkt\/estacion-de-trabajo-fabricada-con-kn-electr-hoehenv-escritorio-silla-giratoria-de-oficina-inwerk-contenedor-movil-walter-knoll-3"},"modified":"2026-04-15T09:44:52","modified_gmt":"2026-04-15T07:44:52","slug":"estacion-de-trabajo-fabricada-con-kn-electr-hoehenv-escritorio-silla-giratoria-de-oficina-inwerk-contenedor-movil-walter-knoll-3","status":"publish","type":"product","link":"https:\/\/www.sebworld-auktionen.de\/es\/lotes\/estacion-de-trabajo-fabricada-con-kn-electr-hoehenv-escritorio-silla-giratoria-de-oficina-inwerk-contenedor-movil-walter-knoll-3","title":{"rendered":"Estaci\u00f3n de trabajo fabricada con K&amp;N electr. H\u00f6henv. Escritorio + Silla giratoria de oficina Inwerk + contenedor m\u00f3vil Walter Knoll"},"content":{"rendered":"<p>Escritorio: K\u00f6nig + Neurath | TALO. S electr, altura ajustable | Resina sint\u00e9tica | Blanca | con bandeja para cables y salida de cable 2x | H: 68 &#8211; 118cm | An: 160cm | D: 80cm<br \/>\nSilla: Inwerk | Strategio | Tela \/ Red | Negro | Marco met\u00e1lico blanco | Altura y profundidad | con arret. Funci\u00f3n de balancines | H: 109-131,5cm | W: 71cm | D: 55-60cm<br \/>\nContenedor m\u00f3vil: Walter Knoll | Metal | Blanco | 2x cajones | Cierre suave | H: 52,5cm | W: 40,5cm | D: 56cm  <\/p>\n<p>*Las fotos son ejemplares, todos los sets son id\u00e9nticos | Visualizaci\u00f3n y recogida: Marie-Curie-Stra\u00dfe 5, 53757 Sankt Augustin*<\/p>\n","protected":false},"excerpt":{"rendered":"<p>Escritorio: K\u00f6nig + Neurath | TALO. S electr, altura ajustable | Resina sint\u00e9tica | Blanca | con bandeja para cables y salida de cable 2x | H: 68 &#8211; 118cm | An: 160cm | D: 80cm Silla: Inwerk | Strategio | Tela \/ Red | Negro | Marco met\u00e1lico blanco | Altura y profundidad | [&hellip;]<\/p>\n","protected":false},"featured_media":13947,"template":"","meta":{"_acf_changed":false},"product_brand":[],"product_cat":[220],"product_tag":[],"class_list":{"0":"post-20343","1":"product","2":"type-product","3":"status-publish","4":"has-post-thumbnail","6":"product_cat-conjuntos","8":"first","9":"outofstock","10":"taxable","11":"shipping-taxable","12":"purchasable","13":"product-type-auction"},"acf":[],"_links":{"self":[{"href":"https:\/\/www.sebworld-auktionen.de\/es\/wp-json\/wp\/v2\/product\/20343","targetHints":{"allow":["GET"]}}],"collection":[{"href":"https:\/\/www.sebworld-auktionen.de\/es\/wp-json\/wp\/v2\/product"}],"about":[{"href":"https:\/\/www.sebworld-auktionen.de\/es\/wp-json\/wp\/v2\/types\/product"}],"wp:featuredmedia":[{"embeddable":true,"href":"https:\/\/www.sebworld-auktionen.de\/es\/wp-json\/wp\/v2\/media\/13947"}],"wp:attachment":[{"href":"https:\/\/www.sebworld-auktionen.de\/es\/wp-json\/wp\/v2\/media?parent=20343"}],"wp:term":[{"taxonomy":"product_brand","embeddable":true,"href":"https:\/\/www.sebworld-auktionen.de\/es\/wp-json\/wp\/v2\/product_brand?post=20343"},{"taxonomy":"product_cat","embeddable":true,"href":"https:\/\/www.sebworld-auktionen.de\/es\/wp-json\/wp\/v2\/product_cat?post=20343"},{"taxonomy":"product_tag","embeddable":true,"href":"https:\/\/www.sebworld-auktionen.de\/es\/wp-json\/wp\/v2\/product_tag?post=20343"}],"curies":[{"name":"wp","href":"https:\/\/api.w.org\/{rel}","templated":true}]}}