{"id":20354,"date":"2026-04-16T14:41:44","date_gmt":"2026-04-16T12:41:44","guid":{"rendered":"https:\/\/www.sebworld-auktionen.de\/produkt\/caja-de-almacenamiento-usm-haller-6"},"modified":"2026-04-16T14:41:44","modified_gmt":"2026-04-16T12:41:44","slug":"caja-de-almacenamiento-usm-haller-6","status":"publish","type":"product","link":"https:\/\/www.sebworld-auktionen.de\/es\/lotes\/caja-de-almacenamiento-usm-haller-6","title":{"rendered":"Caja de almacenamiento USM Haller"},"content":{"rendered":"<p>2\u00aa generaci\u00f3n | RAL 9010 blanco puro | con l\u00e1minas perforadas | Altura: 39cm | An: 25cm | R\u00e9: 25 cm<\/p>\n","protected":false},"excerpt":{"rendered":"<p>2\u00aa generaci\u00f3n | RAL 9010 blanco puro | con l\u00e1minas perforadas | Altura: 39cm | An: 25cm | R\u00e9: 25 cm<\/p>\n","protected":false},"featured_media":14195,"template":"","meta":{"_acf_changed":false},"product_brand":[],"product_cat":[202],"product_tag":[],"class_list":{"0":"post-20354","1":"product","2":"type-product","3":"status-publish","4":"has-post-thumbnail","6":"product_cat-miscelanea","8":"first","9":"instock","10":"taxable","11":"shipping-taxable","12":"purchasable","13":"product-type-auction"},"acf":[],"_links":{"self":[{"href":"https:\/\/www.sebworld-auktionen.de\/es\/wp-json\/wp\/v2\/product\/20354","targetHints":{"allow":["GET"]}}],"collection":[{"href":"https:\/\/www.sebworld-auktionen.de\/es\/wp-json\/wp\/v2\/product"}],"about":[{"href":"https:\/\/www.sebworld-auktionen.de\/es\/wp-json\/wp\/v2\/types\/product"}],"wp:featuredmedia":[{"embeddable":true,"href":"https:\/\/www.sebworld-auktionen.de\/es\/wp-json\/wp\/v2\/media\/14195"}],"wp:attachment":[{"href":"https:\/\/www.sebworld-auktionen.de\/es\/wp-json\/wp\/v2\/media?parent=20354"}],"wp:term":[{"taxonomy":"product_brand","embeddable":true,"href":"https:\/\/www.sebworld-auktionen.de\/es\/wp-json\/wp\/v2\/product_brand?post=20354"},{"taxonomy":"product_cat","embeddable":true,"href":"https:\/\/www.sebworld-auktionen.de\/es\/wp-json\/wp\/v2\/product_cat?post=20354"},{"taxonomy":"product_tag","embeddable":true,"href":"https:\/\/www.sebworld-auktionen.de\/es\/wp-json\/wp\/v2\/product_tag?post=20354"}],"curies":[{"name":"wp","href":"https:\/\/api.w.org\/{rel}","templated":true}]}}