{"id":20453,"date":"2026-04-17T08:31:09","date_gmt":"2026-04-17T06:31:09","guid":{"rendered":"https:\/\/www.sebworld-auktionen.de\/produkt\/conac-de-cuero-wittmann-kubus"},"modified":"2026-04-17T08:31:09","modified_gmt":"2026-04-17T06:31:09","slug":"conac-de-cuero-wittmann-kubus","status":"publish","type":"product","link":"https:\/\/www.sebworld-auktionen.de\/es\/lotes\/conac-de-cuero-wittmann-kubus","title":{"rendered":"Co\u00f1ac de cuero Wittmann Kubus"},"content":{"rendered":"<p>Cuero | Co\u00f1ac | Marco de madera | Altura: 72cm | Altura: 43cm | Ancho: 90cm | R\u00e9: 75cm<\/p>\n","protected":false},"excerpt":{"rendered":"<p>Cuero | Co\u00f1ac | Marco de madera | Altura: 72cm | Altura: 43cm | Ancho: 90cm | R\u00e9: 75cm<\/p>\n","protected":false},"featured_media":14357,"template":"","meta":{"_acf_changed":false},"product_brand":[],"product_cat":[170],"product_tag":[],"class_list":{"0":"post-20453","1":"product","2":"type-product","3":"status-publish","4":"has-post-thumbnail","6":"product_cat-sillon","8":"first","9":"instock","10":"taxable","11":"shipping-taxable","12":"purchasable","13":"product-type-auction"},"acf":[],"_links":{"self":[{"href":"https:\/\/www.sebworld-auktionen.de\/es\/wp-json\/wp\/v2\/product\/20453","targetHints":{"allow":["GET"]}}],"collection":[{"href":"https:\/\/www.sebworld-auktionen.de\/es\/wp-json\/wp\/v2\/product"}],"about":[{"href":"https:\/\/www.sebworld-auktionen.de\/es\/wp-json\/wp\/v2\/types\/product"}],"wp:featuredmedia":[{"embeddable":true,"href":"https:\/\/www.sebworld-auktionen.de\/es\/wp-json\/wp\/v2\/media\/14357"}],"wp:attachment":[{"href":"https:\/\/www.sebworld-auktionen.de\/es\/wp-json\/wp\/v2\/media?parent=20453"}],"wp:term":[{"taxonomy":"product_brand","embeddable":true,"href":"https:\/\/www.sebworld-auktionen.de\/es\/wp-json\/wp\/v2\/product_brand?post=20453"},{"taxonomy":"product_cat","embeddable":true,"href":"https:\/\/www.sebworld-auktionen.de\/es\/wp-json\/wp\/v2\/product_cat?post=20453"},{"taxonomy":"product_tag","embeddable":true,"href":"https:\/\/www.sebworld-auktionen.de\/es\/wp-json\/wp\/v2\/product_tag?post=20453"}],"curies":[{"name":"wp","href":"https:\/\/api.w.org\/{rel}","templated":true}]}}