{"id":21072,"date":"2026-04-20T14:40:28","date_gmt":"2026-04-20T12:40:28","guid":{"rendered":"https:\/\/www.sebworld-auktionen.de\/produkt\/walter-knoll-pollock-cuero-ejecutivo-marron-claro-2"},"modified":"2026-04-20T14:40:28","modified_gmt":"2026-04-20T12:40:28","slug":"walter-knoll-pollock-cuero-ejecutivo-marron-claro-2","status":"publish","type":"product","link":"https:\/\/www.sebworld-auktionen.de\/es\/lotes\/walter-knoll-pollock-cuero-ejecutivo-marron-claro-2","title":{"rendered":"Walter Knoll Pollock Cuero Ejecutivo Marr\u00f3n Claro"},"content":{"rendered":"<p>Cuero | Marr\u00f3n claro | Parte trasera madera negra | Marco met\u00e1lico cromado \/ negro | Giratorio | H: 82cm | SH: 45cm | An: 65cm | D: 65cm<\/p>\n","protected":false},"excerpt":{"rendered":"<p>Cuero | Marr\u00f3n claro | Parte trasera madera negra | Marco met\u00e1lico cromado \/ negro | Giratorio | H: 82cm | SH: 45cm | An: 65cm | D: 65cm<\/p>\n","protected":false},"featured_media":14911,"template":"","meta":{"_acf_changed":false},"product_brand":[],"product_cat":[242],"product_tag":[],"class_list":{"0":"post-21072","1":"product","2":"type-product","3":"status-publish","4":"has-post-thumbnail","6":"product_cat-sillas-de-visitantes","8":"first","9":"instock","10":"taxable","11":"shipping-taxable","12":"purchasable","13":"product-type-auction"},"acf":[],"_links":{"self":[{"href":"https:\/\/www.sebworld-auktionen.de\/es\/wp-json\/wp\/v2\/product\/21072","targetHints":{"allow":["GET"]}}],"collection":[{"href":"https:\/\/www.sebworld-auktionen.de\/es\/wp-json\/wp\/v2\/product"}],"about":[{"href":"https:\/\/www.sebworld-auktionen.de\/es\/wp-json\/wp\/v2\/types\/product"}],"wp:featuredmedia":[{"embeddable":true,"href":"https:\/\/www.sebworld-auktionen.de\/es\/wp-json\/wp\/v2\/media\/14911"}],"wp:attachment":[{"href":"https:\/\/www.sebworld-auktionen.de\/es\/wp-json\/wp\/v2\/media?parent=21072"}],"wp:term":[{"taxonomy":"product_brand","embeddable":true,"href":"https:\/\/www.sebworld-auktionen.de\/es\/wp-json\/wp\/v2\/product_brand?post=21072"},{"taxonomy":"product_cat","embeddable":true,"href":"https:\/\/www.sebworld-auktionen.de\/es\/wp-json\/wp\/v2\/product_cat?post=21072"},{"taxonomy":"product_tag","embeddable":true,"href":"https:\/\/www.sebworld-auktionen.de\/es\/wp-json\/wp\/v2\/product_tag?post=21072"}],"curies":[{"name":"wp","href":"https:\/\/api.w.org\/{rel}","templated":true}]}}