{"id":21659,"date":"2026-04-27T13:53:01","date_gmt":"2026-04-27T11:53:01","guid":{"rendered":"https:\/\/www.sebworld-auktionen.de\/produkt\/oficina-de-nivel-regente-gris-metalico-11"},"modified":"2026-04-27T13:53:01","modified_gmt":"2026-04-27T11:53:01","slug":"oficina-de-nivel-regente-gris-metalico-11","status":"publish","type":"product","link":"https:\/\/www.sebworld-auktionen.de\/es\/lotes\/oficina-de-nivel-regente-gris-metalico-11","title":{"rendered":"Oficina de nivel regente gris met\u00e1lico"},"content":{"rendered":"<p>Metal | Gris | con tubo fluorescente | con sensor | soporte en el centro | base con cuatro agujeros | H: 190cm | E: 35cm | Re: 42cm<br \/>\n* Las fotos muestran una l\u00e1mpara como ejemplo; Las l\u00e1mparas de pie Regent son id\u00e9nticas en construcci\u00f3n.*<\/p>\n","protected":false},"excerpt":{"rendered":"<p>Metal | Gris | con tubo fluorescente | con sensor | soporte en el centro | base con cuatro agujeros | H: 190cm | E: 35cm | Re: 42cm * Las fotos muestran una l\u00e1mpara como ejemplo; Las l\u00e1mparas de pie Regent son id\u00e9nticas en construcci\u00f3n.*<\/p>\n","protected":false},"featured_media":15469,"template":"","meta":{"_acf_changed":false},"product_brand":[],"product_cat":[210],"product_tag":[],"class_list":{"0":"post-21659","1":"product","2":"type-product","3":"status-publish","4":"has-post-thumbnail","6":"product_cat-lamparas-de-pie","8":"first","9":"instock","10":"taxable","11":"shipping-taxable","12":"purchasable","13":"product-type-auction"},"acf":[],"_links":{"self":[{"href":"https:\/\/www.sebworld-auktionen.de\/es\/wp-json\/wp\/v2\/product\/21659","targetHints":{"allow":["GET"]}}],"collection":[{"href":"https:\/\/www.sebworld-auktionen.de\/es\/wp-json\/wp\/v2\/product"}],"about":[{"href":"https:\/\/www.sebworld-auktionen.de\/es\/wp-json\/wp\/v2\/types\/product"}],"wp:featuredmedia":[{"embeddable":true,"href":"https:\/\/www.sebworld-auktionen.de\/es\/wp-json\/wp\/v2\/media\/15469"}],"wp:attachment":[{"href":"https:\/\/www.sebworld-auktionen.de\/es\/wp-json\/wp\/v2\/media?parent=21659"}],"wp:term":[{"taxonomy":"product_brand","embeddable":true,"href":"https:\/\/www.sebworld-auktionen.de\/es\/wp-json\/wp\/v2\/product_brand?post=21659"},{"taxonomy":"product_cat","embeddable":true,"href":"https:\/\/www.sebworld-auktionen.de\/es\/wp-json\/wp\/v2\/product_cat?post=21659"},{"taxonomy":"product_tag","embeddable":true,"href":"https:\/\/www.sebworld-auktionen.de\/es\/wp-json\/wp\/v2\/product_tag?post=21659"}],"curies":[{"name":"wp","href":"https:\/\/api.w.org\/{rel}","templated":true}]}}