{"id":21863,"date":"2026-04-13T10:15:50","date_gmt":"2026-04-13T08:15:50","guid":{"rendered":"https:\/\/www.sebworld-auktionen.de\/produkt\/fotografia-de-impresion-en-vidrio-con-triptico"},"modified":"2026-04-13T10:15:50","modified_gmt":"2026-04-13T08:15:50","slug":"fotografia-de-impresion-en-vidrio-con-triptico","status":"publish","type":"product","link":"https:\/\/www.sebworld-auktionen.de\/es\/lotes\/fotografia-de-impresion-en-vidrio-con-triptico","title":{"rendered":"Fotograf\u00eda de impresi\u00f3n en vidrio con tr\u00edptico"},"content":{"rendered":"<p>Impresi\u00f3n sobre vidrio | con tapices de pared | H: 160cm | W: 3x 80cm<br \/>\nArtista desconocido<\/p>\n<p>*Visualizaci\u00f3n y recogida: Redcarstr. 3, 53842 Troisdorf* <\/p>\n","protected":false},"excerpt":{"rendered":"<p>Impresi\u00f3n sobre vidrio | con tapices de pared | H: 160cm | W: 3x 80cm Artista desconocido *Visualizaci\u00f3n y recogida: Redcarstr. 3, 53842 Troisdorf*<\/p>\n","protected":false},"featured_media":13684,"template":"","meta":{"_acf_changed":false},"product_brand":[],"product_cat":[194],"product_tag":[],"class_list":{"0":"post-21863","1":"product","2":"type-product","3":"status-publish","4":"has-post-thumbnail","6":"product_cat-pinturas","8":"first","9":"instock","10":"taxable","11":"shipping-taxable","12":"purchasable","13":"product-type-auction"},"acf":[],"_links":{"self":[{"href":"https:\/\/www.sebworld-auktionen.de\/es\/wp-json\/wp\/v2\/product\/21863","targetHints":{"allow":["GET"]}}],"collection":[{"href":"https:\/\/www.sebworld-auktionen.de\/es\/wp-json\/wp\/v2\/product"}],"about":[{"href":"https:\/\/www.sebworld-auktionen.de\/es\/wp-json\/wp\/v2\/types\/product"}],"wp:featuredmedia":[{"embeddable":true,"href":"https:\/\/www.sebworld-auktionen.de\/es\/wp-json\/wp\/v2\/media\/13684"}],"wp:attachment":[{"href":"https:\/\/www.sebworld-auktionen.de\/es\/wp-json\/wp\/v2\/media?parent=21863"}],"wp:term":[{"taxonomy":"product_brand","embeddable":true,"href":"https:\/\/www.sebworld-auktionen.de\/es\/wp-json\/wp\/v2\/product_brand?post=21863"},{"taxonomy":"product_cat","embeddable":true,"href":"https:\/\/www.sebworld-auktionen.de\/es\/wp-json\/wp\/v2\/product_cat?post=21863"},{"taxonomy":"product_tag","embeddable":true,"href":"https:\/\/www.sebworld-auktionen.de\/es\/wp-json\/wp\/v2\/product_tag?post=21863"}],"curies":[{"name":"wp","href":"https:\/\/api.w.org\/{rel}","templated":true}]}}