{"id":21885,"date":"2026-04-13T10:24:32","date_gmt":"2026-04-13T08:24:32","guid":{"rendered":"https:\/\/www.sebworld-auktionen.de\/produkt\/grabado-enmarcado-joan-miro-le-lezard-aux-plumes-dor"},"modified":"2026-04-13T10:24:32","modified_gmt":"2026-04-13T08:24:32","slug":"grabado-enmarcado-joan-miro-le-lezard-aux-plumes-dor","status":"publish","type":"product","link":"https:\/\/www.sebworld-auktionen.de\/es\/lotes\/grabado-enmarcado-joan-miro-le-lezard-aux-plumes-dor","title":{"rendered":"Grabado enmarcado \u00abJoan Mir\u00f3 &#8211; Le L\u00e9zard aux plumes d&#8217;or\u00bb"},"content":{"rendered":"<p>Joan Mir\u00f3 &#8211; Le L\u00e9zard aux plumes d&#8217;or, 1971<br \/>\nImpresi\u00f3n sobre papel | marco de madera negra | H: 76cm | P: 205cm<br \/>\nImpresi\u00f3n de 1993<\/p>\n<p>*Visualizaci\u00f3n y recogida: Redcarstr. 3, 53842 Troisdorf* <\/p>\n","protected":false},"excerpt":{"rendered":"<p>Joan Mir\u00f3 &#8211; Le L\u00e9zard aux plumes d&#8217;or, 1971 Impresi\u00f3n sobre papel | marco de madera negra | H: 76cm | P: 205cm Impresi\u00f3n de 1993 *Visualizaci\u00f3n y recogida: Redcarstr. 3, 53842 Troisdorf*<\/p>\n","protected":false},"featured_media":13902,"template":"","meta":{"_acf_changed":false},"product_brand":[],"product_cat":[194],"product_tag":[],"class_list":{"0":"post-21885","1":"product","2":"type-product","3":"status-publish","4":"has-post-thumbnail","6":"product_cat-pinturas","8":"first","9":"instock","10":"taxable","11":"shipping-taxable","12":"purchasable","13":"product-type-auction"},"acf":[],"_links":{"self":[{"href":"https:\/\/www.sebworld-auktionen.de\/es\/wp-json\/wp\/v2\/product\/21885","targetHints":{"allow":["GET"]}}],"collection":[{"href":"https:\/\/www.sebworld-auktionen.de\/es\/wp-json\/wp\/v2\/product"}],"about":[{"href":"https:\/\/www.sebworld-auktionen.de\/es\/wp-json\/wp\/v2\/types\/product"}],"wp:featuredmedia":[{"embeddable":true,"href":"https:\/\/www.sebworld-auktionen.de\/es\/wp-json\/wp\/v2\/media\/13902"}],"wp:attachment":[{"href":"https:\/\/www.sebworld-auktionen.de\/es\/wp-json\/wp\/v2\/media?parent=21885"}],"wp:term":[{"taxonomy":"product_brand","embeddable":true,"href":"https:\/\/www.sebworld-auktionen.de\/es\/wp-json\/wp\/v2\/product_brand?post=21885"},{"taxonomy":"product_cat","embeddable":true,"href":"https:\/\/www.sebworld-auktionen.de\/es\/wp-json\/wp\/v2\/product_cat?post=21885"},{"taxonomy":"product_tag","embeddable":true,"href":"https:\/\/www.sebworld-auktionen.de\/es\/wp-json\/wp\/v2\/product_tag?post=21885"}],"curies":[{"name":"wp","href":"https:\/\/api.w.org\/{rel}","templated":true}]}}