{"id":22004,"date":"2026-04-13T09:59:51","date_gmt":"2026-04-13T07:59:51","guid":{"rendered":"https:\/\/www.sebworld-auktionen.de\/produkt\/impresion-diptica-sobre-lienzo-2"},"modified":"2026-04-13T09:59:51","modified_gmt":"2026-04-13T07:59:51","slug":"impresion-diptica-sobre-lienzo-2","status":"publish","type":"product","link":"https:\/\/www.sebworld-auktionen.de\/es\/lotes\/impresion-diptica-sobre-lienzo-2","title":{"rendered":"Impresi\u00f3n d\u00edptica sobre lienzo"},"content":{"rendered":"<p>Impresi\u00f3n sobre lienzo | Marco de madera con refuerzo | Altura: 200cm | Luz: 2x 130cm<br \/>\nArtista desconocido, firma ver fotos<\/p>\n<p>*Visualizaci\u00f3n y recogida: Redcarstr. 3, 53842 Troisdorf* <\/p>\n","protected":false},"excerpt":{"rendered":"<p>Impresi\u00f3n sobre lienzo | Marco de madera con refuerzo | Altura: 200cm | Luz: 2x 130cm Artista desconocido, firma ver fotos *Visualizaci\u00f3n y recogida: Redcarstr. 3, 53842 Troisdorf*<\/p>\n","protected":false},"featured_media":13675,"template":"","meta":{"_acf_changed":false},"product_brand":[],"product_cat":[194],"product_tag":[],"class_list":{"0":"post-22004","1":"product","2":"type-product","3":"status-publish","4":"has-post-thumbnail","6":"product_cat-pinturas","8":"first","9":"outofstock","10":"taxable","11":"shipping-taxable","12":"purchasable","13":"product-type-auction"},"acf":[],"_links":{"self":[{"href":"https:\/\/www.sebworld-auktionen.de\/es\/wp-json\/wp\/v2\/product\/22004","targetHints":{"allow":["GET"]}}],"collection":[{"href":"https:\/\/www.sebworld-auktionen.de\/es\/wp-json\/wp\/v2\/product"}],"about":[{"href":"https:\/\/www.sebworld-auktionen.de\/es\/wp-json\/wp\/v2\/types\/product"}],"wp:featuredmedia":[{"embeddable":true,"href":"https:\/\/www.sebworld-auktionen.de\/es\/wp-json\/wp\/v2\/media\/13675"}],"wp:attachment":[{"href":"https:\/\/www.sebworld-auktionen.de\/es\/wp-json\/wp\/v2\/media?parent=22004"}],"wp:term":[{"taxonomy":"product_brand","embeddable":true,"href":"https:\/\/www.sebworld-auktionen.de\/es\/wp-json\/wp\/v2\/product_brand?post=22004"},{"taxonomy":"product_cat","embeddable":true,"href":"https:\/\/www.sebworld-auktionen.de\/es\/wp-json\/wp\/v2\/product_cat?post=22004"},{"taxonomy":"product_tag","embeddable":true,"href":"https:\/\/www.sebworld-auktionen.de\/es\/wp-json\/wp\/v2\/product_tag?post=22004"}],"curies":[{"name":"wp","href":"https:\/\/api.w.org\/{rel}","templated":true}]}}