{"id":22063,"date":"2026-04-13T09:53:44","date_gmt":"2026-04-13T07:53:44","guid":{"rendered":"https:\/\/www.sebworld-auktionen.de\/produkt\/plato-giratorio-tripode-franken-150-x-100-cm-blanco"},"modified":"2026-04-13T09:53:44","modified_gmt":"2026-04-13T07:53:44","slug":"plato-giratorio-tripode-franken-150-x-100-cm-blanco","status":"publish","type":"product","link":"https:\/\/www.sebworld-auktionen.de\/es\/lotes\/plato-giratorio-tripode-franken-150-x-100-cm-blanco","title":{"rendered":"Plato giratorio tr\u00edpode FRANKEN 150 x 100 cm Blanco"},"content":{"rendered":"<p>Acero | Blanco | Marco Gris Met\u00e1lico | puede girarse horizontalmente a trav\u00e9s de 360\u00b0 | magn\u00e9tico | Seco \/ h\u00famedo lavable<br \/>\nDimensiones totales: H: 190cm | An: 170,5cm | Pizarra: 61cm<br \/>\nPizarra: H: 100cm | W: 150cm<\/p>\n<p>*Visualizaci\u00f3n y recogida: Redcarstr. 3, 53842 Troisdorf* <\/p>\n","protected":false},"excerpt":{"rendered":"<p>Acero | Blanco | Marco Gris Met\u00e1lico | puede girarse horizontalmente a trav\u00e9s de 360\u00b0 | magn\u00e9tico | Seco \/ h\u00famedo lavable Dimensiones totales: H: 190cm | An: 170,5cm | Pizarra: 61cm Pizarra: H: 100cm | W: 150cm *Visualizaci\u00f3n y recogida: Redcarstr. 3, 53842 Troisdorf*<\/p>\n","protected":false},"featured_media":13666,"template":"","meta":{"_acf_changed":false},"product_brand":[],"product_cat":[224],"product_tag":[],"class_list":{"0":"post-22063","1":"product","2":"type-product","3":"status-publish","4":"has-post-thumbnail","6":"product_cat-material-de-oficina","8":"first","9":"instock","10":"taxable","11":"shipping-taxable","12":"purchasable","13":"product-type-auction"},"acf":[],"_links":{"self":[{"href":"https:\/\/www.sebworld-auktionen.de\/es\/wp-json\/wp\/v2\/product\/22063","targetHints":{"allow":["GET"]}}],"collection":[{"href":"https:\/\/www.sebworld-auktionen.de\/es\/wp-json\/wp\/v2\/product"}],"about":[{"href":"https:\/\/www.sebworld-auktionen.de\/es\/wp-json\/wp\/v2\/types\/product"}],"wp:featuredmedia":[{"embeddable":true,"href":"https:\/\/www.sebworld-auktionen.de\/es\/wp-json\/wp\/v2\/media\/13666"}],"wp:attachment":[{"href":"https:\/\/www.sebworld-auktionen.de\/es\/wp-json\/wp\/v2\/media?parent=22063"}],"wp:term":[{"taxonomy":"product_brand","embeddable":true,"href":"https:\/\/www.sebworld-auktionen.de\/es\/wp-json\/wp\/v2\/product_brand?post=22063"},{"taxonomy":"product_cat","embeddable":true,"href":"https:\/\/www.sebworld-auktionen.de\/es\/wp-json\/wp\/v2\/product_cat?post=22063"},{"taxonomy":"product_tag","embeddable":true,"href":"https:\/\/www.sebworld-auktionen.de\/es\/wp-json\/wp\/v2\/product_tag?post=22063"}],"curies":[{"name":"wp","href":"https:\/\/api.w.org\/{rel}","templated":true}]}}