{"id":22110,"date":"2026-04-13T09:39:26","date_gmt":"2026-04-13T07:39:26","guid":{"rendered":"https:\/\/www.sebworld-auktionen.de\/produkt\/legamaster-flipchart-sketch-ajustable-en-altura"},"modified":"2026-04-13T09:39:26","modified_gmt":"2026-04-13T07:39:26","slug":"legamaster-flipchart-sketch-ajustable-en-altura","status":"publish","type":"product","link":"https:\/\/www.sebworld-auktionen.de\/es\/lotes\/legamaster-flipchart-sketch-ajustable-en-altura","title":{"rendered":"Legamaster Flipchart Sketch ajustable en altura"},"content":{"rendered":"<p>Marco met\u00e1lico | en ruedas | altura ajustable<br \/>\nDimensiones totales: H: 180 &#8211; 250cm | An: 62cm | \u00d8 marco: 62cm<br \/>\nDimensiones de la superficie de trabajo: Alto: 103cm | An: 67cm<\/p>\n<p>*Visualizaci\u00f3n y recogida: Redcarstr. 3, 53842 Troisdorf* <\/p>\n","protected":false},"excerpt":{"rendered":"<p>Marco met\u00e1lico | en ruedas | altura ajustable Dimensiones totales: H: 180 &#8211; 250cm | An: 62cm | \u00d8 marco: 62cm Dimensiones de la superficie de trabajo: Alto: 103cm | An: 67cm *Visualizaci\u00f3n y recogida: Redcarstr. 3, 53842 Troisdorf*<\/p>\n","protected":false},"featured_media":13788,"template":"","meta":{"_acf_changed":false},"product_brand":[],"product_cat":[224],"product_tag":[],"class_list":{"0":"post-22110","1":"product","2":"type-product","3":"status-publish","4":"has-post-thumbnail","6":"product_cat-material-de-oficina","8":"first","9":"outofstock","10":"taxable","11":"shipping-taxable","12":"purchasable","13":"product-type-auction"},"acf":[],"_links":{"self":[{"href":"https:\/\/www.sebworld-auktionen.de\/es\/wp-json\/wp\/v2\/product\/22110","targetHints":{"allow":["GET"]}}],"collection":[{"href":"https:\/\/www.sebworld-auktionen.de\/es\/wp-json\/wp\/v2\/product"}],"about":[{"href":"https:\/\/www.sebworld-auktionen.de\/es\/wp-json\/wp\/v2\/types\/product"}],"wp:featuredmedia":[{"embeddable":true,"href":"https:\/\/www.sebworld-auktionen.de\/es\/wp-json\/wp\/v2\/media\/13788"}],"wp:attachment":[{"href":"https:\/\/www.sebworld-auktionen.de\/es\/wp-json\/wp\/v2\/media?parent=22110"}],"wp:term":[{"taxonomy":"product_brand","embeddable":true,"href":"https:\/\/www.sebworld-auktionen.de\/es\/wp-json\/wp\/v2\/product_brand?post=22110"},{"taxonomy":"product_cat","embeddable":true,"href":"https:\/\/www.sebworld-auktionen.de\/es\/wp-json\/wp\/v2\/product_cat?post=22110"},{"taxonomy":"product_tag","embeddable":true,"href":"https:\/\/www.sebworld-auktionen.de\/es\/wp-json\/wp\/v2\/product_tag?post=22110"}],"curies":[{"name":"wp","href":"https:\/\/api.w.org\/{rel}","templated":true}]}}