{"id":22214,"date":"2026-04-10T14:48:50","date_gmt":"2026-04-10T12:48:50","guid":{"rendered":"https:\/\/www.sebworld-auktionen.de\/produkt\/juego-de-decoracion-con-jarrones-y-busto-de-leon"},"modified":"2026-04-10T14:48:50","modified_gmt":"2026-04-10T12:48:50","slug":"juego-de-decoracion-con-jarrones-y-busto-de-leon","status":"publish","type":"product","link":"https:\/\/www.sebworld-auktionen.de\/es\/lotes\/juego-de-decoracion-con-jarrones-y-busto-de-leon","title":{"rendered":"Juego de decoraci\u00f3n con jarrones y busto de le\u00f3n"},"content":{"rendered":"<p>Juego de decoraci\u00f3n | 1x Jarr\u00f3n con flor seca | 1x Jarr\u00f3n | 1x Busto de Le\u00f3n<\/p>\n","protected":false},"excerpt":{"rendered":"<p>Juego de decoraci\u00f3n | 1x Jarr\u00f3n con flor seca | 1x Jarr\u00f3n | 1x Busto de Le\u00f3n<\/p>\n","protected":false},"featured_media":13635,"template":"","meta":{"_acf_changed":false},"product_brand":[],"product_cat":[252],"product_tag":[],"class_list":{"0":"post-22214","1":"product","2":"type-product","3":"status-publish","4":"has-post-thumbnail","6":"product_cat-condecoracion","8":"first","9":"outofstock","10":"taxable","11":"shipping-taxable","12":"purchasable","13":"product-type-auction"},"acf":[],"_links":{"self":[{"href":"https:\/\/www.sebworld-auktionen.de\/es\/wp-json\/wp\/v2\/product\/22214","targetHints":{"allow":["GET"]}}],"collection":[{"href":"https:\/\/www.sebworld-auktionen.de\/es\/wp-json\/wp\/v2\/product"}],"about":[{"href":"https:\/\/www.sebworld-auktionen.de\/es\/wp-json\/wp\/v2\/types\/product"}],"wp:featuredmedia":[{"embeddable":true,"href":"https:\/\/www.sebworld-auktionen.de\/es\/wp-json\/wp\/v2\/media\/13635"}],"wp:attachment":[{"href":"https:\/\/www.sebworld-auktionen.de\/es\/wp-json\/wp\/v2\/media?parent=22214"}],"wp:term":[{"taxonomy":"product_brand","embeddable":true,"href":"https:\/\/www.sebworld-auktionen.de\/es\/wp-json\/wp\/v2\/product_brand?post=22214"},{"taxonomy":"product_cat","embeddable":true,"href":"https:\/\/www.sebworld-auktionen.de\/es\/wp-json\/wp\/v2\/product_cat?post=22214"},{"taxonomy":"product_tag","embeddable":true,"href":"https:\/\/www.sebworld-auktionen.de\/es\/wp-json\/wp\/v2\/product_tag?post=22214"}],"curies":[{"name":"wp","href":"https:\/\/api.w.org\/{rel}","templated":true}]}}