{"id":22277,"date":"2026-04-15T10:02:04","date_gmt":"2026-04-15T08:02:04","guid":{"rendered":"https:\/\/www.sebworld-auktionen.de\/produkt\/oficina-hecha-de-kn-electr-hoehenv-escritorio-silla-giratoria-de-oficina-cor-contenedor-movil-walter-knoll-3"},"modified":"2026-04-15T10:02:04","modified_gmt":"2026-04-15T08:02:04","slug":"oficina-hecha-de-kn-electr-hoehenv-escritorio-silla-giratoria-de-oficina-cor-contenedor-movil-walter-knoll-3","status":"publish","type":"product","link":"https:\/\/www.sebworld-auktionen.de\/es\/lotes\/oficina-hecha-de-kn-electr-hoehenv-escritorio-silla-giratoria-de-oficina-cor-contenedor-movil-walter-knoll-3","title":{"rendered":"Oficina hecha de K&amp;N electr. H\u00f6henv. Escritorio + Silla giratoria de oficina Cor + Contenedor m\u00f3vil Walter Knoll"},"content":{"rendered":"<p>Escritorio: K\u00f6nig + Neurath | TALO. S electr, altura ajustable | Resina sint\u00e9tica | Blanca | con bandeja para cables y 2x salida de cable | H: 68 &#8211; 118cm | E: 160cm | D: 80cm<br \/>\nSilla: Cor | Tela | Amarillo | Marco de aluminio pulido | H: 87cm | SH: 42cm | W: 73cm | D: 75cm<br \/>\nContenedor m\u00f3vil: Walter Knoll | Metal | Blanco | 2x cajones | Cierre suave | H: 52,5cm | D: 40,5cm | D: 56cm<\/p>\n<p>* Las fotos son ejemplares, todos los sets son id\u00e9nticos | Visualizaci\u00f3n y colecci\u00f3n: Marie-Curie-Stra\u00dfe 5, 53757 Sankt Augustin*<\/p>\n","protected":false},"excerpt":{"rendered":"<p>Escritorio: K\u00f6nig + Neurath | TALO. S electr, altura ajustable | Resina sint\u00e9tica | Blanca | con bandeja para cables y 2x salida de cable | H: 68 &#8211; 118cm | E: 160cm | D: 80cm Silla: Cor | Tela | Amarillo | Marco de aluminio pulido | H: 87cm | SH: 42cm | W: [&hellip;]<\/p>\n","protected":false},"featured_media":13976,"template":"","meta":{"_acf_changed":false},"product_brand":[],"product_cat":[220],"product_tag":[],"class_list":{"0":"post-22277","1":"product","2":"type-product","3":"status-publish","4":"has-post-thumbnail","6":"product_cat-conjuntos","8":"first","9":"outofstock","10":"taxable","11":"shipping-taxable","12":"purchasable","13":"product-type-auction"},"acf":[],"_links":{"self":[{"href":"https:\/\/www.sebworld-auktionen.de\/es\/wp-json\/wp\/v2\/product\/22277","targetHints":{"allow":["GET"]}}],"collection":[{"href":"https:\/\/www.sebworld-auktionen.de\/es\/wp-json\/wp\/v2\/product"}],"about":[{"href":"https:\/\/www.sebworld-auktionen.de\/es\/wp-json\/wp\/v2\/types\/product"}],"wp:featuredmedia":[{"embeddable":true,"href":"https:\/\/www.sebworld-auktionen.de\/es\/wp-json\/wp\/v2\/media\/13976"}],"wp:attachment":[{"href":"https:\/\/www.sebworld-auktionen.de\/es\/wp-json\/wp\/v2\/media?parent=22277"}],"wp:term":[{"taxonomy":"product_brand","embeddable":true,"href":"https:\/\/www.sebworld-auktionen.de\/es\/wp-json\/wp\/v2\/product_brand?post=22277"},{"taxonomy":"product_cat","embeddable":true,"href":"https:\/\/www.sebworld-auktionen.de\/es\/wp-json\/wp\/v2\/product_cat?post=22277"},{"taxonomy":"product_tag","embeddable":true,"href":"https:\/\/www.sebworld-auktionen.de\/es\/wp-json\/wp\/v2\/product_tag?post=22277"}],"curies":[{"name":"wp","href":"https:\/\/api.w.org\/{rel}","templated":true}]}}