{"id":22557,"date":"2026-04-16T10:46:13","date_gmt":"2026-04-16T08:46:13","guid":{"rendered":"https:\/\/www.sebworld-auktionen.de\/produkt\/juego-de-mesa-de-conferencias-maro-8x-sillas-de-visitante-de-acero"},"modified":"2026-04-16T10:46:13","modified_gmt":"2026-04-16T08:46:13","slug":"juego-de-mesa-de-conferencias-maro-8x-sillas-de-visitante-de-acero","status":"publish","type":"product","link":"https:\/\/www.sebworld-auktionen.de\/es\/lotes\/juego-de-mesa-de-conferencias-maro-8x-sillas-de-visitante-de-acero","title":{"rendered":"Juego de mesa de conferencias Maro + 8x sillas de visitante de acero"},"content":{"rendered":"<p>Mesa: Resina sint\u00e9tica | Blanco | Marco met\u00e1lico gris | Altura: 73cm | An: 220cm | D: 100cm<br \/>\nSillas: Acero | Cromado | Coj\u00edn de asiento Hopsak Black | H: 85cm | SH: 43cm | E: 49cm | D: 51cm<\/p>\n<p>*Visualizaci\u00f3n y recogida: Redcarstr. 3, 53842 Troisdorf* <\/p>\n","protected":false},"excerpt":{"rendered":"<p>Mesa: Resina sint\u00e9tica | Blanco | Marco met\u00e1lico gris | Altura: 73cm | An: 220cm | D: 100cm Sillas: Acero | Cromado | Coj\u00edn de asiento Hopsak Black | H: 85cm | SH: 43cm | E: 49cm | D: 51cm *Visualizaci\u00f3n y recogida: Redcarstr. 3, 53842 Troisdorf*<\/p>\n","protected":false},"featured_media":14116,"template":"","meta":{"_acf_changed":false},"product_brand":[],"product_cat":[220],"product_tag":[],"class_list":{"0":"post-22557","1":"product","2":"type-product","3":"status-publish","4":"has-post-thumbnail","6":"product_cat-conjuntos","8":"first","9":"instock","10":"taxable","11":"shipping-taxable","12":"purchasable","13":"product-type-auction"},"acf":[],"_links":{"self":[{"href":"https:\/\/www.sebworld-auktionen.de\/es\/wp-json\/wp\/v2\/product\/22557","targetHints":{"allow":["GET"]}}],"collection":[{"href":"https:\/\/www.sebworld-auktionen.de\/es\/wp-json\/wp\/v2\/product"}],"about":[{"href":"https:\/\/www.sebworld-auktionen.de\/es\/wp-json\/wp\/v2\/types\/product"}],"wp:featuredmedia":[{"embeddable":true,"href":"https:\/\/www.sebworld-auktionen.de\/es\/wp-json\/wp\/v2\/media\/14116"}],"wp:attachment":[{"href":"https:\/\/www.sebworld-auktionen.de\/es\/wp-json\/wp\/v2\/media?parent=22557"}],"wp:term":[{"taxonomy":"product_brand","embeddable":true,"href":"https:\/\/www.sebworld-auktionen.de\/es\/wp-json\/wp\/v2\/product_brand?post=22557"},{"taxonomy":"product_cat","embeddable":true,"href":"https:\/\/www.sebworld-auktionen.de\/es\/wp-json\/wp\/v2\/product_cat?post=22557"},{"taxonomy":"product_tag","embeddable":true,"href":"https:\/\/www.sebworld-auktionen.de\/es\/wp-json\/wp\/v2\/product_tag?post=22557"}],"curies":[{"name":"wp","href":"https:\/\/api.w.org\/{rel}","templated":true}]}}