{"id":23371,"date":"2026-04-22T15:31:04","date_gmt":"2026-04-22T13:31:04","guid":{"rendered":"https:\/\/www.sebworld-auktionen.de\/produkt\/silla-de-plastico-vitra-dsw-azul-claro-de-plastico"},"modified":"2026-04-22T15:31:04","modified_gmt":"2026-04-22T13:31:04","slug":"silla-de-plastico-vitra-dsw-azul-claro-de-plastico","status":"publish","type":"product","link":"https:\/\/www.sebworld-auktionen.de\/es\/lotes\/silla-de-plastico-vitra-dsw-azul-claro-de-plastico","title":{"rendered":"Silla de pl\u00e1stico Vitra DSW Azul claro de pl\u00e1stico"},"content":{"rendered":"<p>Pl\u00e1stico | Azul claro | Marco de madera | Altura: 83cm | Altura: 46cm | Luz: 46cm | R\u00e9: 52cm<\/p>\n","protected":false},"excerpt":{"rendered":"<p>Pl\u00e1stico | Azul claro | Marco de madera | Altura: 83cm | Altura: 46cm | Luz: 46cm | R\u00e9: 52cm<\/p>\n","protected":false},"featured_media":15110,"template":"","meta":{"_acf_changed":false},"product_brand":[],"product_cat":[242],"product_tag":[],"class_list":{"0":"post-23371","1":"product","2":"type-product","3":"status-publish","4":"has-post-thumbnail","6":"product_cat-sillas-de-visitantes","8":"first","9":"instock","10":"taxable","11":"shipping-taxable","12":"purchasable","13":"product-type-auction"},"acf":[],"_links":{"self":[{"href":"https:\/\/www.sebworld-auktionen.de\/es\/wp-json\/wp\/v2\/product\/23371","targetHints":{"allow":["GET"]}}],"collection":[{"href":"https:\/\/www.sebworld-auktionen.de\/es\/wp-json\/wp\/v2\/product"}],"about":[{"href":"https:\/\/www.sebworld-auktionen.de\/es\/wp-json\/wp\/v2\/types\/product"}],"wp:featuredmedia":[{"embeddable":true,"href":"https:\/\/www.sebworld-auktionen.de\/es\/wp-json\/wp\/v2\/media\/15110"}],"wp:attachment":[{"href":"https:\/\/www.sebworld-auktionen.de\/es\/wp-json\/wp\/v2\/media?parent=23371"}],"wp:term":[{"taxonomy":"product_brand","embeddable":true,"href":"https:\/\/www.sebworld-auktionen.de\/es\/wp-json\/wp\/v2\/product_brand?post=23371"},{"taxonomy":"product_cat","embeddable":true,"href":"https:\/\/www.sebworld-auktionen.de\/es\/wp-json\/wp\/v2\/product_cat?post=23371"},{"taxonomy":"product_tag","embeddable":true,"href":"https:\/\/www.sebworld-auktionen.de\/es\/wp-json\/wp\/v2\/product_tag?post=23371"}],"curies":[{"name":"wp","href":"https:\/\/api.w.org\/{rel}","templated":true}]}}