{"id":23405,"date":"2026-04-22T16:19:56","date_gmt":"2026-04-22T14:19:56","guid":{"rendered":"https:\/\/www.sebworld-auktionen.de\/produkt\/2x-walter-knoll-369-cuero-marron-vitra-mesa-segmentada-resina-sintetica-negra"},"modified":"2026-04-22T16:19:56","modified_gmt":"2026-04-22T14:19:56","slug":"2x-walter-knoll-369-cuero-marron-vitra-mesa-segmentada-resina-sintetica-negra","status":"publish","type":"product","link":"https:\/\/www.sebworld-auktionen.de\/es\/lotes\/2x-walter-knoll-369-cuero-marron-vitra-mesa-segmentada-resina-sintetica-negra","title":{"rendered":"2x Walter Knoll 369 Cuero Marr\u00f3n + Vitra Mesa Segmentada Resina Sint\u00e9tica Negra"},"content":{"rendered":"<p>Mesa: Resina sint\u00e9tica | Negro | Marco cromado | H: 45cm | \u00d8: 90cm<br \/>\nSill\u00f3n: Juego de 2 | Cuero | Marr\u00f3n | Marco met\u00e1lico negro | H: 70cm | SH: 42cm | W: 72cm | D: 68cm<\/p>\n","protected":false},"excerpt":{"rendered":"<p>Mesa: Resina sint\u00e9tica | Negro | Marco cromado | H: 45cm | \u00d8: 90cm Sill\u00f3n: Juego de 2 | Cuero | Marr\u00f3n | Marco met\u00e1lico negro | H: 70cm | SH: 42cm | W: 72cm | D: 68cm<\/p>\n","protected":false},"featured_media":15129,"template":"","meta":{"_acf_changed":false},"product_brand":[],"product_cat":[220],"product_tag":[],"class_list":{"0":"post-23405","1":"product","2":"type-product","3":"status-publish","4":"has-post-thumbnail","6":"product_cat-conjuntos","8":"first","9":"instock","10":"taxable","11":"shipping-taxable","12":"purchasable","13":"product-type-auction"},"acf":[],"_links":{"self":[{"href":"https:\/\/www.sebworld-auktionen.de\/es\/wp-json\/wp\/v2\/product\/23405","targetHints":{"allow":["GET"]}}],"collection":[{"href":"https:\/\/www.sebworld-auktionen.de\/es\/wp-json\/wp\/v2\/product"}],"about":[{"href":"https:\/\/www.sebworld-auktionen.de\/es\/wp-json\/wp\/v2\/types\/product"}],"wp:featuredmedia":[{"embeddable":true,"href":"https:\/\/www.sebworld-auktionen.de\/es\/wp-json\/wp\/v2\/media\/15129"}],"wp:attachment":[{"href":"https:\/\/www.sebworld-auktionen.de\/es\/wp-json\/wp\/v2\/media?parent=23405"}],"wp:term":[{"taxonomy":"product_brand","embeddable":true,"href":"https:\/\/www.sebworld-auktionen.de\/es\/wp-json\/wp\/v2\/product_brand?post=23405"},{"taxonomy":"product_cat","embeddable":true,"href":"https:\/\/www.sebworld-auktionen.de\/es\/wp-json\/wp\/v2\/product_cat?post=23405"},{"taxonomy":"product_tag","embeddable":true,"href":"https:\/\/www.sebworld-auktionen.de\/es\/wp-json\/wp\/v2\/product_tag?post=23405"}],"curies":[{"name":"wp","href":"https:\/\/api.w.org\/{rel}","templated":true}]}}