{"id":23478,"date":"2026-04-22T16:25:02","date_gmt":"2026-04-22T14:25:02","guid":{"rendered":"https:\/\/www.sebworld-auktionen.de\/produkt\/2x-walter-knoll-369-cuero-marron-vitra-vitra-segmentado-resina-blanca"},"modified":"2026-04-22T16:25:02","modified_gmt":"2026-04-22T14:25:02","slug":"2x-walter-knoll-369-cuero-marron-vitra-vitra-segmentado-resina-blanca","status":"publish","type":"product","link":"https:\/\/www.sebworld-auktionen.de\/es\/lotes\/2x-walter-knoll-369-cuero-marron-vitra-vitra-segmentado-resina-blanca","title":{"rendered":"2x Walter Knoll 369 cuero marr\u00f3n + Vitra Vitra segmentado resina blanca"},"content":{"rendered":"<p>Mesa: Resina sint\u00e9tica | Blanco | Marco cromado | Alto: 58cm | An: 60cm | D: 60cm<br \/>\nSill\u00f3n: Juego de 2 | Cuero | Marr\u00f3n | Marco met\u00e1lico negro | H: 70cm | SH: 42cm | E: 72cm | D: 68cm<\/p>\n","protected":false},"excerpt":{"rendered":"<p>Mesa: Resina sint\u00e9tica | Blanco | Marco cromado | Alto: 58cm | An: 60cm | D: 60cm Sill\u00f3n: Juego de 2 | Cuero | Marr\u00f3n | Marco met\u00e1lico negro | H: 70cm | SH: 42cm | E: 72cm | D: 68cm<\/p>\n","protected":false},"featured_media":15137,"template":"","meta":{"_acf_changed":false},"product_brand":[],"product_cat":[220],"product_tag":[],"class_list":{"0":"post-23478","1":"product","2":"type-product","3":"status-publish","4":"has-post-thumbnail","6":"product_cat-conjuntos","8":"first","9":"instock","10":"taxable","11":"shipping-taxable","12":"purchasable","13":"product-type-auction"},"acf":[],"_links":{"self":[{"href":"https:\/\/www.sebworld-auktionen.de\/es\/wp-json\/wp\/v2\/product\/23478","targetHints":{"allow":["GET"]}}],"collection":[{"href":"https:\/\/www.sebworld-auktionen.de\/es\/wp-json\/wp\/v2\/product"}],"about":[{"href":"https:\/\/www.sebworld-auktionen.de\/es\/wp-json\/wp\/v2\/types\/product"}],"wp:featuredmedia":[{"embeddable":true,"href":"https:\/\/www.sebworld-auktionen.de\/es\/wp-json\/wp\/v2\/media\/15137"}],"wp:attachment":[{"href":"https:\/\/www.sebworld-auktionen.de\/es\/wp-json\/wp\/v2\/media?parent=23478"}],"wp:term":[{"taxonomy":"product_brand","embeddable":true,"href":"https:\/\/www.sebworld-auktionen.de\/es\/wp-json\/wp\/v2\/product_brand?post=23478"},{"taxonomy":"product_cat","embeddable":true,"href":"https:\/\/www.sebworld-auktionen.de\/es\/wp-json\/wp\/v2\/product_cat?post=23478"},{"taxonomy":"product_tag","embeddable":true,"href":"https:\/\/www.sebworld-auktionen.de\/es\/wp-json\/wp\/v2\/product_tag?post=23478"}],"curies":[{"name":"wp","href":"https:\/\/api.w.org\/{rel}","templated":true}]}}