{"id":23668,"date":"2026-04-13T14:15:09","date_gmt":"2026-04-13T12:15:09","guid":{"rendered":"https:\/\/www.sebworld-auktionen.de\/produkt\/tranvia-de-doble-mamparo-fetra-azul-metal-3"},"modified":"2026-04-13T14:15:09","modified_gmt":"2026-04-13T12:15:09","slug":"tranvia-de-doble-mamparo-fetra-azul-metal-3","status":"publish","type":"product","link":"https:\/\/www.sebworld-auktionen.de\/es\/lotes\/tranvia-de-doble-mamparo-fetra-azul-metal-3","title":{"rendered":"Tranv\u00eda de doble mamparo Fetra Azul Metal"},"content":{"rendered":"<p>Madera | Marco Metal Blue | Paredes finales cubiertas con madera | 2 ruedas giratorias | H: 95cm | E: 140cm | Re: 60cm<\/p>\n<p>*Las im\u00e1genes son ejemplares, todos los coches Fetra de doble mamparo son id\u00e9nticos en construcci\u00f3n | 3.53842 Troisdorf* <\/p>\n","protected":false},"excerpt":{"rendered":"<p>Madera | Marco Metal Blue | Paredes finales cubiertas con madera | 2 ruedas giratorias | H: 95cm | E: 140cm | Re: 60cm *Las im\u00e1genes son ejemplares, todos los coches Fetra de doble mamparo son id\u00e9nticos en construcci\u00f3n | 3.53842 Troisdorf*<\/p>\n","protected":false},"featured_media":13880,"template":"","meta":{"_acf_changed":false},"product_brand":[],"product_cat":[301],"product_tag":[],"class_list":{"0":"post-23668","1":"product","2":"type-product","3":"status-publish","4":"has-post-thumbnail","6":"product_cat-vagones","8":"first","9":"instock","10":"taxable","11":"shipping-taxable","12":"purchasable","13":"product-type-auction"},"acf":[],"_links":{"self":[{"href":"https:\/\/www.sebworld-auktionen.de\/es\/wp-json\/wp\/v2\/product\/23668","targetHints":{"allow":["GET"]}}],"collection":[{"href":"https:\/\/www.sebworld-auktionen.de\/es\/wp-json\/wp\/v2\/product"}],"about":[{"href":"https:\/\/www.sebworld-auktionen.de\/es\/wp-json\/wp\/v2\/types\/product"}],"wp:featuredmedia":[{"embeddable":true,"href":"https:\/\/www.sebworld-auktionen.de\/es\/wp-json\/wp\/v2\/media\/13880"}],"wp:attachment":[{"href":"https:\/\/www.sebworld-auktionen.de\/es\/wp-json\/wp\/v2\/media?parent=23668"}],"wp:term":[{"taxonomy":"product_brand","embeddable":true,"href":"https:\/\/www.sebworld-auktionen.de\/es\/wp-json\/wp\/v2\/product_brand?post=23668"},{"taxonomy":"product_cat","embeddable":true,"href":"https:\/\/www.sebworld-auktionen.de\/es\/wp-json\/wp\/v2\/product_cat?post=23668"},{"taxonomy":"product_tag","embeddable":true,"href":"https:\/\/www.sebworld-auktionen.de\/es\/wp-json\/wp\/v2\/product_tag?post=23668"}],"curies":[{"name":"wp","href":"https:\/\/api.w.org\/{rel}","templated":true}]}}