{"id":12321,"date":"2026-02-16T16:24:53","date_gmt":"2026-02-16T15:24:53","guid":{"rendered":"https:\/\/www.sebworld-auktionen.de\/service-de-livraison"},"modified":"2026-04-08T15:21:58","modified_gmt":"2026-04-08T13:21:58","slug":"service-de-livraison","status":"publish","type":"page","link":"https:\/\/www.sebworld-auktionen.de\/fr\/service-de-livraison","title":{"rendered":"Service de livraison"},"content":{"rendered":"\n<h1 class=\"wp-block-heading\">Service de livraison par des transporteurs partenaires<\/h1>\n\n<p>Nous nous ferons un plaisir de vous recommander les transporteurs externes suivants.  <br\/>Il est tr\u00e8s facile de les solliciter et de leur confier la livraison.<\/p>\n\n<p><strong>TDS &#8211; Transportdienste Stra\u00dfburg (op\u00e9rant dans toute l&rsquo;Allemagne)<\/strong><br\/>Timo Mark Strasbourg<br\/>Heider Chaussee 30<br\/>29451 Dannenberg<br\/>T\u00e9l. : 0174 \/ 7507185<br\/>E-mail : info@tstransportdienste.de<\/p>\n\n<p><strong>Lastentaxi D\u00fcsseldorf (actif dans toute l&rsquo;Allemagne)<\/strong><br\/>Erkrather Str. 296<br\/>40231 D\u00fcsseldorf<br\/>T\u00e9l. : 0211 \/ 7119789<br\/>Mobile : 0172 \/ 6179741<br\/>E-mail : info@lastentaxi-duesseldorf.de<\/p>\n\n<p><strong>Lastentaxi K\u00f6ln (actif en RNW)<br\/><\/strong>Luxemburger Str. 266<br\/>50937 K\u00f6ln<br\/>Mobile : 0152 \/ 31844481<br\/>E-mail : moebelkutsche@gmail.com<\/p>\n\n<p><strong>TD Deluxe<\/strong><br\/>Donatusstr. 102<br\/>50259 Pulheim<br\/>Mobile : 0176 107 165 15<br\/>E-mail : info@transportdienste-deluxe.de <\/p>\n\n<p><strong>Notre service Partenaire mobile<br\/><\/strong><em>(ajouts et transformations de meubles USM existants)<\/em><br\/>TD Deluxe<br\/>Donatusstr. 102<br\/>50259 Pulheim<br\/>Mobile : 0176 107 165 15<br\/>E-mail : s.deyna@transportdienste-deluxe.de <\/p>\n","protected":false},"excerpt":{"rendered":"<p>Service de livraison par des transporteurs partenaires Nous nous ferons un plaisir de vous recommander les transporteurs externes suivants. Il est tr\u00e8s facile de les solliciter et de leur confier la livraison. TDS &#8211; Transportdienste Stra\u00dfburg (op\u00e9rant dans toute l&rsquo;Allemagne)Timo Mark StrasbourgHeider Chaussee 3029451 DannenbergT\u00e9l. : 0174 \/ 7507185E-mail : info@tstransportdienste.de Lastentaxi D\u00fcsseldorf (actif dans [&hellip;]<\/p>\n","protected":false},"author":1,"featured_media":0,"parent":0,"menu_order":0,"comment_status":"closed","ping_status":"closed","template":"","meta":{"_acf_changed":false,"footnotes":""},"class_list":["post-12321","page","type-page","status-publish","hentry"],"acf":[],"_links":{"self":[{"href":"https:\/\/www.sebworld-auktionen.de\/fr\/wp-json\/wp\/v2\/pages\/12321","targetHints":{"allow":["GET"]}}],"collection":[{"href":"https:\/\/www.sebworld-auktionen.de\/fr\/wp-json\/wp\/v2\/pages"}],"about":[{"href":"https:\/\/www.sebworld-auktionen.de\/fr\/wp-json\/wp\/v2\/types\/page"}],"author":[{"embeddable":true,"href":"https:\/\/www.sebworld-auktionen.de\/fr\/wp-json\/wp\/v2\/users\/1"}],"replies":[{"embeddable":true,"href":"https:\/\/www.sebworld-auktionen.de\/fr\/wp-json\/wp\/v2\/comments?post=12321"}],"version-history":[{"count":1,"href":"https:\/\/www.sebworld-auktionen.de\/fr\/wp-json\/wp\/v2\/pages\/12321\/revisions"}],"predecessor-version":[{"id":12322,"href":"https:\/\/www.sebworld-auktionen.de\/fr\/wp-json\/wp\/v2\/pages\/12321\/revisions\/12322"}],"wp:attachment":[{"href":"https:\/\/www.sebworld-auktionen.de\/fr\/wp-json\/wp\/v2\/media?parent=12321"}],"curies":[{"name":"wp","href":"https:\/\/api.w.org\/{rel}","templated":true}]}}