{"id":12365,"date":"2025-05-12T14:52:21","date_gmt":"2025-05-12T12:52:21","guid":{"rendered":"https:\/\/www.sebworld-auktionen.de\/contact"},"modified":"2026-04-08T15:22:47","modified_gmt":"2026-04-08T13:22:47","slug":"contact","status":"publish","type":"page","link":"https:\/\/www.sebworld-auktionen.de\/fr\/contact","title":{"rendered":"Contact"},"content":{"rendered":"\n<p><strong>Sebworld Auctions<\/strong><br\/>Bonner Stra\u00dfe 40<br\/>53842 Troisdorf<br\/>Allemagne<\/p>\n\n<p><strong>Support :<\/strong> +49 160 18 17 696<br\/><strong>E-mail :<\/strong> <a href=\"mailto:info@sebworld-auktionen.de\">info@sebworld-auktionen.de<\/a><\/p>\n\n<p>Ici, vous pouvez soumettre des produits pour une vente aux ench\u00e8res en tant que client priv\u00e9 ou petit professionnel. Nous r\u00e9pondrons \u00e0 votre demande dans les plus brefs d\u00e9lais <\/p>\n\n<h3 class=\"wp-block-heading\">Formulaire de contact pour les demandes<\/h3>\n<form method=\"post\" class=\"acfe-form\" data-cid=\"69d8b79a8b03f\">\t<div id=\"acf-form-data\" class=\"acf-hidden\">\n\t\t<input type=\"hidden\" id=\"_acf_screen\" name=\"_acf_screen\" value=\"acfe_form\"\/><input type=\"hidden\" id=\"_acf_post_id\" name=\"_acf_post_id\" value=\"12365\"\/><input type=\"hidden\" id=\"_acf_validation\" name=\"_acf_validation\" value=\"1\"\/><input type=\"hidden\" id=\"_acf_form\" name=\"_acf_form\" value=\"MXNBM2ZrOXlsbDJVb0I3M213WWMxMUpNS0N3cW1aSkpHeVBDOHFjdHlWR0RCTVhjTldtdENRY2hTNEJRYXl0OVlvYmN5Y0o0K1JDNUxpL0NIUm96TVZpZlR0OEltdmdpaWtrN29XekNyREJ3aDhxcnBIYWVVNk1WdGtjbDRJd0hXVDhZSTU0RXROTmRXMk15ZGNxTFU1emZuVmZGYWRSdkp3eG1BZlRUSEFKMkZCc2RaMHFsU0dCeGZPQks0aWhjd1hpZnNDdGhuOThOb3VwQ3NhY05memU2VmxONnp3S1MycXppQW5OcUxSOGlrTktHT2w3SXp3endWNjQrb0JrNlFoNitvV296NHc3SzZCSVJ5aGY1NUVkaTlvaEp6d0JqWlo2MDA5Z1VleFhyVXQvNklaa3dlNndFUkdiZitjODZNaEVBVlRuRkRDVndzd2I3a29WcGR6aldKQkVaVSsxZVdaK2V0eXVIWHdybEU2NVlML1ZlbGxjMmp0eW9JVklzb3p0L1kwNzNYb0pQK1BEMFZreVBDMVkwYlB3WS90K0FlTzRFd09OOTFpdkw4MGNjc3dKRXpjV3VmTGd3MkE4M1pUbWNoNXFkOGFuOTVUN1U5WUlLR1ljbjd2ODhlb2FZbCtzN01CdXBvUDhKenRGT3ZlaEtqekFQejVFamVVSytSemtuYVdXYXlDRDdneU11S1l2US9NZ3ROMllqdkNqcVorUEZNek5XWVhuTG05TndRdUx5TldBQ01waTZJUUtOZEdwNnk0MFk2emU5WE01N0NuTzRwTFpQbFlqMnhDb1BYd0RaWWRUMDVaSTkzQkx5SEFzTmxnZUFkVnF2TVRJMHJVL2g4emtDK1ZMaThZRkFhZE1YWUhQZngxMGxTdVpMRjZ0dytibW5KbElTdUNkbGx6K0xVV2hjejNKZTF5cDBSN0YrNThxTk1yQWdFckFwUXNHOHVnQ3JZTEJjMzNvYnlDRGtPaHJ2MFdNVmxCcDBOYmdwbWJkcEhGUU4xVTlNWGYzWDVWTUcvUjEzUE9NTEFQOXF4dWIvSjUrRmNmYzRBQ056Q2VyL2Z5WlQ3cnRNV2dNZ21ZUUFQTW5kUjVsbUJVNFgxck5YT0JBM21vU1hsWVM1QldTMjkycnA4V3dGS2I0NWpiZGVES2NMem1nczF2My9xK0RQZ2w5aVRISUZjMWRKQm9QZUZqODZpeitQeUZaWkdwVHZUWDVXZnBqVUFPc2xPL3JONWpiSVhHUUdFaXhmU2VrdTFqbTdUTTE0dWNCMXR4SDM5UWh1ci9WNUlwSDFleHdUYyt2Qm5vTy8zb1NoNUM4SWpYS3BnWG9yb0lOdEdaTm9oN1RJTFByd0c0My9vZE9JcnladVM0cW9YdkxhL1IyZjhZYkN4NWlCdUhJeHd2TkV3R2lTb0diOFhtTnFXd1cwQU1iNTdmYk14ZUhGWGx0bkFkR0x5dys0R3QxY0JBZGtCRTBmYXFvNFFWZ1RWWUpRS09GNDVqdVRXUG5lNUZ4b3pLZFVRbm5vVHBOQVFidTExMjQ1TE5ZU0p1KzZuTWZqc3VqYkR4RFlUNnQzVkRoblphOEJtNG1uMFFvaXh1Vm5UZE5xSmNmc2xMelVwcUU1OGYwYmZvTlRsS3FXVlB3QTFwSlNTWm5lc2VDZzljWnptUWlsK0U0WEp2b2lrYWxaOFhDNnI1Sm5ITnpQbklVeGpYNEtNZEFwbmY5djkxd1l2ZE16UzJnSDdJSGhXZDJXMmk4aVYxemhwdHhKYUF6b3grNUp6L2FMNW1xVVdXdi9UWDJJTVNXNEVsRHBWaS9BYXdLb0tzZzV4NVh1TjZzc05VL1YvR0JKeWZYcGRFRmxZMStHMEpwSGU0aFJnc2NIUC94YmpqYkg3eW45V1pvSWV5bzhKdStyZnNPN0tSc3BNR3kvUTNvRGZiZ3pUQ3dOaXlPUE9Hd3Rya1FvUytFYjBGUzh4RUxWcDI1TFRaOHBudkRDbEhPdzkxdDFyRkxKLzNTRXFmaVI3eGFHZkpORG1TSUVLODhSOjq8IbEra42JQ94agf0HMBYD\"\/><input type=\"hidden\" id=\"_acf_nonce\" name=\"_acf_nonce\" value=\"2de9a639c2\"\/><input type=\"hidden\" id=\"_acf_changed\" name=\"_acf_changed\" value=\"0\"\/><input type=\"hidden\" id=\"_acf_location[post_id]\" name=\"_acf_location[post_id]\" value=\"12365\"\/>\t<\/div>\n\t<div class=\"acf-fields acf-form-fields -top\"><div class=\"acf-field acf-field-text acf-field--validate-email\" style=\"display:none !important;\" data-name=\"_validate_email\" data-type=\"text\" data-key=\"_validate_email\">\n<div class=\"acf-label\">\n<label for=\"acf-_validate_email\">Valider l\u2019e-mail<\/label><\/div>\n<div class=\"acf-input\">\n<div class=\"acf-input-wrap\"><input type=\"text\" id=\"acf-_validate_email\" name=\"acf[_validate_email]\"\/><\/div><\/div>\n<\/div>\n<div class=\"acf-field acf-field-text acf-field-687b5678c3752 is-required\" style=\"width:33%;\" data-name=\"vorname\" data-type=\"text\" data-key=\"field_687b5678c3752\" data-required=\"1\" data-width=\"33\">\n<div class=\"acf-label\">\n<label for=\"acf-field_687b5678c3752\">Vorname <span class=\"acf-required\">*<\/span><\/label><\/div>\n<div class=\"acf-input\">\n<div class=\"acf-input-wrap\"><input type=\"text\" id=\"acf-field_687b5678c3752\" name=\"acf[field_687b5678c3752]\" required=\"required\"\/><\/div><\/div>\n<\/div>\n<div class=\"acf-field acf-field-text acf-field-687b57cb44f9a is-required\" style=\"width:33%;\" data-name=\"nachname\" data-type=\"text\" data-key=\"field_687b57cb44f9a\" data-required=\"1\" data-width=\"33\">\n<div class=\"acf-label\">\n<label for=\"acf-field_687b57cb44f9a\">Nachname <span class=\"acf-required\">*<\/span><\/label><\/div>\n<div class=\"acf-input\">\n<div class=\"acf-input-wrap\"><input type=\"text\" id=\"acf-field_687b57cb44f9a\" name=\"acf[field_687b57cb44f9a]\" required=\"required\"\/><\/div><\/div>\n<\/div>\n<div class=\"acf-field acf-field-email acf-field-687b5697c3753 is-required\" style=\"width:33%;\" data-name=\"e-mail-adresse\" data-type=\"email\" data-key=\"field_687b5697c3753\" data-required=\"1\" data-width=\"33\">\n<div class=\"acf-label\">\n<label for=\"acf-field_687b5697c3753\">E-Mail-Adresse <span class=\"acf-required\">*<\/span><\/label><\/div>\n<div class=\"acf-input\">\n<div class=\"acf-input-wrap\"><input type=\"email\" id=\"acf-field_687b5697c3753\" name=\"acf[field_687b5697c3753]\" required=\"required\"\/><\/div><\/div>\n<\/div>\n<div class=\"acf-field acf-field-file acf-field-687b579544f99\" style=\"width:50%;\" data-name=\"bilder\" data-type=\"file\" data-key=\"field_687b579544f99\" data-width=\"50\">\n<div class=\"acf-label\">\n<label for=\"acf-field_687b579544f99\">Bilder<\/label><\/div>\n<div class=\"acf-input\">\n<div class=\"acf-file-uploader\" data-library=\"all\" data-mime_types=\"\" data-uploader=\"basic\">\n\t\t\t<input type=\"hidden\" name=\"acf[field_687b579544f99]\" value=\"\" data-name=\"id\"\/>\t<div class=\"show-if-value file-wrap\" tabindex=\"0\" role=\"button\" aria-label=\"Fichier s\u00e9lectionn\u00e9. Appuyer sur tabulation pour acc\u00e9der aux options du fichier.\">\n\t\t<div class=\"file-icon\">\n\t\t\t<img decoding=\"async\" data-name=\"icon\" src=\"\" alt=\"\"\/>\n\t\t<\/div>\n\t\t<div class=\"file-info\">\n\t\t\t<p>\n\t\t\t\t<strong data-name=\"title\"><\/strong>\n\t\t\t<\/p>\n\t\t\t<p>\n\t\t\t\t<strong>Nom du fichier:<\/strong>\n\t\t\t\t<a data-name=\"filename\" href=\"\" target=\"_blank\"><\/a>\n\t\t\t<\/p>\n\t\t\t<p>\n\t\t\t\t<strong>Taille du fichier:<\/strong>\n\t\t\t\t<span data-name=\"filesize\"><\/span>\n\t\t\t<\/p>\n\t\t<\/div>\n\t\t<div class=\"acf-actions -hover\">\n\t\t\t\t\t\t<a class=\"acf-icon -cancel dark\" data-name=\"remove\" href=\"#\" title=\"Retirer\" aria-label=\"Retirer le fichier\"><\/a>\n\t\t<\/div>\n\t<\/div>\n\t<div class=\"hide-if-value\">\n\t\t\t\t\t\t\n\t\t\t\t\t\t\t\n\t\t\t<label class=\"acf-basic-uploader\">\n\t\t\t\t<input type=\"file\" name=\"acf[field_687b579544f99]\" id=\"acf-field_687b579544f99\" key=\"field_687b579544f99\" \/><input type=\"hidden\" name=\"acf[field_687b579544f99_file_nonce]\" value=\"6c3f791145\" \/>\t\t\t<\/label>\n\t\t\t\n\t\t\t\t\n\t<\/div>\n<\/div>\n\t\t\t<\/div>\n<\/div>\n<div class=\"acf-field acf-field-select acf-field-687b57eb44f9b\" style=\"width:50%;\" data-name=\"zustand\" data-type=\"select\" data-key=\"field_687b57eb44f9b\" data-width=\"50\">\n<div class=\"acf-label\">\n<label for=\"acf-field_687b57eb44f9b\">Zustand<\/label><\/div>\n<div class=\"acf-input\">\n<select id=\"acf-field_687b57eb44f9b\" class=\"\" name=\"acf[field_687b57eb44f9b]\" data-ui=\"0\" data-ajax=\"0\" data-multiple=\"0\" data-placeholder=\"S\u00e9lectionner\" data-allow_null=\"0\"><option value=\"Neuwertig ohne Gebrauchsspuren\">Neuwertig ohne Gebrauchsspuren<\/option><option value=\"Leichte Gebrauchsspuren oder Kratzer\">Leichte Gebrauchsspuren oder Kratzer<\/option><option value=\"Deutliche Gebrauchsspuren\">Deutliche Gebrauchsspuren<\/option><\/select><\/div>\n<\/div>\n<div class=\"acf-field acf-field-textarea acf-field-687b56acc3754\" data-name=\"artikelbeschreibung\" data-type=\"textarea\" data-key=\"field_687b56acc3754\">\n<div class=\"acf-label\">\n<label for=\"acf-field_687b56acc3754\">Artikelbeschreibung<\/label><\/div>\n<div class=\"acf-input\">\n<textarea id=\"acf-field_687b56acc3754\" name=\"acf[field_687b56acc3754]\" rows=\"8\"><\/textarea><\/div>\n<\/div>\n<\/div>            <div class=\"acf-form-submit\">\r\n                \r\n                <input type=\"submit\" class=\"acf-button button button-primary button-large\" value=\"Senden\" \/>                <span class=\"acf-spinner\"><\/span>\r\n            <\/div>\r\n        <\/form>\n","protected":false},"excerpt":{"rendered":"<p>Sebworld AuctionsBonner Stra\u00dfe 4053842 TroisdorfAllemagne Support : +49 160 18 17 696E-mail : info@sebworld-auktionen.de Ici, vous pouvez soumettre des produits pour une vente aux ench\u00e8res en tant que client priv\u00e9 ou petit professionnel. Nous r\u00e9pondrons \u00e0 votre demande dans les plus brefs d\u00e9lais Formulaire de contact pour les demandes<\/p>\n","protected":false},"author":1,"featured_media":0,"parent":0,"menu_order":100,"comment_status":"closed","ping_status":"closed","template":"","meta":{"_acf_changed":false,"footnotes":""},"class_list":["post-12365","page","type-page","status-publish","hentry"],"acf":[],"_links":{"self":[{"href":"https:\/\/www.sebworld-auktionen.de\/fr\/wp-json\/wp\/v2\/pages\/12365","targetHints":{"allow":["GET"]}}],"collection":[{"href":"https:\/\/www.sebworld-auktionen.de\/fr\/wp-json\/wp\/v2\/pages"}],"about":[{"href":"https:\/\/www.sebworld-auktionen.de\/fr\/wp-json\/wp\/v2\/types\/page"}],"author":[{"embeddable":true,"href":"https:\/\/www.sebworld-auktionen.de\/fr\/wp-json\/wp\/v2\/users\/1"}],"replies":[{"embeddable":true,"href":"https:\/\/www.sebworld-auktionen.de\/fr\/wp-json\/wp\/v2\/comments?post=12365"}],"version-history":[{"count":1,"href":"https:\/\/www.sebworld-auktionen.de\/fr\/wp-json\/wp\/v2\/pages\/12365\/revisions"}],"predecessor-version":[{"id":12366,"href":"https:\/\/www.sebworld-auktionen.de\/fr\/wp-json\/wp\/v2\/pages\/12365\/revisions\/12366"}],"wp:attachment":[{"href":"https:\/\/www.sebworld-auktionen.de\/fr\/wp-json\/wp\/v2\/media?parent=12365"}],"curies":[{"name":"wp","href":"https:\/\/api.w.org\/{rel}","templated":true}]}}