{"id":12375,"date":"2025-05-12T15:19:19","date_gmt":"2025-05-12T13:19:19","guid":{"rendered":"https:\/\/www.sebworld-auktionen.de\/a-propos-de-nous"},"modified":"2026-04-08T15:23:08","modified_gmt":"2026-04-08T13:23:08","slug":"a-propos-de-nous","status":"publish","type":"page","link":"https:\/\/www.sebworld-auktionen.de\/fr\/a-propos-de-nous","title":{"rendered":"\u00c0 propos de nous"},"content":{"rendered":"\n<p><strong>Sebworld Auctions<\/strong> est la nouvelle plateforme pour tous ceux qui recherchent du mobilier de bureau de qualit\u00e9 d&rsquo;occasion \u00e0 des prix d\u00e9fiant toute concurrence. Qu&rsquo;il s&rsquo;agisse de meubles design d&rsquo;USM Haller, Vitra, Cassina ou Knoll, vous pouvez acheter des tables, des chaises, des fauteuils, des lampes et m\u00eame des plantes de style provenant de liquidations de sites, de d\u00e9stockages ou de faillites. Les meubles d&rsquo;occasion apportent du caract\u00e8re et de la qualit\u00e9 \u00e0 n&rsquo;importe quel bureau.  <\/p>\n","protected":false},"excerpt":{"rendered":"<p>Sebworld Auctions est la nouvelle plateforme pour tous ceux qui recherchent du mobilier de bureau de qualit\u00e9 d&rsquo;occasion \u00e0 des prix d\u00e9fiant toute concurrence. Qu&rsquo;il s&rsquo;agisse de meubles design d&rsquo;USM Haller, Vitra, Cassina ou Knoll, vous pouvez acheter des tables, des chaises, des fauteuils, des lampes et m\u00eame des plantes de style provenant de liquidations [&hellip;]<\/p>\n","protected":false},"author":1,"featured_media":0,"parent":0,"menu_order":50,"comment_status":"closed","ping_status":"closed","template":"","meta":{"_acf_changed":false,"footnotes":""},"class_list":["post-12375","page","type-page","status-publish","hentry"],"acf":[],"_links":{"self":[{"href":"https:\/\/www.sebworld-auktionen.de\/fr\/wp-json\/wp\/v2\/pages\/12375","targetHints":{"allow":["GET"]}}],"collection":[{"href":"https:\/\/www.sebworld-auktionen.de\/fr\/wp-json\/wp\/v2\/pages"}],"about":[{"href":"https:\/\/www.sebworld-auktionen.de\/fr\/wp-json\/wp\/v2\/types\/page"}],"author":[{"embeddable":true,"href":"https:\/\/www.sebworld-auktionen.de\/fr\/wp-json\/wp\/v2\/users\/1"}],"replies":[{"embeddable":true,"href":"https:\/\/www.sebworld-auktionen.de\/fr\/wp-json\/wp\/v2\/comments?post=12375"}],"version-history":[{"count":1,"href":"https:\/\/www.sebworld-auktionen.de\/fr\/wp-json\/wp\/v2\/pages\/12375\/revisions"}],"predecessor-version":[{"id":12376,"href":"https:\/\/www.sebworld-auktionen.de\/fr\/wp-json\/wp\/v2\/pages\/12375\/revisions\/12376"}],"wp:attachment":[{"href":"https:\/\/www.sebworld-auktionen.de\/fr\/wp-json\/wp\/v2\/media?parent=12375"}],"curies":[{"name":"wp","href":"https:\/\/api.w.org\/{rel}","templated":true}]}}