{"id":12495,"date":"2025-05-12T14:51:51","date_gmt":"2025-05-12T12:51:51","guid":{"rendered":"https:\/\/www.sebworld-auktionen.de\/mentions-legales"},"modified":"2026-04-08T15:32:37","modified_gmt":"2026-04-08T13:32:37","slug":"mentions-legales","status":"publish","type":"page","link":"https:\/\/www.sebworld-auktionen.de\/fr\/mentions-legales","title":{"rendered":"Mentions l\u00e9gales"},"content":{"rendered":"\n<p><strong>Soci\u00e9t\u00e9 Lutz Stohr &#8211; Sebworld<\/strong><br\/>Propri\u00e9taire : Lutz Stohr e. Kfm.<br\/>Bonner Stra\u00dfe 40<br\/>53842 Troisdorf<br\/>Allemagne<br\/>E-mail : info@sebworld.de<\/p>\n\n<p>Num\u00e9ro d&rsquo;identification de la taxe sur le chiffre d&rsquo;affaires : DE 812693843<br\/>Num\u00e9ro d&rsquo;entreprise : HRA 6484<\/p>\n\n<p>Coordonn\u00e9es bancaires<br\/>IBAN : DE45 3707 0024 0313 3899 02<br\/>BIC : DEUTDEDBKOE<br\/>Deutsche Bank<\/p>\n","protected":false},"excerpt":{"rendered":"<p>Soci\u00e9t\u00e9 Lutz Stohr &#8211; SebworldPropri\u00e9taire : Lutz Stohr e. Kfm.Bonner Stra\u00dfe 4053842 TroisdorfAllemagneE-mail : info@sebworld.de Num\u00e9ro d&rsquo;identification de la taxe sur le chiffre d&rsquo;affaires : DE 812693843Num\u00e9ro d&rsquo;entreprise : HRA 6484 Coordonn\u00e9es bancairesIBAN : DE45 3707 0024 0313 3899 02BIC : DEUTDEDBKOEDeutsche Bank<\/p>\n","protected":false},"author":1,"featured_media":0,"parent":0,"menu_order":101,"comment_status":"closed","ping_status":"closed","template":"","meta":{"_acf_changed":false,"footnotes":""},"class_list":["post-12495","page","type-page","status-publish","hentry"],"acf":[],"_links":{"self":[{"href":"https:\/\/www.sebworld-auktionen.de\/fr\/wp-json\/wp\/v2\/pages\/12495","targetHints":{"allow":["GET"]}}],"collection":[{"href":"https:\/\/www.sebworld-auktionen.de\/fr\/wp-json\/wp\/v2\/pages"}],"about":[{"href":"https:\/\/www.sebworld-auktionen.de\/fr\/wp-json\/wp\/v2\/types\/page"}],"author":[{"embeddable":true,"href":"https:\/\/www.sebworld-auktionen.de\/fr\/wp-json\/wp\/v2\/users\/1"}],"replies":[{"embeddable":true,"href":"https:\/\/www.sebworld-auktionen.de\/fr\/wp-json\/wp\/v2\/comments?post=12495"}],"version-history":[{"count":1,"href":"https:\/\/www.sebworld-auktionen.de\/fr\/wp-json\/wp\/v2\/pages\/12495\/revisions"}],"predecessor-version":[{"id":12496,"href":"https:\/\/www.sebworld-auktionen.de\/fr\/wp-json\/wp\/v2\/pages\/12495\/revisions\/12496"}],"wp:attachment":[{"href":"https:\/\/www.sebworld-auktionen.de\/fr\/wp-json\/wp\/v2\/media?parent=12495"}],"curies":[{"name":"wp","href":"https:\/\/api.w.org\/{rel}","templated":true}]}}