{"id":12517,"date":"2025-05-12T15:20:25","date_gmt":"2025-05-12T13:20:25","guid":{"rendered":"https:\/\/www.sebworld-auktionen.de\/pour-les-fournisseurs"},"modified":"2026-04-08T15:32:55","modified_gmt":"2026-04-08T13:32:55","slug":"pour-les-fournisseurs","status":"publish","type":"page","link":"https:\/\/www.sebworld-auktionen.de\/fr\/pour-les-fournisseurs","title":{"rendered":"Pour les fournisseurs"},"content":{"rendered":"\n<p>Vendre sur Sebworld Auctions.<\/p>\n<form method=\"post\" class=\"acfe-form\" data-cid=\"69d69d7ce7bfe\">\t<div id=\"acf-form-data\" class=\"acf-hidden\">\n\t\t<input type=\"hidden\" id=\"_acf_screen\" name=\"_acf_screen\" value=\"acfe_form\"\/><input type=\"hidden\" id=\"_acf_post_id\" name=\"_acf_post_id\" value=\"12517\"\/><input type=\"hidden\" id=\"_acf_validation\" name=\"_acf_validation\" value=\"1\"\/><input type=\"hidden\" id=\"_acf_form\" name=\"_acf_form\" value=\"QmpMVWloTlZSU2FkempXeHlFNUREKzR2VkZRR3FZRXRWbW1TQzJZQUluNktRRVJYYjlSWHNnUWwzWXcvdlhkd0p6YXV2Nm8vbFIyaFpabUxtUXZrU09VTC9iNTFmSU9aSnJIQkVyUHQ1OEpuc0dhY0l3dzVINEdZaXJPMFBydWVFVWRyMXU4MFpvcEQ2ZmNnd09oYUFwV1ExYnBCL25rdEY4WGhacWNiSlozc3pqOGI0YWg5WDkyZWRLdUZXYmRYd3BuK0czZnVWVDVqcGNlU3BXbGk4dzl6U0l6S0dQd2o0VWg4dlhXakdLdmtuL2s5dFNta0VkUVhyNVBLSzdVTU1BNkJKT1VaMDJCQlhRMW54WUhaWEk3eUNQam9tVktMREVuL2JMeklkbkRVU2xuKys4WVI5d09RVzBZc0IwTFNMc3lKR0o3NkxYSkRSTEcvbDdDRDFhRGZBanJSbDFmclJOdUQ5Rng1d2lScVRwYnJvejdDRlBpaVE5RFlLRGdQNFB1R2dHYi9Ka0RPbWwyMll5MDN0TVBMM0doSWkvb3NUalpRWkl1ZWdZNTRGVSs3WDVmbUJMTlhuSUtoL1Fhdnp4SWRFNGk2dWRmSXZ5bmlXYXhiRnRyd2xneGVaYXNrQjhvM0xWVHpyditPOVVGelF6cUhLNXZqLy9RNnlwV2ErUlMwWi9IY2FZTmkzakdiSTJ5WHBhK0cxelJFcTl6VzM5VTZ1elpXMm1lWnBkK1VnUlRXd3N6WTJZMUlMcCtwRlZUSUkyQUlUc1NkcUkwZDd6V3NwU3g1UkFkWmJBZURhbXhIbzZFQTdoUGtmNWZaTUpHNlV0dm9NL2Zoelk5VC9GVFVHMjMzVzY5V09TZU1DMjJYeG40VUJZSllDcFUrUzV1am5SOTRvNFRuWmZ3Vm9RaWVZSDI4SFhGLzJ2bFpObS9yblNaSTB6cWMwbG05L0xaZklWMUM4TmFVZGt2SkY1SmdKT3d0NEhNeUdhRlE1K09YUTUzbDIyK2N1Z3h6SUpiNWxxY0xCK0ZsaTR5clZVRWx4b0NKMEF6b0ZHdzMyZkRaRFF1MDVuVGEzUmlvLzNZOTdJZG1yVUk0dlBqbXVNaDZ6Ymwrc1hMeEI3ZzZRSzhZQU0xenlJTDBZME9RbmI2N0NFdjE5emNLQjFvSnZVTVUrQXBiV1Y0Y29ZZTdNYjQ5MVBuZDJFdlo4bm5Qaml0cmdlbXVGdzNPZFRCQlNkdys0MnpWV3JCMEZCRDJ1bUkvYkwyQnA4MmVuU0liZDlhcnpWQy9XaFdoNXYySWhqQmJXQ3ZMa0ZqLzNOSVZtdWJ1R1VHM2RDVHBXcTdKSjVsd0JxSG1sWkY2Wm1RM2Rob0JZY2lOVUhmSXI3NzlNRFBRbmhDcWZBY1dBcGtxRzlzS2dyQmpxVHVQMFRjek5lVDB0TkJHb1NMMGl5ZUMwVmpnWEVhckxTUG9sd211c0d1emdwY1VhRC9RQkw4UGtDeTdZYlZlYmRxZVpwUHdxcE5USkk4cW9wRFlxdUVlRk1pQjFJU01FK0FPcWxjMzFWU2w1d3pVUmJiRzYvOENXUExDY3pETVJGeDkrNmxLR2tncjZmQ2s2alFia09aVWN3VWdMY3UyTUlDY2dNVGdzcFlVZ2gvMFVrTEFnKzdMd2ZRSWZrQk1SZ3FoV0xoTDV4dHNqMWpaRXI1R0FJQlFYS2VhenpOUlNPSW1Na1lUOWZOOHd0U2JJbjhBdlRZdmtvN1ZYSTNVQ0Rnd1FQb3V4ZmJ3aTdaSHRVREd3VlhycC9NcjZGeldnbFhqR0xVU3JXSU16d0dBSG9xNXBiaXNiVE0yZFM2c09jY1FmemxnVHpXbndiRWhUdW1hWmtMU2FZNk10TWdwNVdhVDRRTUc2Y21malkzbnBOR1RqS2tjbmE5MkRabDJ3OGp6aEVFSkNMdzdZclRtQS9pcnlKSXdRZU1NVTFxVkVNTC9yWk8rMFVQT0cwR1ZSV25UdTczVXh3WlA3WTQxRXdPd2FlTks3UUVyVFJoNGpPWUgwczhvay9jYUNSbjhzeFR3eVg5enpWcnBzR2w3cXNiNWEzaGhpMlMxMnN5cWJ0b2RHMG03T3RQNzlkZ3JOeXFERXBHTXo2M0k4V0ZpVUd2bjVpU1dqQXp6bko2UEFUeENiVlVuZXZDa1NPa3AydXEvMVZYcG14NFJsaVNpMGp1bE4vM0wzR0pzazk5US9rR3RkbENEa25vandFQzBOTjVObFpsY2pjekltM2FPbHprOTFBZWRpbE1NcEUzNUVsVG9RT3hZdytyN3BEZVZGZWwwYTgrVlUwd3AwR0lxb0ZwWDRIc1d0U1hEcXdCOUpFWnZ6T3VUY2pWVC9sa05qU0JLVDd6b1MzZFhrS2xYbEhFbUlDTC9qZ1R1dW1KSTM2aWdlUUg3anQ1Y24valM1MU92aFhTeE5kSkpWVitXV0gyQnRDNzhMVjdYd0N6Y21TMUE1a2RWVjFSdnlMRkpnZlpacmxxek5xbHg4UzgvcUZnckhwdWJDZDU1MHExUk5GSEhMaUxaUU8wWGR2MU9QZzJnbHJ5RCtRVTFjWFAvakdGZExSWk1OSWJMWGxlOEQyekZkdVVQRExiWlovZXh3cTlyc3F3RDo61uyFd+eovL20kWc\/+CFa9Q==\"\/><input type=\"hidden\" id=\"_acf_nonce\" name=\"_acf_nonce\" value=\"c1f93c50fd\"\/><input type=\"hidden\" id=\"_acf_changed\" name=\"_acf_changed\" value=\"0\"\/><input type=\"hidden\" id=\"_acf_location[post_id]\" name=\"_acf_location[post_id]\" value=\"12517\"\/>\t<\/div>\n\t<div class=\"acf-fields acf-form-fields -top\"><div class=\"acf-field acf-field-text acf-field--validate-email\" style=\"display:none !important;\" data-name=\"_validate_email\" data-type=\"text\" data-key=\"_validate_email\">\n<div class=\"acf-label\">\n<label for=\"acf-_validate_email\">Valider l\u2019e-mail<\/label><\/div>\n<div class=\"acf-input\">\n<div class=\"acf-input-wrap\"><input type=\"text\" id=\"acf-_validate_email\" name=\"acf[_validate_email]\"\/><\/div><\/div>\n<\/div>\n<div class=\"acf-field acf-field-message acf-field-692191758b30f acfe-no-label\" data-type=\"message\" data-key=\"field_692191758b30f\">\n<div class=\"acf-label\">\n<\/div>\n<div class=\"acf-input\">\n<h3>Angaben zu den Artikeln<\/h3>\n<\/div>\n<\/div>\n<div class=\"acf-field acf-field-number acf-field-69218eac38c51 is-required\" style=\"width:50%;\" data-name=\"anzahl_der_artikel\" data-type=\"number\" data-key=\"field_69218eac38c51\" data-required=\"1\" data-width=\"50\">\n<div class=\"acf-label\">\n<label for=\"acf-field_69218eac38c51\">Anzahl der Artikel <span class=\"acf-required\">*<\/span><\/label><\/div>\n<div class=\"acf-input\">\n<div class=\"acf-input-wrap\"><input type=\"number\" id=\"acf-field_69218eac38c51\" name=\"acf[field_69218eac38c51]\" step=\"any\" required=\"required\"\/><\/div><\/div>\n<\/div>\n<div class=\"acf-field acf-field-text acf-field-69218ee038c52 is-required\" style=\"width:50%;\" data-name=\"standort_der_artikel\" data-type=\"text\" data-key=\"field_69218ee038c52\" data-required=\"1\" data-width=\"50\">\n<div class=\"acf-label\">\n<label for=\"acf-field_69218ee038c52\">Standort der Artikel <span class=\"acf-required\">*<\/span><\/label><\/div>\n<div class=\"acf-input\">\n<div class=\"acf-input-wrap\"><input type=\"text\" id=\"acf-field_69218ee038c52\" name=\"acf[field_69218ee038c52]\" required=\"required\"\/><\/div><\/div>\n<\/div>\n<div class=\"acf-field acf-field-select acf-field-69218eef38c53\" style=\"width:50%;\" data-name=\"zustand\" data-type=\"select\" data-key=\"field_69218eef38c53\" data-width=\"50\">\n<div class=\"acf-label\">\n<label for=\"acf-field_69218eef38c53\">Zustand<\/label><\/div>\n<div class=\"acf-input\">\n<select id=\"acf-field_69218eef38c53\" class=\"\" name=\"acf[field_69218eef38c53]\" data-ui=\"0\" data-ajax=\"0\" data-multiple=\"0\" data-placeholder=\"S\u00e9lectionner\" data-allow_null=\"0\"><option value=\"Sehr gut\">Sehr gut<\/option><option value=\"gut\">gut<\/option><option value=\"mittelm\u00e4\u00dfig\">mittelm\u00e4\u00dfig<\/option><option value=\"schlecht\">schlecht<\/option><\/select><\/div>\n<\/div>\n<div class=\"acf-field acf-field-text acf-field-69218fa238c56\" style=\"width:50%;\" data-name=\"raeumungstermin\" data-type=\"text\" data-key=\"field_69218fa238c56\" data-width=\"50\">\n<div class=\"acf-label\">\n<label for=\"acf-field_69218fa238c56\">Gew\u00fcnschter R\u00e4umungstermin<\/label><\/div>\n<div class=\"acf-input\">\n<div class=\"acf-input-wrap\"><input type=\"text\" id=\"acf-field_69218fa238c56\" name=\"acf[field_69218fa238c56]\"\/><\/div><\/div>\n<\/div>\n<div class=\"acf-field acf-field-file acf-field-698c935c973a9\" data-name=\"fotos\" data-type=\"file\" data-key=\"field_698c935c973a9\">\n<div class=\"acf-label\">\n<label for=\"acf-field_698c935c973a9\">Fotos<\/label><\/div>\n<div class=\"acf-input\">\n<div class=\"acf-file-uploader\" data-library=\"all\" data-mime_types=\"\" data-uploader=\"basic\">\n\t\t\t<input type=\"hidden\" name=\"acf[field_698c935c973a9]\" value=\"\" data-name=\"id\"\/>\t<div class=\"show-if-value file-wrap\" tabindex=\"0\" role=\"button\" aria-label=\"Fichier s\u00e9lectionn\u00e9. Appuyer sur tabulation pour acc\u00e9der aux options du fichier.\">\n\t\t<div class=\"file-icon\">\n\t\t\t<img decoding=\"async\" data-name=\"icon\" src=\"\" alt=\"\"\/>\n\t\t<\/div>\n\t\t<div class=\"file-info\">\n\t\t\t<p>\n\t\t\t\t<strong data-name=\"title\"><\/strong>\n\t\t\t<\/p>\n\t\t\t<p>\n\t\t\t\t<strong>Nom du fichier:<\/strong>\n\t\t\t\t<a data-name=\"filename\" href=\"\" target=\"_blank\"><\/a>\n\t\t\t<\/p>\n\t\t\t<p>\n\t\t\t\t<strong>Taille du fichier:<\/strong>\n\t\t\t\t<span data-name=\"filesize\"><\/span>\n\t\t\t<\/p>\n\t\t<\/div>\n\t\t<div class=\"acf-actions -hover\">\n\t\t\t\t\t\t<a class=\"acf-icon -cancel dark\" data-name=\"remove\" href=\"#\" title=\"Retirer\" aria-label=\"Retirer le fichier\"><\/a>\n\t\t<\/div>\n\t<\/div>\n\t<div class=\"hide-if-value\">\n\t\t\t\t\t\t\n\t\t\t\t\t\t\t\n\t\t\t<label class=\"acf-basic-uploader\">\n\t\t\t\t<input type=\"file\" name=\"acf[field_698c935c973a9]\" id=\"acf-field_698c935c973a9\" key=\"field_698c935c973a9\" \/><input type=\"hidden\" name=\"acf[field_698c935c973a9_file_nonce]\" value=\"6d82db0770\" \/>\t\t\t<\/label>\n\t\t\t\n\t\t\t\t\n\t<\/div>\n<\/div>\n\t\t\t<\/div>\n<\/div>\n<div class=\"acf-field acf-field-message acf-field-6921915073bc3 acfe-no-label\" data-type=\"message\" data-key=\"field_6921915073bc3\">\n<div class=\"acf-label\">\n<\/div>\n<div class=\"acf-input\">\n<h3>Angaben zum Anbieter<\/h3>\n<\/div>\n<\/div>\n<div class=\"acf-field acf-field-text acf-field-69218fc038c57 is-required\" style=\"width:50%;\" data-name=\"unternehmen\" data-type=\"text\" data-key=\"field_69218fc038c57\" data-required=\"1\" data-width=\"50\">\n<div class=\"acf-label\">\n<label for=\"acf-field_69218fc038c57\">Unternehmen <span class=\"acf-required\">*<\/span><\/label><\/div>\n<div class=\"acf-input\">\n<div class=\"acf-input-wrap\"><input type=\"text\" id=\"acf-field_69218fc038c57\" name=\"acf[field_69218fc038c57]\" required=\"required\"\/><\/div><\/div>\n<\/div>\n<div class=\"acf-field acf-field-text acf-field-69218fc538c58 is-required\" style=\"width:50%;\" data-name=\"name\" data-type=\"text\" data-key=\"field_69218fc538c58\" data-required=\"1\" data-width=\"50\">\n<div class=\"acf-label\">\n<label for=\"acf-field_69218fc538c58\">Name <span class=\"acf-required\">*<\/span><\/label><\/div>\n<div class=\"acf-input\">\n<div class=\"acf-input-wrap\"><input type=\"text\" id=\"acf-field_69218fc538c58\" name=\"acf[field_69218fc538c58]\" required=\"required\"\/><\/div><\/div>\n<\/div>\n<div class=\"acf-field acf-field-text acf-field-69218fd738c59 is-required\" style=\"width:50%;\" data-name=\"e-mail-adresse\" data-type=\"text\" data-key=\"field_69218fd738c59\" data-required=\"1\" data-width=\"50\">\n<div class=\"acf-label\">\n<label for=\"acf-field_69218fd738c59\">E-Mail-Adresse <span class=\"acf-required\">*<\/span><\/label><\/div>\n<div class=\"acf-input\">\n<div class=\"acf-input-wrap\"><input type=\"text\" id=\"acf-field_69218fd738c59\" name=\"acf[field_69218fd738c59]\" required=\"required\"\/><\/div><\/div>\n<\/div>\n<div class=\"acf-field acf-field-text acf-field-69218fdb38c5a is-required\" style=\"width:50%;\" data-name=\"telefonnummer\" data-type=\"text\" data-key=\"field_69218fdb38c5a\" data-required=\"1\" data-width=\"50\">\n<div class=\"acf-label\">\n<label for=\"acf-field_69218fdb38c5a\">Telefonnummer <span class=\"acf-required\">*<\/span><\/label><\/div>\n<div class=\"acf-input\">\n<div class=\"acf-input-wrap\"><input type=\"text\" id=\"acf-field_69218fdb38c5a\" name=\"acf[field_69218fdb38c5a]\" required=\"required\"\/><\/div><\/div>\n<\/div>\n<div class=\"acf-field acf-field-true-false acf-field-69218fef38c5b is-required\" data-name=\"datenschutz\" data-type=\"true_false\" data-key=\"field_69218fef38c5b\" data-required=\"1\">\n<div class=\"acf-label\">\n<label for=\"acf-field_69218fef38c5b\">Datenschutz <span class=\"acf-required\">*<\/span><\/label><\/div>\n<div class=\"acf-input\">\n<div class=\"acf-true-false\">\n\t\t\t<input type=\"hidden\" name=\"acf[field_69218fef38c5b]\" value=\"0\"\/>\t<label>\n\t\t<input type=\"checkbox\" id=\"acf-field_69218fef38c5b\" name=\"acf[field_69218fef38c5b]\" value=\"1\" class=\"\" autocomplete=\"off\"\/>\n\t\t\t\t\t\t\t\t\t\t<span class=\"message\">Mit dem Absenden dieses Kontaktformulars best\u00e4tige ich, dass ich der Verarbeitung und Speicherung meiner personenbezogenen Daten zustimme. Weitere Informationen finden Sie in unserer Datenschutzerkl\u00e4rung.<\/span>\t<\/label>\n<\/div>\n\t\t\t<\/div>\n<\/div>\n<\/div>            <div class=\"acf-form-submit\">\r\n                \r\n                <input type=\"submit\" class=\"acf-button button button-primary button-large\" value=\"Senden\" \/>                <span class=\"acf-spinner\"><\/span>\r\n            <\/div>\r\n        <\/form>\n","protected":false},"excerpt":{"rendered":"<p>Vendre sur Sebworld Auctions.<\/p>\n","protected":false},"author":1,"featured_media":0,"parent":0,"menu_order":30,"comment_status":"closed","ping_status":"closed","template":"","meta":{"_acf_changed":false,"footnotes":""},"class_list":["post-12517","page","type-page","status-publish","hentry"],"acf":[],"_links":{"self":[{"href":"https:\/\/www.sebworld-auktionen.de\/fr\/wp-json\/wp\/v2\/pages\/12517","targetHints":{"allow":["GET"]}}],"collection":[{"href":"https:\/\/www.sebworld-auktionen.de\/fr\/wp-json\/wp\/v2\/pages"}],"about":[{"href":"https:\/\/www.sebworld-auktionen.de\/fr\/wp-json\/wp\/v2\/types\/page"}],"author":[{"embeddable":true,"href":"https:\/\/www.sebworld-auktionen.de\/fr\/wp-json\/wp\/v2\/users\/1"}],"replies":[{"embeddable":true,"href":"https:\/\/www.sebworld-auktionen.de\/fr\/wp-json\/wp\/v2\/comments?post=12517"}],"version-history":[{"count":1,"href":"https:\/\/www.sebworld-auktionen.de\/fr\/wp-json\/wp\/v2\/pages\/12517\/revisions"}],"predecessor-version":[{"id":12518,"href":"https:\/\/www.sebworld-auktionen.de\/fr\/wp-json\/wp\/v2\/pages\/12517\/revisions\/12518"}],"wp:attachment":[{"href":"https:\/\/www.sebworld-auktionen.de\/fr\/wp-json\/wp\/v2\/media?parent=12517"}],"curies":[{"name":"wp","href":"https:\/\/api.w.org\/{rel}","templated":true}]}}