{"id":15783,"date":"2026-04-27T17:30:32","date_gmt":"2026-04-27T15:30:32","guid":{"rendered":"https:\/\/www.sebworld-auktionen.de\/produkt\/estampe-encadree-salvador-dali-cygnes-miroir-delephants"},"modified":"2026-04-27T17:30:32","modified_gmt":"2026-04-27T15:30:32","slug":"estampe-encadree-salvador-dali-cygnes-miroir-delephants","status":"publish","type":"product","link":"https:\/\/www.sebworld-auktionen.de\/fr\/lots\/estampe-encadree-salvador-dali-cygnes-miroir-delephants","title":{"rendered":"Estampe encadr\u00e9e \u00ab Salvador Dal\u00ed &#8211; Cygnes miroir d\u2019\u00e9l\u00e9phants \u00bb"},"content":{"rendered":"<p>Salvador Dal\u00ed &#8211; Cygnes miroir d\u2019\u00e9l\u00e9phants, 1937<br \/>\nImpression sur papier | Cadre m\u00e9tallique | H : 64cm | P : 84cm<\/p>\n","protected":false},"excerpt":{"rendered":"<p>Salvador Dal\u00ed &#8211; Cygnes miroir d\u2019\u00e9l\u00e9phants, 1937 Impression sur papier | Cadre m\u00e9tallique | H : 64cm | P : 84cm<\/p>\n","protected":false},"featured_media":15778,"template":"","meta":{"_acf_changed":false},"product_brand":[],"product_cat":[191],"product_tag":[],"class_list":{"0":"post-15783","1":"product","2":"type-product","3":"status-publish","4":"has-post-thumbnail","6":"product_cat-peintures","8":"first","9":"instock","10":"taxable","11":"shipping-taxable","12":"purchasable","13":"product-type-auction"},"acf":[],"_links":{"self":[{"href":"https:\/\/www.sebworld-auktionen.de\/fr\/wp-json\/wp\/v2\/product\/15783","targetHints":{"allow":["GET"]}}],"collection":[{"href":"https:\/\/www.sebworld-auktionen.de\/fr\/wp-json\/wp\/v2\/product"}],"about":[{"href":"https:\/\/www.sebworld-auktionen.de\/fr\/wp-json\/wp\/v2\/types\/product"}],"wp:featuredmedia":[{"embeddable":true,"href":"https:\/\/www.sebworld-auktionen.de\/fr\/wp-json\/wp\/v2\/media\/15778"}],"wp:attachment":[{"href":"https:\/\/www.sebworld-auktionen.de\/fr\/wp-json\/wp\/v2\/media?parent=15783"}],"wp:term":[{"taxonomy":"product_brand","embeddable":true,"href":"https:\/\/www.sebworld-auktionen.de\/fr\/wp-json\/wp\/v2\/product_brand?post=15783"},{"taxonomy":"product_cat","embeddable":true,"href":"https:\/\/www.sebworld-auktionen.de\/fr\/wp-json\/wp\/v2\/product_cat?post=15783"},{"taxonomy":"product_tag","embeddable":true,"href":"https:\/\/www.sebworld-auktionen.de\/fr\/wp-json\/wp\/v2\/product_tag?post=15783"}],"curies":[{"name":"wp","href":"https:\/\/api.w.org\/{rel}","templated":true}]}}