{"id":16167,"date":"2026-04-27T14:01:23","date_gmt":"2026-04-27T12:01:23","guid":{"rendered":"https:\/\/www.sebworld-auktionen.de\/produkt\/buffet-bosse-resine-blanc-vert"},"modified":"2026-04-27T14:01:23","modified_gmt":"2026-04-27T12:01:23","slug":"buffet-bosse-resine-blanc-vert","status":"publish","type":"product","link":"https:\/\/www.sebworld-auktionen.de\/fr\/lots\/buffet-bosse-resine-blanc-vert","title":{"rendered":"Buffet Bosse R\u00e9sine Blanc \/ Vert"},"content":{"rendered":"<p>R\u00e9sine synth\u00e9tique | Blanc \/ Vert | 2x porte \u00e0 ouverture lat\u00e9rale | 4x \u00e9tag\u00e8re interm\u00e9diaire | H : 130cm | P : 160cm | D : 44cm<\/p>\n","protected":false},"excerpt":{"rendered":"<p>R\u00e9sine synth\u00e9tique | Blanc \/ Vert | 2x porte \u00e0 ouverture lat\u00e9rale | 4x \u00e9tag\u00e8re interm\u00e9diaire | H : 130cm | P : 160cm | D : 44cm<\/p>\n","protected":false},"featured_media":15474,"template":"","meta":{"_acf_changed":false},"product_brand":[],"product_cat":[218],"product_tag":[],"class_list":{"0":"post-16167","1":"product","2":"type-product","3":"status-publish","4":"has-post-thumbnail","6":"product_cat-buffets","8":"first","9":"instock","10":"taxable","11":"shipping-taxable","12":"purchasable","13":"product-type-auction"},"acf":[],"_links":{"self":[{"href":"https:\/\/www.sebworld-auktionen.de\/fr\/wp-json\/wp\/v2\/product\/16167","targetHints":{"allow":["GET"]}}],"collection":[{"href":"https:\/\/www.sebworld-auktionen.de\/fr\/wp-json\/wp\/v2\/product"}],"about":[{"href":"https:\/\/www.sebworld-auktionen.de\/fr\/wp-json\/wp\/v2\/types\/product"}],"wp:featuredmedia":[{"embeddable":true,"href":"https:\/\/www.sebworld-auktionen.de\/fr\/wp-json\/wp\/v2\/media\/15474"}],"wp:attachment":[{"href":"https:\/\/www.sebworld-auktionen.de\/fr\/wp-json\/wp\/v2\/media?parent=16167"}],"wp:term":[{"taxonomy":"product_brand","embeddable":true,"href":"https:\/\/www.sebworld-auktionen.de\/fr\/wp-json\/wp\/v2\/product_brand?post=16167"},{"taxonomy":"product_cat","embeddable":true,"href":"https:\/\/www.sebworld-auktionen.de\/fr\/wp-json\/wp\/v2\/product_cat?post=16167"},{"taxonomy":"product_tag","embeddable":true,"href":"https:\/\/www.sebworld-auktionen.de\/fr\/wp-json\/wp\/v2\/product_tag?post=16167"}],"curies":[{"name":"wp","href":"https:\/\/api.w.org\/{rel}","templated":true}]}}