{"id":16403,"date":"2026-04-23T10:51:08","date_gmt":"2026-04-23T08:51:08","guid":{"rendered":"https:\/\/www.sebworld-auktionen.de\/produkt\/table-de-conference-usm-kitos-3x-lapalma-lem-plastic-white"},"modified":"2026-04-27T17:59:45","modified_gmt":"2026-04-27T15:59:45","slug":"table-de-conference-usm-kitos-3x-lapalma-lem-plastic-white","status":"publish","type":"product","link":"https:\/\/www.sebworld-auktionen.de\/fr\/lots\/table-de-conference-usm-kitos-3x-lapalma-lem-plastic-white","title":{"rendered":"Table de conf\u00e9rence USM Kitos \/ 3x Lapalma LEM Plastic White"},"content":{"rendered":"<p>Table : R\u00e9sine synth\u00e9tique | Noir | Cadre chrom\u00e9 | H : 106cm | \u00d8 : 100cm<br \/>\nChaises : Plastique | Blanc | H : 74-85cm | SH : 69-80cm | P : 35,5cm | D : 43cm<\/p>\n","protected":false},"excerpt":{"rendered":"<p>Table : R\u00e9sine synth\u00e9tique | Noir | Cadre chrom\u00e9 | H : 106cm | \u00d8 : 100cm Chaises : Plastique | Blanc | H : 74-85cm | SH : 69-80cm | P : 35,5cm | D : 43cm<\/p>\n","protected":false},"featured_media":15194,"template":"","meta":{"_acf_changed":false},"product_brand":[],"product_cat":[223],"product_tag":[],"class_list":{"0":"post-16403","1":"product","2":"type-product","3":"status-publish","4":"has-post-thumbnail","6":"product_cat-ensembles","8":"first","9":"instock","10":"taxable","11":"shipping-taxable","12":"purchasable","13":"product-type-auction"},"acf":[],"_links":{"self":[{"href":"https:\/\/www.sebworld-auktionen.de\/fr\/wp-json\/wp\/v2\/product\/16403","targetHints":{"allow":["GET"]}}],"collection":[{"href":"https:\/\/www.sebworld-auktionen.de\/fr\/wp-json\/wp\/v2\/product"}],"about":[{"href":"https:\/\/www.sebworld-auktionen.de\/fr\/wp-json\/wp\/v2\/types\/product"}],"wp:featuredmedia":[{"embeddable":true,"href":"https:\/\/www.sebworld-auktionen.de\/fr\/wp-json\/wp\/v2\/media\/15194"}],"wp:attachment":[{"href":"https:\/\/www.sebworld-auktionen.de\/fr\/wp-json\/wp\/v2\/media?parent=16403"}],"wp:term":[{"taxonomy":"product_brand","embeddable":true,"href":"https:\/\/www.sebworld-auktionen.de\/fr\/wp-json\/wp\/v2\/product_brand?post=16403"},{"taxonomy":"product_cat","embeddable":true,"href":"https:\/\/www.sebworld-auktionen.de\/fr\/wp-json\/wp\/v2\/product_cat?post=16403"},{"taxonomy":"product_tag","embeddable":true,"href":"https:\/\/www.sebworld-auktionen.de\/fr\/wp-json\/wp\/v2\/product_tag?post=16403"}],"curies":[{"name":"wp","href":"https:\/\/api.w.org\/{rel}","templated":true}]}}