{"id":16716,"date":"2026-04-20T14:03:19","date_gmt":"2026-04-20T12:03:19","guid":{"rendered":"https:\/\/www.sebworld-auktionen.de\/produkt\/buffet-usm-haller-2"},"modified":"2026-04-27T18:00:35","modified_gmt":"2026-04-27T16:00:35","slug":"buffet-usm-haller-2","status":"publish","type":"product","link":"https:\/\/www.sebworld-auktionen.de\/fr\/lots\/buffet-usm-haller-2","title":{"rendered":"Buffet USM Haller"},"content":{"rendered":"<p>2e g\u00e9n\u00e9ration | RAL 7035 gris clair | 3 portes articul\u00e9es | H : 74cm | P : 225cm | D : 35cm<\/p>\n","protected":false},"excerpt":{"rendered":"<p>2e g\u00e9n\u00e9ration | RAL 7035 gris clair | 3 portes articul\u00e9es | H : 74cm | P : 225cm | D : 35cm<\/p>\n","protected":false},"featured_media":14871,"template":"","meta":{"_acf_changed":false},"product_brand":[],"product_cat":[218],"product_tag":[],"class_list":{"0":"post-16716","1":"product","2":"type-product","3":"status-publish","4":"has-post-thumbnail","6":"product_cat-buffets","8":"first","9":"instock","10":"taxable","11":"shipping-taxable","12":"purchasable","13":"product-type-auction"},"acf":[],"_links":{"self":[{"href":"https:\/\/www.sebworld-auktionen.de\/fr\/wp-json\/wp\/v2\/product\/16716","targetHints":{"allow":["GET"]}}],"collection":[{"href":"https:\/\/www.sebworld-auktionen.de\/fr\/wp-json\/wp\/v2\/product"}],"about":[{"href":"https:\/\/www.sebworld-auktionen.de\/fr\/wp-json\/wp\/v2\/types\/product"}],"wp:featuredmedia":[{"embeddable":true,"href":"https:\/\/www.sebworld-auktionen.de\/fr\/wp-json\/wp\/v2\/media\/14871"}],"wp:attachment":[{"href":"https:\/\/www.sebworld-auktionen.de\/fr\/wp-json\/wp\/v2\/media?parent=16716"}],"wp:term":[{"taxonomy":"product_brand","embeddable":true,"href":"https:\/\/www.sebworld-auktionen.de\/fr\/wp-json\/wp\/v2\/product_brand?post=16716"},{"taxonomy":"product_cat","embeddable":true,"href":"https:\/\/www.sebworld-auktionen.de\/fr\/wp-json\/wp\/v2\/product_cat?post=16716"},{"taxonomy":"product_tag","embeddable":true,"href":"https:\/\/www.sebworld-auktionen.de\/fr\/wp-json\/wp\/v2\/product_tag?post=16716"}],"curies":[{"name":"wp","href":"https:\/\/api.w.org\/{rel}","templated":true}]}}