{"id":16901,"date":"2026-04-17T08:42:04","date_gmt":"2026-04-17T06:42:04","guid":{"rendered":"https:\/\/www.sebworld-auktionen.de\/produkt\/boite-de-rangement-usm-haller"},"modified":"2026-04-17T08:42:04","modified_gmt":"2026-04-17T06:42:04","slug":"boite-de-rangement-usm-haller","status":"publish","type":"product","link":"https:\/\/www.sebworld-auktionen.de\/fr\/lots\/boite-de-rangement-usm-haller","title":{"rendered":"Bo\u00eete de rangement USM Haller"},"content":{"rendered":"<p>2e g\u00e9n\u00e9ration | RAL 9010 blanc pur | H : 39cm | P : 25cm | D : 25cm<\/p>\n","protected":false},"excerpt":{"rendered":"<p>2e g\u00e9n\u00e9ration | RAL 9010 blanc pur | H : 39cm | P : 25cm | D : 25cm<\/p>\n","protected":false},"featured_media":14375,"template":"","meta":{"_acf_changed":false},"product_brand":[],"product_cat":[201],"product_tag":[],"class_list":{"0":"post-16901","1":"product","2":"type-product","3":"status-publish","4":"has-post-thumbnail","6":"product_cat-divers","8":"first","9":"instock","10":"taxable","11":"shipping-taxable","12":"purchasable","13":"product-type-auction"},"acf":[],"_links":{"self":[{"href":"https:\/\/www.sebworld-auktionen.de\/fr\/wp-json\/wp\/v2\/product\/16901","targetHints":{"allow":["GET"]}}],"collection":[{"href":"https:\/\/www.sebworld-auktionen.de\/fr\/wp-json\/wp\/v2\/product"}],"about":[{"href":"https:\/\/www.sebworld-auktionen.de\/fr\/wp-json\/wp\/v2\/types\/product"}],"wp:featuredmedia":[{"embeddable":true,"href":"https:\/\/www.sebworld-auktionen.de\/fr\/wp-json\/wp\/v2\/media\/14375"}],"wp:attachment":[{"href":"https:\/\/www.sebworld-auktionen.de\/fr\/wp-json\/wp\/v2\/media?parent=16901"}],"wp:term":[{"taxonomy":"product_brand","embeddable":true,"href":"https:\/\/www.sebworld-auktionen.de\/fr\/wp-json\/wp\/v2\/product_brand?post=16901"},{"taxonomy":"product_cat","embeddable":true,"href":"https:\/\/www.sebworld-auktionen.de\/fr\/wp-json\/wp\/v2\/product_cat?post=16901"},{"taxonomy":"product_tag","embeddable":true,"href":"https:\/\/www.sebworld-auktionen.de\/fr\/wp-json\/wp\/v2\/product_tag?post=16901"}],"curies":[{"name":"wp","href":"https:\/\/api.w.org\/{rel}","templated":true}]}}