{"id":16950,"date":"2026-04-20T13:44:32","date_gmt":"2026-04-20T11:44:32","guid":{"rendered":"https:\/\/www.sebworld-auktionen.de\/produkt\/buffet-usm-haller-4"},"modified":"2026-04-27T18:01:19","modified_gmt":"2026-04-27T16:01:19","slug":"buffet-usm-haller-4","status":"publish","type":"product","link":"https:\/\/www.sebworld-auktionen.de\/fr\/lots\/buffet-usm-haller-4","title":{"rendered":"Buffet USM Haller"},"content":{"rendered":"<p>2e g\u00e9n\u00e9ration | RAL 7035 gris clair | 1 porte articul\u00e9e | 2 porte abattante | sur roulettes | avec prise c\u00e2ble | H : 83cm | P : 75cm | D : 50cm<\/p>\n","protected":false},"excerpt":{"rendered":"<p>2e g\u00e9n\u00e9ration | RAL 7035 gris clair | 1 porte articul\u00e9e | 2 porte abattante | sur roulettes | avec prise c\u00e2ble | H : 83cm | P : 75cm | D : 50cm<\/p>\n","protected":false},"featured_media":14836,"template":"","meta":{"_acf_changed":false},"product_brand":[],"product_cat":[218],"product_tag":[],"class_list":{"0":"post-16950","1":"product","2":"type-product","3":"status-publish","4":"has-post-thumbnail","6":"product_cat-buffets","8":"first","9":"instock","10":"taxable","11":"shipping-taxable","12":"purchasable","13":"product-type-auction"},"acf":[],"_links":{"self":[{"href":"https:\/\/www.sebworld-auktionen.de\/fr\/wp-json\/wp\/v2\/product\/16950","targetHints":{"allow":["GET"]}}],"collection":[{"href":"https:\/\/www.sebworld-auktionen.de\/fr\/wp-json\/wp\/v2\/product"}],"about":[{"href":"https:\/\/www.sebworld-auktionen.de\/fr\/wp-json\/wp\/v2\/types\/product"}],"wp:featuredmedia":[{"embeddable":true,"href":"https:\/\/www.sebworld-auktionen.de\/fr\/wp-json\/wp\/v2\/media\/14836"}],"wp:attachment":[{"href":"https:\/\/www.sebworld-auktionen.de\/fr\/wp-json\/wp\/v2\/media?parent=16950"}],"wp:term":[{"taxonomy":"product_brand","embeddable":true,"href":"https:\/\/www.sebworld-auktionen.de\/fr\/wp-json\/wp\/v2\/product_brand?post=16950"},{"taxonomy":"product_cat","embeddable":true,"href":"https:\/\/www.sebworld-auktionen.de\/fr\/wp-json\/wp\/v2\/product_cat?post=16950"},{"taxonomy":"product_tag","embeddable":true,"href":"https:\/\/www.sebworld-auktionen.de\/fr\/wp-json\/wp\/v2\/product_tag?post=16950"}],"curies":[{"name":"wp","href":"https:\/\/api.w.org\/{rel}","templated":true}]}}