{"id":17156,"date":"2026-04-22T13:57:12","date_gmt":"2026-04-22T11:57:12","guid":{"rendered":"https:\/\/www.sebworld-auktionen.de\/produkt\/usm-haller-desk-herman-miller-aeron-artemide-tolomeo"},"modified":"2026-04-22T13:57:12","modified_gmt":"2026-04-22T11:57:12","slug":"usm-haller-desk-herman-miller-aeron-artemide-tolomeo","status":"publish","type":"product","link":"https:\/\/www.sebworld-auktionen.de\/fr\/lots\/usm-haller-desk-herman-miller-aeron-artemide-tolomeo","title":{"rendered":"USM Haller Desk \/ Herman Miller Aeron \/ Artemide Tolomeo"},"content":{"rendered":"<p>Table : R\u00e9sine synth\u00e9tique | Blanc | Cadre chrom\u00e9 | avec adaptateur lampe | H : 74cm | H : 175cm | D : 75cm<\/p>\n<p>Lampe : M\u00e9tal | Noir | H : jusqu\u2019\u00e0 110cm | \u00d8 : 15cm<\/p>\n<p>Chaise : Net | Noir | Cadre Noir | Hauteur r\u00e9glable | avec fonction bascule verrouillable | H : 97-110cm | SH : 45-58cm | E : 69cm | D : environ 60cm<\/p>\n","protected":false},"excerpt":{"rendered":"<p>Table : R\u00e9sine synth\u00e9tique | Blanc | Cadre chrom\u00e9 | avec adaptateur lampe | H : 74cm | H : 175cm | D : 75cm Lampe : M\u00e9tal | Noir | H : jusqu\u2019\u00e0 110cm | \u00d8 : 15cm Chaise : Net | Noir | Cadre Noir | Hauteur r\u00e9glable | avec fonction bascule verrouillable [&hellip;]<\/p>\n","protected":false},"featured_media":15044,"template":"","meta":{"_acf_changed":false},"product_brand":[],"product_cat":[223],"product_tag":[],"class_list":{"0":"post-17156","1":"product","2":"type-product","3":"status-publish","4":"has-post-thumbnail","6":"product_cat-ensembles","8":"first","9":"instock","10":"taxable","11":"shipping-taxable","12":"purchasable","13":"product-type-auction"},"acf":[],"_links":{"self":[{"href":"https:\/\/www.sebworld-auktionen.de\/fr\/wp-json\/wp\/v2\/product\/17156","targetHints":{"allow":["GET"]}}],"collection":[{"href":"https:\/\/www.sebworld-auktionen.de\/fr\/wp-json\/wp\/v2\/product"}],"about":[{"href":"https:\/\/www.sebworld-auktionen.de\/fr\/wp-json\/wp\/v2\/types\/product"}],"wp:featuredmedia":[{"embeddable":true,"href":"https:\/\/www.sebworld-auktionen.de\/fr\/wp-json\/wp\/v2\/media\/15044"}],"wp:attachment":[{"href":"https:\/\/www.sebworld-auktionen.de\/fr\/wp-json\/wp\/v2\/media?parent=17156"}],"wp:term":[{"taxonomy":"product_brand","embeddable":true,"href":"https:\/\/www.sebworld-auktionen.de\/fr\/wp-json\/wp\/v2\/product_brand?post=17156"},{"taxonomy":"product_cat","embeddable":true,"href":"https:\/\/www.sebworld-auktionen.de\/fr\/wp-json\/wp\/v2\/product_cat?post=17156"},{"taxonomy":"product_tag","embeddable":true,"href":"https:\/\/www.sebworld-auktionen.de\/fr\/wp-json\/wp\/v2\/product_tag?post=17156"}],"curies":[{"name":"wp","href":"https:\/\/api.w.org\/{rel}","templated":true}]}}